{"id":11014,"date":"2026-05-12T12:19:04","date_gmt":"2026-05-12T09:19:04","guid":{"rendered":"https:\/\/garana-jazz.ro\/?page_id=11014"},"modified":"2026-05-12T12:42:41","modified_gmt":"2026-05-12T09:42:41","slug":"vandercris","status":"publish","type":"page","link":"https:\/\/garana-jazz.ro\/en\/gjf-2026\/vandercris\/","title":{"rendered":"VANDERCRIS"},"content":{"rendered":"<div data-elementor-type=\"wp-page\" data-elementor-id=\"11014\" class=\"elementor elementor-11014\" data-elementor-post-type=\"page\">\n\t\t\t\t\t\t<section data-section-luminosity=\"dark\" data-lqd-section-scroll=\"true\" class=\"elementor-section elementor-top-section elementor-element elementor-element-41b2021a elementor-section-height-min-height elementor-section-items-bottom elementor-section-boxed elementor-section-height-default elementor-invisible\" data-id=\"41b2021a\" data-element_type=\"section\" data-settings=\"{&quot;background_background&quot;:&quot;classic&quot;,&quot;animation&quot;:&quot;fadeIn&quot;}\">\n\t\t\t\t\t\t\t<div class=\"elementor-background-overlay\"><\/div>\n\t\t\t\t\t\t\t<div class=\"elementor-container elementor-column-gap-default\">\n\t\t\t\t\t<div class=\"elementor-column elementor-col-100 elementor-top-column elementor-element elementor-element-38a8fa76\" data-id=\"38a8fa76\" data-element_type=\"column\">\n\t\t\t<div class=\"elementor-widget-wrap elementor-element-populated\">\n\t\t\t\t\t\t<div class=\"elementor-element elementor-element-2abf7b56 elementor-widget elementor-widget-spacer\" data-id=\"2abf7b56\" data-element_type=\"widget\" data-widget_type=\"spacer.default\">\n\t\t\t\t<div class=\"elementor-widget-container\">\n\t\t\t\t\t\t\t<div class=\"elementor-spacer\">\n\t\t\t<div class=\"elementor-spacer-inner\"><\/div>\n\t\t<\/div>\n\t\t\t\t\t\t<\/div>\n\t\t\t\t<\/div>\n\t\t\t\t<div class=\"elementor-element elementor-element-45ef3792 elementor-widget elementor-widget-hub_fancy_heading lqd-el-has-inner-anim\" data-id=\"45ef3792\" data-element_type=\"widget\" data-settings=\"{&quot;enable_split&quot;:&quot;true&quot;,&quot;split_type&quot;:&quot;chars, words&quot;}\" data-widget_type=\"hub_fancy_heading.default\">\n\t\t\t\t<div class=\"elementor-widget-container\">\n\t\t\t\t\t\n\t\t<div id=\"ld-fancy-heading-6a0326c0455ce\" class=\"ld-fancy-heading pos-rel\">\n\t\t\t<h1 class=\"ld-fh-element d-inline-block pos-rel  elementor-heading-title lqd-highlight-classic lqd-highlight-grow-left lqd-split-chars h1\"  data-split-text=\"true\" data-split-options='{\"type\":\"chars, words\"}'> VanDerCris <br>(Rom\u00e2nia)<\/h1>\t\t<\/div>\n\n\t\t\t\t\t\t<\/div>\n\t\t\t\t<\/div>\n\t\t\t\t<section class=\"elementor-section elementor-inner-section elementor-element elementor-element-51fa9dd0 elementor-section-boxed elementor-section-height-default elementor-section-height-default\" data-id=\"51fa9dd0\" data-element_type=\"section\">\n\t\t\t\t\t\t\t<div class=\"elementor-background-overlay\"><\/div>\n\t\t\t\t\t\t\t<div class=\"elementor-container elementor-column-gap-default\">\n\t\t\t\t\t<div class=\"elementor-column elementor-col-33 elementor-inner-column elementor-element elementor-element-196eb9f6\" data-id=\"196eb9f6\" data-element_type=\"column\">\n\t\t\t<div class=\"elementor-widget-wrap elementor-element-populated\">\n\t\t\t\t\t\t<div class=\"elementor-element elementor-element-3d1017a2 elementor-widget elementor-widget-hub_fancy_heading\" data-id=\"3d1017a2\" data-element_type=\"widget\" data-widget_type=\"hub_fancy_heading.default\">\n\t\t\t\t<div class=\"elementor-widget-container\">\n\t\t\t\t\t\n\t\t<div id=\"ld-fancy-heading-6a0326c0459f3\" class=\"ld-fancy-heading pos-rel\">\n\t\t\t<h4 class=\"ld-fh-element d-inline-block pos-rel  elementor-heading-title lqd-highlight-classic lqd-highlight-grow-left h4\"  > 11 IULIE 2026<\/h4>\t\t<\/div>\n\n\t\t\t\t\t\t<\/div>\n\t\t\t\t<\/div>\n\t\t\t\t\t<\/div>\n\t\t<\/div>\n\t\t\t\t<div class=\"elementor-column elementor-col-33 elementor-inner-column elementor-element elementor-element-6863249b\" data-id=\"6863249b\" data-element_type=\"column\">\n\t\t\t<div class=\"elementor-widget-wrap elementor-element-populated\">\n\t\t\t\t\t\t<div class=\"elementor-element elementor-element-2c47f5b0 elementor-widget elementor-widget-hub_fancy_heading\" data-id=\"2c47f5b0\" data-element_type=\"widget\" data-widget_type=\"hub_fancy_heading.default\">\n\t\t\t\t<div class=\"elementor-widget-container\">\n\t\t\t\t\t\n\t\t<div id=\"ld-fancy-heading-6a0326c045c80\" class=\"ld-fancy-heading pos-rel\">\n\t\t\t<p class=\"ld-fh-element d-inline-block pos-rel  lqd-highlight-classic lqd-highlight-grow-left p\"  > Experimental Stage - Biserica Catolic\u0103 V\u0103liug<\/p>\t\t<\/div>\n\n\t\t\t\t\t\t<\/div>\n\t\t\t\t<\/div>\n\t\t\t\t\t<\/div>\n\t\t<\/div>\n\t\t\t\t<div class=\"elementor-column elementor-col-33 elementor-inner-column elementor-element elementor-element-11323ba4\" data-id=\"11323ba4\" data-element_type=\"column\">\n\t\t\t<div class=\"elementor-widget-wrap elementor-element-populated\">\n\t\t\t\t\t\t<div class=\"elementor-element elementor-element-6802527d elementor-align-right elementor-tablet-align-left elementor-widget elementor-widget-ld_button\" data-id=\"6802527d\" data-element_type=\"widget\" data-widget_type=\"ld_button.default\">\n\t\t\t\t<div class=\"elementor-widget-container\">\n\t\t\t\t\t\n\t\t\t<a\n\t\t\t\thref=\"#asculta\"class=\"elementor-button btn btn-solid btn-icon-right btn-hover-reveal btn-has-label\"\t\t\t>\n\t\t\t\t\t\t\t\t\t<span data-text=\"Ascult\u0103\" class=\"btn-txt\">\n\t\t\t\t\t\tListen\t\t\t\t\t<\/span>\n\t\t\t\t\t\t\t\t\t\t\t\t\t\t<span class=\"btn-icon\">\n\t\t\t\t\t\t\t<i aria-hidden=\"true\" class=\"lqd-icn-ess icon-md-arrow-forward\"><\/i>\t\t\t\t\t\t<\/span>\n\t\t\t\t\t\t\t\t\t<\/a>\n\t\t\t\t\t\t\t<\/div>\n\t\t\t\t<\/div>\n\t\t\t\t\t<\/div>\n\t\t<\/div>\n\t\t\t\t\t<\/div>\n\t\t<\/section>\n\t\t\t\t\t<\/div>\n\t\t<\/div>\n\t\t\t\t\t<\/div>\n\t\t<\/section>\n\t\t\t\t<section data-section-luminosity=\"dark\" data-lqd-custom-cursor=\"true\" class=\"elementor-section elementor-top-section elementor-element elementor-element-72eb5cf9 elementor-section-height-min-height elementor-section-items-stretch elementor-section-content-middle elementor-section-boxed elementor-section-height-default\" data-id=\"72eb5cf9\" data-element_type=\"section\" data-settings=\"{&quot;background_background&quot;:&quot;classic&quot;}\">\n\t\t\t\t\t\t<div class=\"elementor-container elementor-column-gap-no\">\n\t\t\t\t\t<div data-custom-animations=\"true\" data-ca-options=\"{&quot;addChildTimelines&quot;:false,&quot;trigger&quot;:&quot;firstChild&quot;,&quot;animationTarget&quot;:&quot;:scope &gt; .elementor-widget-wrap &gt; .elementor-element &gt; .elementor-widget-container, :scope &gt; .elementor-widget-wrap &gt; .elementor-section &gt; .elementor-container &gt; .elementor-column &gt; .elementor-widget-wrap &gt; .elementor-element:not(.lqd-el-has-inner-anim) &gt; .elementor-widget-container, :scope &gt; .elementor-widget-wrap &gt; .elementor-widget-hub_fancy_heading .lqd-split-lines .lqd-lines .split-inner, :scope &gt; .elementor-widget-wrap &gt; .elementor-widget-hub_fancy_heading .lqd-split-words .lqd-words .split-inner, :scope &gt; .elementor-widget-wrap &gt; .elementor-widget-hub_fancy_heading .lqd-split-chars .lqd-chars .split-inner, :scope &gt; .elementor-widget-wrap &gt; .elementor-widget-ld_custom_menu .lqd-fancy-menu &gt; ul &gt; li&quot;,&quot;startDelay&quot;:800,&quot;ease&quot;:[&quot;power4.out&quot;],&quot;initValues&quot;:{&quot;y&quot;:&quot;25px&quot;,&quot;opacity&quot;:0,&quot;transformOrigin&quot;:&quot;50% 50% 0px&quot;},&quot;animations&quot;:{&quot;y&quot;:&quot;0px&quot;,&quot;opacity&quot;:1,&quot;transformOrigin&quot;:&quot;50% 50% 0px&quot;}}\" class=\"elementor-column elementor-col-100 elementor-top-column elementor-element elementor-element-333bb99a\" data-id=\"333bb99a\" data-element_type=\"column\">\n\t\t\t<div class=\"elementor-widget-wrap elementor-element-populated\">\n\t\t\t\t\t\t<section class=\"elementor-section elementor-inner-section elementor-element elementor-element-53de1aaf elementor-section-boxed elementor-section-height-default elementor-section-height-default\" data-id=\"53de1aaf\" data-element_type=\"section\">\n\t\t\t\t\t\t<div class=\"elementor-container elementor-column-gap-default\">\n\t\t\t\t\t<div class=\"elementor-column elementor-col-100 elementor-inner-column elementor-element elementor-element-4ebfd3bb\" data-id=\"4ebfd3bb\" data-element_type=\"column\">\n\t\t\t<div class=\"elementor-widget-wrap elementor-element-populated\">\n\t\t\t\t\t\t<div data-custom-animations=\"true\" data-ca-options=\"{&quot;addChildTimelines&quot;:false,&quot;trigger&quot;:&quot;firstChild&quot;,&quot;animationTarget&quot;:&quot;.lqd-split-lines .lqd-lines .split-inner, .lqd-adv-txt-fig&quot;,&quot;duration&quot;:1200,&quot;startDelay&quot;:100,&quot;delay&quot;:40,&quot;ease&quot;:&quot;bounce.in&quot;,&quot;direction&quot;:&quot;random&quot;,&quot;initValues&quot;:{&quot;opacity&quot;:0,&quot;transformOrigin&quot;:&quot;50% 50% 0px&quot;},&quot;animations&quot;:{&quot;opacity&quot;:1,&quot;transformOrigin&quot;:&quot;50% 50% 0px&quot;}}\" class=\"elementor-element elementor-element-160cc1bf elementor-widget elementor-widget-hub_fancy_heading lqd-el-has-inner-anim\" data-id=\"160cc1bf\" data-element_type=\"widget\" data-settings=\"{&quot;enable_split&quot;:&quot;true&quot;,&quot;split_type&quot;:&quot;lines&quot;}\" data-widget_type=\"hub_fancy_heading.default\">\n\t\t\t\t<div class=\"elementor-widget-container\">\n\t\t\t\t\t\n\t\t<div id=\"ld-fancy-heading-6a0326c04a0f0\" class=\"ld-fancy-heading pos-rel\">\n\t\t\t<p class=\"ld-fh-element d-inline-block pos-rel  lqd-highlight-classic lqd-highlight-grow-left lqd-split-lines p\"  data-split-text=\"true\" data-split-options='{\"type\":\"lines\"}'> Horea Cri\u0219ovan \u2013 guitar<br>\n\nD\u0103nu\u021b Blaga \u2013 bass<br>\n\nLucian Nagy \u2013 wind instruments<br>\n\nFlorin Cva\u0219a \u2013 baterie\n<br>\nMarcelle Poaty \u2013 pian\n\n <br><br>\n\nVanDerCris este una dintre trupele reprezentative ale Timi\u0219oarei, cu numeroase concerte \u00een \u021bar\u0103 \u0219i dincolo de grani\u021be. Liderul forma\u021biei, chitaristul Horea Cri\u0219ovan, c\u00e2\u0219tig\u0103tor al Premiului de excelen\u021b\u0103 pentru \u00eentreaga activitate \u00een cadrul Banat Jazz Awards 2017, este un muzician cu contribu\u021bii \u0219i apari\u021bii \u00een formule dintre cele mai diverse, de la rock \u0219i pop p\u00e2n\u0103 la muzic\u0103 simfonic\u0103 \u0219i de teatru. Activ \u00eenc\u0103 de la sf\u00e2r\u0219itul anilor \u201980, Cri\u0219ovan a c\u00e2ntat \u0219i a compus \u00een numeroase formule, de la Blazzaj \u0219i Mozart Rocks la Stepan Project, iar \u00een VanDerCris concentreaz\u0103 ast\u0103zi cea mai personal\u0103 direc\u021bie a sa, semn\u00e2nd majoritatea compozi\u021biilor. \u00cen 2021 a fost lansat primul album al forma\u021biei, Amazing tRACE.!<\/p>\t\t<\/div>\n\n\t\t\t\t\t\t<\/div>\n\t\t\t\t<\/div>\n\t\t\t\t\t<\/div>\n\t\t<\/div>\n\t\t\t\t\t<\/div>\n\t\t<\/section>\n\t\t\t\t<div class=\"elementor-element elementor-element-1b95dd8b elementor-widget-divider--view-line elementor-widget elementor-widget-divider\" data-id=\"1b95dd8b\" data-element_type=\"widget\" data-widget_type=\"divider.default\">\n\t\t\t\t<div class=\"elementor-widget-container\">\n\t\t\t\t\t\t\t<div class=\"elementor-divider\">\n\t\t\t<span class=\"elementor-divider-separator\">\n\t\t\t\t\t\t<\/span>\n\t\t<\/div>\n\t\t\t\t\t\t<\/div>\n\t\t\t\t<\/div>\n\t\t\t\t<section class=\"elementor-section elementor-inner-section elementor-element elementor-element-518bc0d6 elementor-section-boxed elementor-section-height-default elementor-section-height-default\" data-id=\"518bc0d6\" data-element_type=\"section\" id=\"asculta\">\n\t\t\t\t\t\t<div class=\"elementor-container elementor-column-gap-default\">\n\t\t\t\t\t<div class=\"elementor-column elementor-col-50 elementor-inner-column elementor-element elementor-element-29655bf9\" data-id=\"29655bf9\" data-element_type=\"column\">\n\t\t\t<div class=\"elementor-widget-wrap elementor-element-populated\">\n\t\t\t\t\t\t<div class=\"elementor-element elementor-element-236e9d4e elementor-widget elementor-widget-html\" data-id=\"236e9d4e\" data-element_type=\"widget\" data-widget_type=\"html.default\">\n\t\t\t\t<div class=\"elementor-widget-container\">\n\t\t\t\t\t<iframe style=\"border-radius:12px\" src=\"https:\/\/open.spotify.com\/embed\/artist\/6hk7BijKOxIVoz2gVmprqC?utm_source=generator\" width=\"100%\" height=\"352\" frameborder=\"0\" allowfullscreen=\"\" allow=\"autoplay; clipboard-write; encrypted-media; fullscreen; picture-in-picture\" loading=\"lazy\"><\/iframe>\t\t\t\t<\/div>\n\t\t\t\t<\/div>\n\t\t\t\t\t<\/div>\n\t\t<\/div>\n\t\t\t\t<div class=\"elementor-column elementor-col-50 elementor-inner-column elementor-element elementor-element-3f449d22\" data-id=\"3f449d22\" data-element_type=\"column\">\n\t\t\t<div class=\"elementor-widget-wrap elementor-element-populated\">\n\t\t\t\t\t\t<div class=\"elementor-element elementor-element-7e5716e9 elementor-widget elementor-widget-video\" data-id=\"7e5716e9\" data-element_type=\"widget\" data-settings=\"{&quot;youtube_url&quot;:&quot;https:\\\/\\\/www.youtube.com\\\/watch?v=8VHvK8C0Dzo&quot;,&quot;yt_privacy&quot;:&quot;yes&quot;,&quot;lazy_load&quot;:&quot;yes&quot;,&quot;video_type&quot;:&quot;youtube&quot;,&quot;controls&quot;:&quot;yes&quot;}\" data-widget_type=\"video.default\">\n\t\t\t\t<div class=\"elementor-widget-container\">\n\t\t\t\t\t\t\t<div class=\"elementor-wrapper elementor-open-inline\">\n\t\t\t<div class=\"elementor-video\"><\/div>\t\t<\/div>\n\t\t\t\t\t\t<\/div>\n\t\t\t\t<\/div>\n\t\t\t\t\t<\/div>\n\t\t<\/div>\n\t\t\t\t\t<\/div>\n\t\t<\/section>\n\t\t\t\t\t<\/div>\n\t\t<\/div>\n\t\t\t\t\t<\/div>\n\t\t<\/section>\n\t\t\t\t<\/div>","protected":false},"excerpt":{"rendered":"<p>VanDerCris (Rom\u00e2nia) 11 IULIE 2026 Experimental Stage &#8211; Biserica Catolic\u0103 V\u0103liug Ascult\u0103 Horea Cri\u0219ovan \u2013 chitar\u0103 D\u0103nu\u021b Blaga \u2013 bass Lucian Nagy \u2013 instrumente de suflat Florin Cva\u0219a \u2013 baterie Marcelle Poaty \u2013 pian VanDerCris este una dintre trupele reprezentative ale Timi\u0219oarei, cu numeroase concerte \u00een \u021bar\u0103 \u0219i dincolo de grani\u021be. Liderul forma\u021biei, chitaristul Horea [&hellip;]<\/p>","protected":false},"author":3,"featured_media":4940,"parent":10715,"menu_order":0,"comment_status":"closed","ping_status":"closed","template":"","meta":{"footnotes":""},"class_list":["post-11014","page","type-page","status-publish","has-post-thumbnail","hentry"],"_links":{"self":[{"href":"https:\/\/garana-jazz.ro\/en\/wp-json\/wp\/v2\/pages\/11014","targetHints":{"allow":["GET"]}}],"collection":[{"href":"https:\/\/garana-jazz.ro\/en\/wp-json\/wp\/v2\/pages"}],"about":[{"href":"https:\/\/garana-jazz.ro\/en\/wp-json\/wp\/v2\/types\/page"}],"author":[{"embeddable":true,"href":"https:\/\/garana-jazz.ro\/en\/wp-json\/wp\/v2\/users\/3"}],"replies":[{"embeddable":true,"href":"https:\/\/garana-jazz.ro\/en\/wp-json\/wp\/v2\/comments?post=11014"}],"version-history":[{"count":10,"href":"https:\/\/garana-jazz.ro\/en\/wp-json\/wp\/v2\/pages\/11014\/revisions"}],"predecessor-version":[{"id":11030,"href":"https:\/\/garana-jazz.ro\/en\/wp-json\/wp\/v2\/pages\/11014\/revisions\/11030"}],"up":[{"embeddable":true,"href":"https:\/\/garana-jazz.ro\/en\/wp-json\/wp\/v2\/pages\/10715"}],"wp:featuredmedia":[{"embeddable":true,"href":"https:\/\/garana-jazz.ro\/en\/wp-json\/wp\/v2\/media\/4940"}],"wp:attachment":[{"href":"https:\/\/garana-jazz.ro\/en\/wp-json\/wp\/v2\/media?parent=11014"}],"curies":[{"name":"wp","href":"https:\/\/api.w.org\/{rel}","templated":true}]}}