{"id":1753,"date":"2024-02-08T16:56:36","date_gmt":"2024-02-08T13:56:36","guid":{"rendered":"https:\/\/garana-jazz.mywp.ro\/?page_id=1753"},"modified":"2024-04-10T18:54:25","modified_gmt":"2024-04-10T15:54:25","slug":"practic","status":"publish","type":"page","link":"https:\/\/garana-jazz.ro\/en\/practic\/","title":{"rendered":"Practical"},"content":{"rendered":"<div data-elementor-type=\"wp-page\" data-elementor-id=\"1753\" class=\"elementor elementor-1753\" data-elementor-post-type=\"page\">\n\t\t\t\t\t\t<section data-lqd-section-scroll=\"true\" class=\"elementor-section elementor-top-section elementor-element elementor-element-1973f190 elementor-section-height-min-height elementor-section-items-bottom elementor-section-boxed elementor-section-height-default\" data-id=\"1973f190\" data-element_type=\"section\" data-settings=\"{&quot;background_background&quot;:&quot;classic&quot;}\">\n\t\t\t\t\t\t\t<div class=\"elementor-background-overlay\"><\/div>\n\t\t\t\t\t\t\t<div class=\"elementor-container elementor-column-gap-default\">\n\t\t\t\t\t<div class=\"elementor-column elementor-col-100 elementor-top-column elementor-element elementor-element-e9091aa\" data-id=\"e9091aa\" data-element_type=\"column\">\n\t\t\t<div class=\"elementor-widget-wrap elementor-element-populated\">\n\t\t\t\t\t\t<div class=\"elementor-element elementor-element-744cc95b elementor-widget elementor-widget-hub_fancy_heading\" data-id=\"744cc95b\" data-element_type=\"widget\" data-widget_type=\"hub_fancy_heading.default\">\n\t\t\t\t<div class=\"elementor-widget-container\">\n\t\t\t\t\t\n\t\t<div id=\"ld-fancy-heading-69f50978a1ac6\" class=\"ld-fancy-heading pos-rel\">\n\t\t\t<h1 class=\"ld-fh-element d-inline-block pos-rel  elementor-heading-title lqd-highlight-classic lqd-highlight-grow-left h1\"  > Festival Kit<\/h1>\t\t<\/div>\n\n\t\t\t\t\t\t<\/div>\n\t\t\t\t<\/div>\n\t\t\t\t\t<\/div>\n\t\t<\/div>\n\t\t\t\t\t<\/div>\n\t\t<\/section>\n\t\t\t\t<section data-lqd-section-scroll=\"true\" class=\"elementor-section elementor-top-section elementor-element elementor-element-af0df51 elementor-section-height-min-height elementor-section-boxed elementor-section-height-default elementor-section-items-middle\" data-id=\"af0df51\" data-element_type=\"section\" data-settings=\"{&quot;background_background&quot;:&quot;classic&quot;}\">\n\t\t\t\t\t\t<div class=\"elementor-container elementor-column-gap-default\">\n\t\t\t\t\t<div class=\"elementor-column elementor-col-100 elementor-top-column elementor-element elementor-element-7c21e04\" data-id=\"7c21e04\" data-element_type=\"column\">\n\t\t\t<div class=\"elementor-widget-wrap elementor-element-populated\">\n\t\t\t\t\t\t<div class=\"elementor-element elementor-element-5d720da elementor-widget elementor-widget-hub_fancy_heading\" data-id=\"5d720da\" data-element_type=\"widget\" data-widget_type=\"hub_fancy_heading.default\">\n\t\t\t\t<div class=\"elementor-widget-container\">\n\t\t\t\t\t\n\t\t<div id=\"ld-fancy-heading-69f50978a1fe8\" class=\"ld-fancy-heading pos-rel\">\n\t\t\t<h1 class=\"ld-fh-element d-inline-block pos-rel  elementor-heading-title lqd-highlight-classic lqd-highlight-grow-left h1\"  > There is a great compatibility betwen the festival location and the music it represents. Both will take you outside your comfort zone, but that's where beautiful things happen. To really enjoy the 4 days of jazz, but also the natural patrimony that deserves to be fully explored, here's what you need to follow:<\/h1>\t\t<\/div>\n\n\t\t\t\t\t\t<\/div>\n\t\t\t\t<\/div>\n\t\t\t\t<section class=\"elementor-section elementor-inner-section elementor-element elementor-element-4c2c6a6 elementor-section-full_width elementor-section-height-default elementor-section-height-default\" data-id=\"4c2c6a6\" data-element_type=\"section\">\n\t\t\t\t\t\t<div class=\"elementor-container elementor-column-gap-default\">\n\t\t\t\t\t<div class=\"elementor-column elementor-col-25 elementor-inner-column elementor-element elementor-element-732a243\" data-id=\"732a243\" data-element_type=\"column\">\n\t\t\t<div class=\"elementor-widget-wrap elementor-element-populated\">\n\t\t\t\t\t\t<div class=\"elementor-element elementor-element-631804b elementor-widget elementor-widget-ld_button\" data-id=\"631804b\" data-element_type=\"widget\" data-widget_type=\"ld_button.default\">\n\t\t\t\t<div class=\"elementor-widget-container\">\n\t\t\t\t\t\n\t\t\t<a\n\t\t\t\tclass=\"elementor-button btn btn-naked btn-hover-txt-liquid-y-alt btn-icon-shaped btn-has-label\" data-localscroll=\"1\" href=\"#vestimentatie-si-accesorii\" data-localscroll-options=\"{&quot;scrollSpeed&quot;:&quot;500&quot;}\"\t\t\t>\n\t\t\t\t\t\t\t\t\t<span data-text=\"VESTIMENTA\u021aIE \u0218I ACCESORII\" class=\"btn-txt\" data-transition-delay=\"true\" data-delay-options=\"{&quot;elements&quot;: &quot;.lqd-chars&quot;, &quot;delayType&quot;: &quot;animation&quot;, &quot;startDelay&quot;: 0, &quot;delayBetween&quot;: 32.5}\" data-split-text=\"true\" data-split-options=\"{&quot;type&quot;: &quot;chars, words&quot;}\">\n\t\t\t\t\t\tClothing and Accesories\t\t\t\t\t<\/span>\n\t\t\t\t\t\t\t\t\t\t\t<\/a>\n\t\t\t\t\t\t\t<\/div>\n\t\t\t\t<\/div>\n\t\t\t\t\t<\/div>\n\t\t<\/div>\n\t\t\t\t<div class=\"elementor-column elementor-col-25 elementor-inner-column elementor-element elementor-element-46d702a\" data-id=\"46d702a\" data-element_type=\"column\">\n\t\t\t<div class=\"elementor-widget-wrap elementor-element-populated\">\n\t\t\t\t\t\t<div class=\"elementor-element elementor-element-ad9cb31 elementor-widget elementor-widget-ld_button\" data-id=\"ad9cb31\" data-element_type=\"widget\" data-widget_type=\"ld_button.default\">\n\t\t\t\t<div class=\"elementor-widget-container\">\n\t\t\t\t\t\n\t\t\t<a\n\t\t\t\tclass=\"elementor-button btn btn-naked btn-hover-txt-liquid-y-alt btn-icon-shaped btn-has-label\" data-localscroll=\"1\" href=\"#pentru-confort\" data-localscroll-options=\"{&quot;scrollSpeed&quot;:&quot;500&quot;}\"\t\t\t>\n\t\t\t\t\t\t\t\t\t<span data-text=\"PENTRU CONFORT\" class=\"btn-txt\" data-transition-delay=\"true\" data-delay-options=\"{&quot;elements&quot;: &quot;.lqd-chars&quot;, &quot;delayType&quot;: &quot;animation&quot;, &quot;startDelay&quot;: 0, &quot;delayBetween&quot;: 32.5}\" data-split-text=\"true\" data-split-options=\"{&quot;type&quot;: &quot;chars, words&quot;}\">\n\t\t\t\t\t\tFor your comfort\t\t\t\t\t<\/span>\n\t\t\t\t\t\t\t\t\t\t\t<\/a>\n\t\t\t\t\t\t\t<\/div>\n\t\t\t\t<\/div>\n\t\t\t\t\t<\/div>\n\t\t<\/div>\n\t\t\t\t<div class=\"elementor-column elementor-col-25 elementor-inner-column elementor-element elementor-element-50f2537\" data-id=\"50f2537\" data-element_type=\"column\">\n\t\t\t<div class=\"elementor-widget-wrap elementor-element-populated\">\n\t\t\t\t\t\t<div class=\"elementor-element elementor-element-6742153 elementor-widget elementor-widget-ld_button\" data-id=\"6742153\" data-element_type=\"widget\" data-widget_type=\"ld_button.default\">\n\t\t\t\t<div class=\"elementor-widget-container\">\n\t\t\t\t\t\n\t\t\t<a\n\t\t\t\tclass=\"elementor-button btn btn-naked btn-hover-txt-liquid-y-alt btn-icon-shaped btn-has-label\" data-localscroll=\"1\" href=\"#electronice\" data-localscroll-options=\"{&quot;scrollSpeed&quot;:&quot;500&quot;}\"\t\t\t>\n\t\t\t\t\t\t\t\t\t<span data-text=\"ELECTRONICE\" class=\"btn-txt\" data-transition-delay=\"true\" data-delay-options=\"{&quot;elements&quot;: &quot;.lqd-chars&quot;, &quot;delayType&quot;: &quot;animation&quot;, &quot;startDelay&quot;: 0, &quot;delayBetween&quot;: 32.5}\" data-split-text=\"true\" data-split-options=\"{&quot;type&quot;: &quot;chars, words&quot;}\">\n\t\t\t\t\t\tElectronics\t\t\t\t\t<\/span>\n\t\t\t\t\t\t\t\t\t\t\t<\/a>\n\t\t\t\t\t\t\t<\/div>\n\t\t\t\t<\/div>\n\t\t\t\t\t<\/div>\n\t\t<\/div>\n\t\t\t\t<div class=\"elementor-column elementor-col-25 elementor-inner-column elementor-element elementor-element-a522a32\" data-id=\"a522a32\" data-element_type=\"column\">\n\t\t\t<div class=\"elementor-widget-wrap elementor-element-populated\">\n\t\t\t\t\t\t<div class=\"elementor-element elementor-element-d462342 elementor-widget elementor-widget-ld_button\" data-id=\"d462342\" data-element_type=\"widget\" data-widget_type=\"ld_button.default\">\n\t\t\t\t<div class=\"elementor-widget-container\">\n\t\t\t\t\t\n\t\t\t<a\n\t\t\t\tclass=\"elementor-button btn btn-naked btn-hover-txt-liquid-y-alt btn-icon-shaped btn-has-label\" data-localscroll=\"1\" href=\"#zona-comerciala\" data-localscroll-options=\"{&quot;scrollSpeed&quot;:&quot;500&quot;}\"\t\t\t>\n\t\t\t\t\t\t\t\t\t<span data-text=\"ZON\u0102 COMERCIAL\u0102\" class=\"btn-txt\" data-transition-delay=\"true\" data-delay-options=\"{&quot;elements&quot;: &quot;.lqd-chars&quot;, &quot;delayType&quot;: &quot;animation&quot;, &quot;startDelay&quot;: 0, &quot;delayBetween&quot;: 32.5}\" data-split-text=\"true\" data-split-options=\"{&quot;type&quot;: &quot;chars, words&quot;}\">\n\t\t\t\t\t\tComercial Area\t\t\t\t\t<\/span>\n\t\t\t\t\t\t\t\t\t\t\t<\/a>\n\t\t\t\t\t\t\t<\/div>\n\t\t\t\t<\/div>\n\t\t\t\t\t<\/div>\n\t\t<\/div>\n\t\t\t\t\t<\/div>\n\t\t<\/section>\n\t\t\t\t\t<\/div>\n\t\t<\/div>\n\t\t\t\t\t<\/div>\n\t\t<\/section>\n\t\t\t\t<section data-lqd-section-scroll=\"true\" class=\"elementor-section elementor-top-section elementor-element elementor-element-7c182ed5 elementor-section-height-full elementor-section-boxed elementor-section-height-default elementor-section-items-middle\" data-id=\"7c182ed5\" data-element_type=\"section\" id=\"vestimentatie-si-accesorii\" data-settings=\"{&quot;background_background&quot;:&quot;classic&quot;}\">\n\t\t\t\t\t\t\t<div class=\"elementor-background-overlay\"><\/div>\n\t\t\t\t\t\t\t<div class=\"elementor-container elementor-column-gap-default\">\n\t\t\t\t\t<div class=\"elementor-column elementor-col-50 elementor-top-column elementor-element elementor-element-215a3451\" data-id=\"215a3451\" data-element_type=\"column\">\n\t\t\t<div class=\"elementor-widget-wrap elementor-element-populated\">\n\t\t\t\t\t\t<div class=\"elementor-element elementor-element-6862c10d elementor-widget elementor-widget-hub_fancy_heading\" data-id=\"6862c10d\" data-element_type=\"widget\" data-widget_type=\"hub_fancy_heading.default\">\n\t\t\t\t<div class=\"elementor-widget-container\">\n\t\t\t\t\t\n\t\t<div id=\"ld-fancy-heading-69f50978a4aad\" class=\"ld-fancy-heading pos-rel\">\n\t\t\t<h2 class=\"ld-fh-element d-inline-block pos-rel  elementor-heading-title lqd-highlight-classic lqd-highlight-grow-left h2\"  > Clothing and Accesories<\/h2>\t\t<\/div>\n\n\t\t\t\t\t\t<\/div>\n\t\t\t\t<\/div>\n\t\t\t\t<div class=\"elementor-element elementor-element-2e6cfc23 elementor-widget elementor-widget-hub_fancy_heading\" data-id=\"2e6cfc23\" data-element_type=\"widget\" data-widget_type=\"hub_fancy_heading.default\">\n\t\t\t\t<div class=\"elementor-widget-container\">\n\t\t\t\t\t\n\t\t<div id=\"ld-fancy-heading-69f50978a4d34\" class=\"ld-fancy-heading pos-rel\">\n\t\t\t<h6 class=\"ld-fh-element d-inline-block pos-rel  elementor-heading-title lqd-highlight-classic lqd-highlight-grow-left h6\"  > Daytime<\/h6>\t\t<\/div>\n\n\t\t\t\t\t\t<\/div>\n\t\t\t\t<\/div>\n\t\t\t\t<div class=\"elementor-element elementor-element-e23e7a7 elementor-widget elementor-widget-hub_fancy_heading\" data-id=\"e23e7a7\" data-element_type=\"widget\" data-widget_type=\"hub_fancy_heading.default\">\n\t\t\t\t<div class=\"elementor-widget-container\">\n\t\t\t\t\t\n\t\t<div id=\"ld-fancy-heading-69f50978a4fb0\" class=\"ld-fancy-heading pos-rel\">\n\t\t\t<p class=\"ld-fh-element d-inline-block pos-rel  lqd-highlight-classic lqd-highlight-grow-left p\"  > Loose clothing, bathing suit (there are two lakes where you can swim) and sun screen.<\/p>\t\t<\/div>\n\n\t\t\t\t\t\t<\/div>\n\t\t\t\t<\/div>\n\t\t\t\t<div class=\"elementor-element elementor-element-1564bb3 elementor-widget elementor-widget-hub_fancy_heading\" data-id=\"1564bb3\" data-element_type=\"widget\" data-widget_type=\"hub_fancy_heading.default\">\n\t\t\t\t<div class=\"elementor-widget-container\">\n\t\t\t\t\t\n\t\t<div id=\"ld-fancy-heading-69f50978a5217\" class=\"ld-fancy-heading pos-rel\">\n\t\t\t<h6 class=\"ld-fh-element d-inline-block pos-rel  elementor-heading-title lqd-highlight-classic lqd-highlight-grow-left h6\"  > Evening<\/h6>\t\t<\/div>\n\n\t\t\t\t\t\t<\/div>\n\t\t\t\t<\/div>\n\t\t\t\t<div class=\"elementor-element elementor-element-7e5a6e2 elementor-widget elementor-widget-hub_fancy_heading\" data-id=\"7e5a6e2\" data-element_type=\"widget\" data-widget_type=\"hub_fancy_heading.default\">\n\t\t\t\t<div class=\"elementor-widget-container\">\n\t\t\t\t\t\n\t\t<div id=\"ld-fancy-heading-69f50978a5486\" class=\"ld-fancy-heading pos-rel\">\n\t\t\t<p class=\"ld-fh-element d-inline-block pos-rel  lqd-highlight-classic lqd-highlight-grow-left p\"  > Preg\u0103te\u0219te-te pentru vreme capricioas\u0103, pentru c\u0103 te afli \u00een mun\u021bi la o altitudine de 1000 de metri. Hainele groase n-ar trebuie s\u0103 lipseasc\u0103 din bagaje (hanorace, pulovere, jachete c\u0103lduroase) dar nici cizmele de cauciuc, pelerina de ploaie, umbrela \u0219i orice accesoriu impermeabil.<\/p>\t\t<\/div>\n\n\t\t\t\t\t\t<\/div>\n\t\t\t\t<\/div>\n\t\t\t\t\t<\/div>\n\t\t<\/div>\n\t\t\t\t<div class=\"elementor-column elementor-col-50 elementor-top-column elementor-element elementor-element-52a27b78\" data-id=\"52a27b78\" data-element_type=\"column\">\n\t\t\t<div class=\"elementor-widget-wrap\">\n\t\t\t\t\t\t\t<\/div>\n\t\t<\/div>\n\t\t\t\t\t<\/div>\n\t\t<\/section>\n\t\t\t\t<section data-lqd-section-scroll=\"true\" class=\"elementor-section elementor-top-section elementor-element elementor-element-d662fbd elementor-section-height-full elementor-section-boxed elementor-section-height-default elementor-section-items-middle\" data-id=\"d662fbd\" data-element_type=\"section\" id=\"pentru-confort\" data-settings=\"{&quot;background_background&quot;:&quot;classic&quot;}\">\n\t\t\t\t\t\t\t<div class=\"elementor-background-overlay\"><\/div>\n\t\t\t\t\t\t\t<div class=\"elementor-container elementor-column-gap-default\">\n\t\t\t\t\t<div class=\"elementor-column elementor-col-50 elementor-top-column elementor-element elementor-element-06bf955\" data-id=\"06bf955\" data-element_type=\"column\">\n\t\t\t<div class=\"elementor-widget-wrap\">\n\t\t\t\t\t\t\t<\/div>\n\t\t<\/div>\n\t\t\t\t<div class=\"elementor-column elementor-col-50 elementor-top-column elementor-element elementor-element-4447e7b\" data-id=\"4447e7b\" data-element_type=\"column\">\n\t\t\t<div class=\"elementor-widget-wrap elementor-element-populated\">\n\t\t\t\t\t\t<div class=\"elementor-element elementor-element-2fda5f7 elementor-widget elementor-widget-hub_fancy_heading\" data-id=\"2fda5f7\" data-element_type=\"widget\" data-widget_type=\"hub_fancy_heading.default\">\n\t\t\t\t<div class=\"elementor-widget-container\">\n\t\t\t\t\t\n\t\t<div id=\"ld-fancy-heading-69f50978a56e9\" class=\"ld-fancy-heading pos-rel\">\n\t\t\t<h2 class=\"ld-fh-element d-inline-block pos-rel  elementor-heading-title lqd-highlight-classic lqd-highlight-grow-left h2\"  > For your comfort<\/h2>\t\t<\/div>\n\n\t\t\t\t\t\t<\/div>\n\t\t\t\t<\/div>\n\t\t\t\t<div class=\"elementor-element elementor-element-dc3aefd elementor-widget elementor-widget-hub_fancy_heading\" data-id=\"dc3aefd\" data-element_type=\"widget\" data-widget_type=\"hub_fancy_heading.default\">\n\t\t\t\t<div class=\"elementor-widget-container\">\n\t\t\t\t\t\n\t\t<div id=\"ld-fancy-heading-69f50978a594c\" class=\"ld-fancy-heading pos-rel\">\n\t\t\t<p class=\"ld-fh-element d-inline-block pos-rel  lqd-highlight-classic lqd-highlight-grow-left p\"  > Saltelele de neopren, scaunele de camping \u0219i alte dispozitive de \u0219ezut sunt permise \u00een incinta festivalului. Campingul, cea mai popular\u0103 metod\u0103 de cazare \u00een zon\u0103, poate fi o op\u021biune foarte bun\u0103 pentru cei iubitori de natur\u0103. Elemente esen\u021biale: izopren, sac de dormit, lantern\u0103.<\/p>\t\t<\/div>\n\n\t\t\t\t\t\t<\/div>\n\t\t\t\t<\/div>\n\t\t\t\t\t<\/div>\n\t\t<\/div>\n\t\t\t\t\t<\/div>\n\t\t<\/section>\n\t\t\t\t<section data-lqd-section-scroll=\"true\" class=\"elementor-section elementor-top-section elementor-element elementor-element-3ea78b8 elementor-section-height-full elementor-section-boxed elementor-section-height-default elementor-section-items-middle\" data-id=\"3ea78b8\" data-element_type=\"section\" id=\"electronice\" data-settings=\"{&quot;background_background&quot;:&quot;slideshow&quot;,&quot;background_slideshow_gallery&quot;:[{&quot;id&quot;:1784,&quot;url&quot;:&quot;https:\\\/\\\/garana-jazz.ro\\\/wp-content\\\/uploads\\\/2024\\\/02\\\/INF7415-e1707419293185.jpg&quot;}],&quot;background_slideshow_slide_duration&quot;:4500,&quot;background_slideshow_loop&quot;:&quot;yes&quot;,&quot;background_slideshow_slide_transition&quot;:&quot;fade&quot;,&quot;background_slideshow_transition_duration&quot;:500}\">\n\t\t\t\t\t\t\t<div class=\"elementor-background-overlay\"><\/div>\n\t\t\t\t\t\t\t<div class=\"elementor-container elementor-column-gap-default\">\n\t\t\t\t\t<div class=\"elementor-column elementor-col-50 elementor-top-column elementor-element elementor-element-f4c318e\" data-id=\"f4c318e\" data-element_type=\"column\">\n\t\t\t<div class=\"elementor-widget-wrap elementor-element-populated\">\n\t\t\t\t\t\t<div class=\"elementor-element elementor-element-a2e048d elementor-widget elementor-widget-hub_fancy_heading\" data-id=\"a2e048d\" data-element_type=\"widget\" data-widget_type=\"hub_fancy_heading.default\">\n\t\t\t\t<div class=\"elementor-widget-container\">\n\t\t\t\t\t\n\t\t<div id=\"ld-fancy-heading-69f50978a5ba8\" class=\"ld-fancy-heading pos-rel\">\n\t\t\t<h2 class=\"ld-fh-element d-inline-block pos-rel  elementor-heading-title lqd-highlight-classic lqd-highlight-grow-left h2\"  > Electronics<\/h2>\t\t<\/div>\n\n\t\t\t\t\t\t<\/div>\n\t\t\t\t<\/div>\n\t\t\t\t<div class=\"elementor-element elementor-element-f627a87 elementor-widget elementor-widget-hub_fancy_heading\" data-id=\"f627a87\" data-element_type=\"widget\" data-widget_type=\"hub_fancy_heading.default\">\n\t\t\t\t<div class=\"elementor-widget-container\">\n\t\t\t\t\t\n\t\t<div id=\"ld-fancy-heading-69f50978a5e0a\" class=\"ld-fancy-heading pos-rel\">\n\t\t\t<p class=\"ld-fh-element d-inline-block pos-rel  lqd-highlight-classic lqd-highlight-grow-left p\"  > Exist\u0103 un num\u0103r limitat de prize pentru \u00eenc\u0103rcarea telefoanelor \u0219i a laptopurilor care pot fi folosite \u00een m\u0103sura disponibilit\u0103\u021bii. Nu uita aparatul foto \u2013 \u00eemprejurimile \u00ee\u021bi ofer\u0103 suficiente \u0219anse s\u0103-\u021bi faci amintiri de pus \u00een ram\u0103. Folosirea aparatelor foto este permis\u0103 DOAR \u00een primele 5 minute ale fiec\u0103rei reprezenta\u021bii.<\/p>\t\t<\/div>\n\n\t\t\t\t\t\t<\/div>\n\t\t\t\t<\/div>\n\t\t\t\t\t<\/div>\n\t\t<\/div>\n\t\t\t\t<div class=\"elementor-column elementor-col-50 elementor-top-column elementor-element elementor-element-69554cd\" data-id=\"69554cd\" data-element_type=\"column\">\n\t\t\t<div class=\"elementor-widget-wrap\">\n\t\t\t\t\t\t\t<\/div>\n\t\t<\/div>\n\t\t\t\t\t<\/div>\n\t\t<\/section>\n\t\t\t\t<section data-lqd-section-scroll=\"true\" class=\"elementor-section elementor-top-section elementor-element elementor-element-f828a27 elementor-section-height-min-height elementor-section-boxed elementor-section-height-default elementor-section-items-middle\" data-id=\"f828a27\" data-element_type=\"section\" id=\"zona-comerciala\" data-settings=\"{&quot;background_background&quot;:&quot;classic&quot;}\">\n\t\t\t\t\t\t\t<div class=\"elementor-background-overlay\"><\/div>\n\t\t\t\t\t\t\t<div class=\"elementor-container elementor-column-gap-default\">\n\t\t\t\t\t<div class=\"elementor-column elementor-col-50 elementor-top-column elementor-element elementor-element-60e6a0c\" data-id=\"60e6a0c\" data-element_type=\"column\">\n\t\t\t<div class=\"elementor-widget-wrap\">\n\t\t\t\t\t\t\t<\/div>\n\t\t<\/div>\n\t\t\t\t<div class=\"elementor-column elementor-col-50 elementor-top-column elementor-element elementor-element-b8528e4\" data-id=\"b8528e4\" data-element_type=\"column\">\n\t\t\t<div class=\"elementor-widget-wrap elementor-element-populated\">\n\t\t\t\t\t\t<div class=\"elementor-element elementor-element-18b7b99 elementor-widget elementor-widget-hub_fancy_heading\" data-id=\"18b7b99\" data-element_type=\"widget\" data-widget_type=\"hub_fancy_heading.default\">\n\t\t\t\t<div class=\"elementor-widget-container\">\n\t\t\t\t\t\n\t\t<div id=\"ld-fancy-heading-69f50978a606b\" class=\"ld-fancy-heading pos-rel\">\n\t\t\t<h2 class=\"ld-fh-element d-inline-block pos-rel  elementor-heading-title lqd-highlight-classic lqd-highlight-grow-left h2\"  > Comercial Area<\/h2>\t\t<\/div>\n\n\t\t\t\t\t\t<\/div>\n\t\t\t\t<\/div>\n\t\t\t\t<div class=\"elementor-element elementor-element-b5c6fd8 elementor-widget elementor-widget-hub_fancy_heading\" data-id=\"b5c6fd8\" data-element_type=\"widget\" data-widget_type=\"hub_fancy_heading.default\">\n\t\t\t\t<div class=\"elementor-widget-container\">\n\t\t\t\t\t\n\t\t<div id=\"ld-fancy-heading-69f50978a62c8\" class=\"ld-fancy-heading pos-rel\">\n\t\t\t<p class=\"ld-fh-element d-inline-block pos-rel  lqd-highlight-classic lqd-highlight-grow-left p\"  > \u00cen arealul festivalului ai la dispozi\u021bie posibilit\u0103\u021bi variate de m\u00e2ncare \u0219i b\u0103utur\u0103, deschise pe timp de zi \u0219i pe timp de sear\u0103. IMPORTANT: nu exist\u0103 bancomat \u00een zon\u0103. Plata cu cardul se face doar la anumi\u021bi comercian\u021bi. Te sf\u0103tuim s\u0103 fii preg\u0103tit cu bani cash.<\/p>\t\t<\/div>\n\n\t\t\t\t\t\t<\/div>\n\t\t\t\t<\/div>\n\t\t\t\t\t<\/div>\n\t\t<\/div>\n\t\t\t\t\t<\/div>\n\t\t<\/section>\n\t\t\t\t<\/div>","protected":false},"excerpt":{"rendered":"<p>Festival Kit Exist\u0103 o compatibilitate mare \u00eentre locul festivalului \u0219i muzica pe care o reprezint\u0103. Ambele te duc \u00een afara zonei de confort, dar se spune c\u0103 acolo se \u00eent\u00e2mpl\u0103 lucrurile frumoase. Ca s\u0103 te bucuri din plin de cele 4 zile de jazz, dar \u0219i de patrimoniul natural care merit\u0103 explorat la maxim, iata [&hellip;]<\/p>","protected":false},"author":3,"featured_media":1779,"parent":0,"menu_order":0,"comment_status":"closed","ping_status":"closed","template":"","meta":{"footnotes":""},"class_list":["post-1753","page","type-page","status-publish","has-post-thumbnail","hentry"],"_links":{"self":[{"href":"https:\/\/garana-jazz.ro\/en\/wp-json\/wp\/v2\/pages\/1753","targetHints":{"allow":["GET"]}}],"collection":[{"href":"https:\/\/garana-jazz.ro\/en\/wp-json\/wp\/v2\/pages"}],"about":[{"href":"https:\/\/garana-jazz.ro\/en\/wp-json\/wp\/v2\/types\/page"}],"author":[{"embeddable":true,"href":"https:\/\/garana-jazz.ro\/en\/wp-json\/wp\/v2\/users\/3"}],"replies":[{"embeddable":true,"href":"https:\/\/garana-jazz.ro\/en\/wp-json\/wp\/v2\/comments?post=1753"}],"version-history":[{"count":0,"href":"https:\/\/garana-jazz.ro\/en\/wp-json\/wp\/v2\/pages\/1753\/revisions"}],"wp:featuredmedia":[{"embeddable":true,"href":"https:\/\/garana-jazz.ro\/en\/wp-json\/wp\/v2\/media\/1779"}],"wp:attachment":[{"href":"https:\/\/garana-jazz.ro\/en\/wp-json\/wp\/v2\/media?parent=1753"}],"curies":[{"name":"wp","href":"https:\/\/api.w.org\/{rel}","templated":true}]}}