{"id":5128,"date":"2024-02-14T22:07:49","date_gmt":"2024-02-14T19:07:49","guid":{"rendered":"https:\/\/garana-jazz.mywp.ro\/?page_id=5128"},"modified":"2024-02-14T22:10:41","modified_gmt":"2024-02-14T19:10:41","slug":"vincent-courtois-west","status":"publish","type":"page","link":"https:\/\/garana-jazz.ro\/en\/gjf-2022\/vincent-courtois-west\/","title":{"rendered":"VINCENT COURTOIS \u2013 WEST"},"content":{"rendered":"<div data-elementor-type=\"wp-page\" data-elementor-id=\"5128\" class=\"elementor elementor-5128\" data-elementor-post-type=\"page\">\n\t\t\t\t\t\t<section data-section-luminosity=\"dark\" data-lqd-section-scroll=\"true\" class=\"elementor-section elementor-top-section elementor-element elementor-element-5543648f elementor-section-height-min-height elementor-section-items-bottom elementor-section-boxed elementor-section-height-default elementor-invisible\" data-id=\"5543648f\" data-element_type=\"section\" data-settings=\"{&quot;background_background&quot;:&quot;classic&quot;,&quot;animation&quot;:&quot;fadeIn&quot;}\">\n\t\t\t\t\t\t\t<div class=\"elementor-background-overlay\"><\/div>\n\t\t\t\t\t\t\t<div class=\"elementor-container elementor-column-gap-default\">\n\t\t\t\t\t<div class=\"elementor-column elementor-col-100 elementor-top-column elementor-element elementor-element-7cc16175\" data-id=\"7cc16175\" data-element_type=\"column\">\n\t\t\t<div class=\"elementor-widget-wrap elementor-element-populated\">\n\t\t\t\t\t\t<div class=\"elementor-element elementor-element-355a14d5 elementor-widget elementor-widget-spacer\" data-id=\"355a14d5\" data-element_type=\"widget\" data-widget_type=\"spacer.default\">\n\t\t\t\t<div class=\"elementor-widget-container\">\n\t\t\t\t\t\t\t<div class=\"elementor-spacer\">\n\t\t\t<div class=\"elementor-spacer-inner\"><\/div>\n\t\t<\/div>\n\t\t\t\t\t\t<\/div>\n\t\t\t\t<\/div>\n\t\t\t\t<div class=\"elementor-element elementor-element-26fa7038 elementor-widget elementor-widget-hub_fancy_heading lqd-el-has-inner-anim\" data-id=\"26fa7038\" data-element_type=\"widget\" data-settings=\"{&quot;enable_split&quot;:&quot;true&quot;,&quot;split_type&quot;:&quot;chars, words&quot;}\" data-widget_type=\"hub_fancy_heading.default\">\n\t\t\t\t<div class=\"elementor-widget-container\">\n\t\t\t\t\t\n\t\t<div id=\"ld-fancy-heading-69e90c8b27550\" class=\"ld-fancy-heading pos-rel\">\n\t\t\t<h1 class=\"ld-fh-element d-inline-block pos-rel  elementor-heading-title lqd-highlight-classic lqd-highlight-grow-left lqd-split-chars h1\"  data-split-text=\"true\" data-split-options='{\"type\":\"chars, words\"}'> Vincent Courtois \u2013 West (solo)<br> (Fran\u021ba)<\/h1>\t\t<\/div>\n\n\t\t\t\t\t\t<\/div>\n\t\t\t\t<\/div>\n\t\t\t\t<section class=\"elementor-section elementor-inner-section elementor-element elementor-element-749d92e elementor-section-boxed elementor-section-height-default elementor-section-height-default\" data-id=\"749d92e\" data-element_type=\"section\">\n\t\t\t\t\t\t\t<div class=\"elementor-background-overlay\"><\/div>\n\t\t\t\t\t\t\t<div class=\"elementor-container elementor-column-gap-default\">\n\t\t\t\t\t<div class=\"elementor-column elementor-col-33 elementor-inner-column elementor-element elementor-element-3fc35ae\" data-id=\"3fc35ae\" data-element_type=\"column\">\n\t\t\t<div class=\"elementor-widget-wrap elementor-element-populated\">\n\t\t\t\t\t\t<div class=\"elementor-element elementor-element-2234a053 elementor-widget elementor-widget-hub_fancy_heading\" data-id=\"2234a053\" data-element_type=\"widget\" data-widget_type=\"hub_fancy_heading.default\">\n\t\t\t\t<div class=\"elementor-widget-container\">\n\t\t\t\t\t\n\t\t<div id=\"ld-fancy-heading-69e90c8b278d0\" class=\"ld-fancy-heading pos-rel\">\n\t\t\t<h4 class=\"ld-fh-element d-inline-block pos-rel  elementor-heading-title lqd-highlight-classic lqd-highlight-grow-left h4\"  > 8 July 2022<\/h4>\t\t<\/div>\n\n\t\t\t\t\t\t<\/div>\n\t\t\t\t<\/div>\n\t\t\t\t\t<\/div>\n\t\t<\/div>\n\t\t\t\t<div class=\"elementor-column elementor-col-33 elementor-inner-column elementor-element elementor-element-3df05ed8\" data-id=\"3df05ed8\" data-element_type=\"column\">\n\t\t\t<div class=\"elementor-widget-wrap elementor-element-populated\">\n\t\t\t\t\t\t<div class=\"elementor-element elementor-element-6b47e6c6 elementor-widget elementor-widget-hub_fancy_heading\" data-id=\"6b47e6c6\" data-element_type=\"widget\" data-widget_type=\"hub_fancy_heading.default\">\n\t\t\t\t<div class=\"elementor-widget-container\">\n\t\t\t\t\t\n\t\t<div id=\"ld-fancy-heading-69e90c8b27b76\" class=\"ld-fancy-heading pos-rel\">\n\t\t\t<p class=\"ld-fh-element d-inline-block pos-rel  lqd-highlight-classic lqd-highlight-grow-left p\"  > Experimental Stage empowered by UniCredit Bank, V\u0103liug<\/p>\t\t<\/div>\n\n\t\t\t\t\t\t<\/div>\n\t\t\t\t<\/div>\n\t\t\t\t\t<\/div>\n\t\t<\/div>\n\t\t\t\t<div class=\"elementor-column elementor-col-33 elementor-inner-column elementor-element elementor-element-5bfd6b10\" data-id=\"5bfd6b10\" data-element_type=\"column\">\n\t\t\t<div class=\"elementor-widget-wrap elementor-element-populated\">\n\t\t\t\t\t\t<div class=\"elementor-element elementor-element-61e53771 elementor-align-right elementor-tablet-align-left elementor-widget elementor-widget-ld_button\" data-id=\"61e53771\" data-element_type=\"widget\" data-widget_type=\"ld_button.default\">\n\t\t\t\t<div class=\"elementor-widget-container\">\n\t\t\t\t\t\n\t\t\t<a\n\t\t\t\thref=\"#asculta\"class=\"elementor-button btn btn-solid btn-icon-right btn-hover-reveal btn-has-label\"\t\t\t>\n\t\t\t\t\t\t\t\t\t<span data-text=\"Ascult\u0103\" class=\"btn-txt\">\n\t\t\t\t\t\tListen\t\t\t\t\t<\/span>\n\t\t\t\t\t\t\t\t\t\t\t\t\t\t<span class=\"btn-icon\">\n\t\t\t\t\t\t\t<i aria-hidden=\"true\" class=\"lqd-icn-ess icon-md-arrow-forward\"><\/i>\t\t\t\t\t\t<\/span>\n\t\t\t\t\t\t\t\t\t<\/a>\n\t\t\t\t\t\t\t<\/div>\n\t\t\t\t<\/div>\n\t\t\t\t\t<\/div>\n\t\t<\/div>\n\t\t\t\t\t<\/div>\n\t\t<\/section>\n\t\t\t\t\t<\/div>\n\t\t<\/div>\n\t\t\t\t\t<\/div>\n\t\t<\/section>\n\t\t\t\t<section data-section-luminosity=\"dark\" data-lqd-custom-cursor=\"true\" class=\"elementor-section elementor-top-section elementor-element elementor-element-7b87d8b7 elementor-section-height-min-height elementor-section-items-stretch elementor-section-content-middle elementor-section-boxed elementor-section-height-default\" data-id=\"7b87d8b7\" data-element_type=\"section\" data-settings=\"{&quot;background_background&quot;:&quot;classic&quot;}\">\n\t\t\t\t\t\t<div class=\"elementor-container elementor-column-gap-no\">\n\t\t\t\t\t<div data-custom-animations=\"true\" data-ca-options=\"{&quot;addChildTimelines&quot;:false,&quot;trigger&quot;:&quot;firstChild&quot;,&quot;animationTarget&quot;:&quot;:scope &gt; .elementor-widget-wrap &gt; .elementor-element &gt; .elementor-widget-container, :scope &gt; .elementor-widget-wrap &gt; .elementor-section &gt; .elementor-container &gt; .elementor-column &gt; .elementor-widget-wrap &gt; .elementor-element:not(.lqd-el-has-inner-anim) &gt; .elementor-widget-container, :scope &gt; .elementor-widget-wrap &gt; .elementor-widget-hub_fancy_heading .lqd-split-lines .lqd-lines .split-inner, :scope &gt; .elementor-widget-wrap &gt; .elementor-widget-hub_fancy_heading .lqd-split-words .lqd-words .split-inner, :scope &gt; .elementor-widget-wrap &gt; .elementor-widget-hub_fancy_heading .lqd-split-chars .lqd-chars .split-inner, :scope &gt; .elementor-widget-wrap &gt; .elementor-widget-ld_custom_menu .lqd-fancy-menu &gt; ul &gt; li&quot;,&quot;startDelay&quot;:800,&quot;ease&quot;:[&quot;power4.out&quot;],&quot;initValues&quot;:{&quot;y&quot;:&quot;25px&quot;,&quot;opacity&quot;:0,&quot;transformOrigin&quot;:&quot;50% 50% 0px&quot;},&quot;animations&quot;:{&quot;y&quot;:&quot;0px&quot;,&quot;opacity&quot;:1,&quot;transformOrigin&quot;:&quot;50% 50% 0px&quot;}}\" class=\"elementor-column elementor-col-100 elementor-top-column elementor-element elementor-element-1ce339c6\" data-id=\"1ce339c6\" data-element_type=\"column\">\n\t\t\t<div class=\"elementor-widget-wrap elementor-element-populated\">\n\t\t\t\t\t\t<section class=\"elementor-section elementor-inner-section elementor-element elementor-element-dd1b7ed elementor-section-boxed elementor-section-height-default elementor-section-height-default\" data-id=\"dd1b7ed\" data-element_type=\"section\">\n\t\t\t\t\t\t<div class=\"elementor-container elementor-column-gap-default\">\n\t\t\t\t\t<div class=\"elementor-column elementor-col-100 elementor-inner-column elementor-element elementor-element-1f7d718\" data-id=\"1f7d718\" data-element_type=\"column\">\n\t\t\t<div class=\"elementor-widget-wrap elementor-element-populated\">\n\t\t\t\t\t\t<div data-custom-animations=\"true\" data-ca-options=\"{&quot;addChildTimelines&quot;:false,&quot;trigger&quot;:&quot;firstChild&quot;,&quot;animationTarget&quot;:&quot;.lqd-split-lines .lqd-lines .split-inner, .lqd-adv-txt-fig&quot;,&quot;duration&quot;:1200,&quot;startDelay&quot;:100,&quot;delay&quot;:40,&quot;ease&quot;:&quot;bounce.in&quot;,&quot;direction&quot;:&quot;random&quot;,&quot;initValues&quot;:{&quot;opacity&quot;:0,&quot;transformOrigin&quot;:&quot;50% 50% 0px&quot;},&quot;animations&quot;:{&quot;opacity&quot;:1,&quot;transformOrigin&quot;:&quot;50% 50% 0px&quot;}}\" class=\"elementor-element elementor-element-71b95753 elementor-widget elementor-widget-hub_fancy_heading lqd-el-has-inner-anim\" data-id=\"71b95753\" data-element_type=\"widget\" data-settings=\"{&quot;enable_split&quot;:&quot;true&quot;,&quot;split_type&quot;:&quot;lines&quot;}\" data-widget_type=\"hub_fancy_heading.default\">\n\t\t\t\t<div class=\"elementor-widget-container\">\n\t\t\t\t\t\n\t\t<div id=\"ld-fancy-heading-69e90c8b297a3\" class=\"ld-fancy-heading pos-rel\">\n\t\t\t<p class=\"ld-fh-element d-inline-block pos-rel  lqd-highlight-classic lqd-highlight-grow-left lqd-split-lines p\"  data-split-text=\"true\" data-split-options='{\"type\":\"lines\"}'> Friday, 8th July 2022, 11 am, French cellist Vincent Courtois will open the series of concerts in the Valiug Catholic Church with a solo concert entitled West. \u201cI feel that my music has become more precise, evolving towards an ideal point or place \u2013 wonderful spaces, melodious silences, monumental scapes through which you can travel on intimate paths with the help of hidden, mysterious maps\u201d says Courtois in his description of the album West, released in 2015 at ECM Records. \n<br><br>\nVincent Courtois is a remarkable cellist on the contemporary jazz scene. Supported by experience and multiple influences, he developed his own, unique form of musical exploration. His creative process is based on musical relationships, on equilibrium of personalities and energies, on the impact of the cello, on images and silence. Some of his most remarkable projects are: Pendulum Quartet, with Julien Lourau (1993), the album Marvellous with Michel Petrucciani, Tony Williams and Dave Holland, Napoli\u2019s Walls with Louis Sclavis, Ernest et C\u00e9lestine with Louis Sclavis, Dominique Pifar\u00e9ly, Michel Godard and Fran\u00e7ois Couturier (2012) and West with Daniel Erdmann, Robin Fincker and Benjamin Moussay (2015).<\/p>\t\t<\/div>\n\n\t\t\t\t\t\t<\/div>\n\t\t\t\t<\/div>\n\t\t\t\t\t<\/div>\n\t\t<\/div>\n\t\t\t\t\t<\/div>\n\t\t<\/section>\n\t\t\t\t<div class=\"elementor-element elementor-element-e17fc50 elementor-widget-divider--view-line elementor-widget elementor-widget-divider\" data-id=\"e17fc50\" data-element_type=\"widget\" data-widget_type=\"divider.default\">\n\t\t\t\t<div class=\"elementor-widget-container\">\n\t\t\t\t\t\t\t<div class=\"elementor-divider\">\n\t\t\t<span class=\"elementor-divider-separator\">\n\t\t\t\t\t\t<\/span>\n\t\t<\/div>\n\t\t\t\t\t\t<\/div>\n\t\t\t\t<\/div>\n\t\t\t\t<section class=\"elementor-section elementor-inner-section elementor-element elementor-element-6aa503fc elementor-section-boxed elementor-section-height-default elementor-section-height-default\" data-id=\"6aa503fc\" data-element_type=\"section\" id=\"asculta\">\n\t\t\t\t\t\t<div class=\"elementor-container elementor-column-gap-default\">\n\t\t\t\t\t<div class=\"elementor-column elementor-col-50 elementor-inner-column elementor-element elementor-element-434b8abe\" data-id=\"434b8abe\" data-element_type=\"column\">\n\t\t\t<div class=\"elementor-widget-wrap elementor-element-populated\">\n\t\t\t\t\t\t<div class=\"elementor-element elementor-element-5513b7e elementor-widget elementor-widget-html\" data-id=\"5513b7e\" data-element_type=\"widget\" data-widget_type=\"html.default\">\n\t\t\t\t<div class=\"elementor-widget-container\">\n\t\t\t\t\t<iframe style=\"border-radius:12px\" src=\"https:\/\/open.spotify.com\/embed\/album\/34Wqx2skmP0NMWCSrZ79pr?utm_source=generator\" width=\"100%\" height=\"352\" frameborder=\"0\" allowfullscreen=\"\" allow=\"autoplay; clipboard-write; encrypted-media; fullscreen; picture-in-picture\" loading=\"lazy\"><\/iframe>\t\t\t\t<\/div>\n\t\t\t\t<\/div>\n\t\t\t\t\t<\/div>\n\t\t<\/div>\n\t\t\t\t<div class=\"elementor-column elementor-col-50 elementor-inner-column elementor-element elementor-element-11778e35\" data-id=\"11778e35\" data-element_type=\"column\">\n\t\t\t<div class=\"elementor-widget-wrap elementor-element-populated\">\n\t\t\t\t\t\t<div class=\"elementor-element elementor-element-4582fe88 elementor-widget elementor-widget-video\" data-id=\"4582fe88\" data-element_type=\"widget\" data-settings=\"{&quot;youtube_url&quot;:&quot;https:\\\/\\\/www.youtube.com\\\/watch?v=SZk_SijXtQw&amp;list=PLiFDMuV1V728T-ZzjwOmt6hViXII3Vzlr&quot;,&quot;yt_privacy&quot;:&quot;yes&quot;,&quot;lazy_load&quot;:&quot;yes&quot;,&quot;video_type&quot;:&quot;youtube&quot;,&quot;controls&quot;:&quot;yes&quot;}\" data-widget_type=\"video.default\">\n\t\t\t\t<div class=\"elementor-widget-container\">\n\t\t\t\t\t\t\t<div class=\"elementor-wrapper elementor-open-inline\">\n\t\t\t<div class=\"elementor-video\"><\/div>\t\t<\/div>\n\t\t\t\t\t\t<\/div>\n\t\t\t\t<\/div>\n\t\t\t\t\t<\/div>\n\t\t<\/div>\n\t\t\t\t\t<\/div>\n\t\t<\/section>\n\t\t\t\t\t<\/div>\n\t\t<\/div>\n\t\t\t\t\t<\/div>\n\t\t<\/section>\n\t\t\t\t<\/div>","protected":false},"excerpt":{"rendered":"<p>Vincent Courtois \u2013 West (solo) (Fran\u021ba) 8 IULIE 2022 Experimental Stage empowered by UniCredit Bank, V\u0103liug Ascult\u0103 Vineri, 8 iulie 2022, ora 11:00, violoncelistul francez Vincent Courtois va deschide seria concertelor de la Biserica Catolic\u0103 din V\u0103liug cu un concert solo intitulat West. \u201eSimt c\u0103 muzica mea a devenit mai precis\u0103, evolu\u00e2nd c\u0103tre un punct [&hellip;]<\/p>","protected":false},"author":3,"featured_media":5129,"parent":4845,"menu_order":0,"comment_status":"closed","ping_status":"closed","template":"","meta":{"footnotes":""},"class_list":["post-5128","page","type-page","status-publish","has-post-thumbnail","hentry"],"_links":{"self":[{"href":"https:\/\/garana-jazz.ro\/en\/wp-json\/wp\/v2\/pages\/5128","targetHints":{"allow":["GET"]}}],"collection":[{"href":"https:\/\/garana-jazz.ro\/en\/wp-json\/wp\/v2\/pages"}],"about":[{"href":"https:\/\/garana-jazz.ro\/en\/wp-json\/wp\/v2\/types\/page"}],"author":[{"embeddable":true,"href":"https:\/\/garana-jazz.ro\/en\/wp-json\/wp\/v2\/users\/3"}],"replies":[{"embeddable":true,"href":"https:\/\/garana-jazz.ro\/en\/wp-json\/wp\/v2\/comments?post=5128"}],"version-history":[{"count":0,"href":"https:\/\/garana-jazz.ro\/en\/wp-json\/wp\/v2\/pages\/5128\/revisions"}],"up":[{"embeddable":true,"href":"https:\/\/garana-jazz.ro\/en\/wp-json\/wp\/v2\/pages\/4845"}],"wp:featuredmedia":[{"embeddable":true,"href":"https:\/\/garana-jazz.ro\/en\/wp-json\/wp\/v2\/media\/5129"}],"wp:attachment":[{"href":"https:\/\/garana-jazz.ro\/en\/wp-json\/wp\/v2\/media?parent=5128"}],"curies":[{"name":"wp","href":"https:\/\/api.w.org\/{rel}","templated":true}]}}