{"id":7389,"date":"2024-02-29T13:37:31","date_gmt":"2024-02-29T10:37:31","guid":{"rendered":"https:\/\/garana-jazz.mywp.ro\/?page_id=7389"},"modified":"2024-02-29T13:54:50","modified_gmt":"2024-02-29T10:54:50","slug":"carlos-bica-azul-feat-jim-black-frank-mobus","status":"publish","type":"page","link":"https:\/\/garana-jazz.ro\/en\/gjf-2016\/carlos-bica-azul-feat-jim-black-frank-mobus\/","title":{"rendered":"CARLOS BICA &#038; AZUL FEAT. JIM BLACK + FRANK M\u00d6BUS"},"content":{"rendered":"<div data-elementor-type=\"wp-page\" data-elementor-id=\"7389\" class=\"elementor elementor-7389\" data-elementor-post-type=\"page\">\n\t\t\t\t\t\t<section data-section-luminosity=\"dark\" data-lqd-section-scroll=\"true\" class=\"elementor-section elementor-top-section elementor-element elementor-element-71c3111f elementor-section-height-min-height elementor-section-items-bottom elementor-section-boxed elementor-section-height-default elementor-invisible\" data-id=\"71c3111f\" data-element_type=\"section\" data-settings=\"{&quot;background_background&quot;:&quot;classic&quot;,&quot;animation&quot;:&quot;fadeIn&quot;}\">\n\t\t\t\t\t\t\t<div class=\"elementor-background-overlay\"><\/div>\n\t\t\t\t\t\t\t<div class=\"elementor-container elementor-column-gap-default\">\n\t\t\t\t\t<div class=\"elementor-column elementor-col-100 elementor-top-column elementor-element elementor-element-25dd8c1c\" data-id=\"25dd8c1c\" data-element_type=\"column\">\n\t\t\t<div class=\"elementor-widget-wrap elementor-element-populated\">\n\t\t\t\t\t\t<div class=\"elementor-element elementor-element-3708ad87 elementor-widget elementor-widget-spacer\" data-id=\"3708ad87\" data-element_type=\"widget\" data-widget_type=\"spacer.default\">\n\t\t\t\t<div class=\"elementor-widget-container\">\n\t\t\t\t\t\t\t<div class=\"elementor-spacer\">\n\t\t\t<div class=\"elementor-spacer-inner\"><\/div>\n\t\t<\/div>\n\t\t\t\t\t\t<\/div>\n\t\t\t\t<\/div>\n\t\t\t\t<div class=\"elementor-element elementor-element-42d23988 elementor-widget elementor-widget-hub_fancy_heading lqd-el-has-inner-anim\" data-id=\"42d23988\" data-element_type=\"widget\" data-settings=\"{&quot;enable_split&quot;:&quot;true&quot;,&quot;split_type&quot;:&quot;chars, words&quot;}\" data-widget_type=\"hub_fancy_heading.default\">\n\t\t\t\t<div class=\"elementor-widget-container\">\n\t\t\t\t\t\n\t\t<div id=\"ld-fancy-heading-6a04069366a33\" class=\"ld-fancy-heading pos-rel\">\n\t\t\t<h1 class=\"ld-fh-element d-inline-block pos-rel  elementor-heading-title lqd-highlight-classic lqd-highlight-grow-left lqd-split-chars h1\"  data-split-text=\"true\" data-split-options='{\"type\":\"chars, words\"}'> CARLOS BICA &#038; AZUL FEAT. JIM BLACK + FRANK M\u00d6BUS<\/h1>\t\t<\/div>\n\n\t\t\t\t\t\t<\/div>\n\t\t\t\t<\/div>\n\t\t\t\t<section class=\"elementor-section elementor-inner-section elementor-element elementor-element-7a8ee081 elementor-section-boxed elementor-section-height-default elementor-section-height-default\" data-id=\"7a8ee081\" data-element_type=\"section\">\n\t\t\t\t\t\t\t<div class=\"elementor-background-overlay\"><\/div>\n\t\t\t\t\t\t\t<div class=\"elementor-container elementor-column-gap-default\">\n\t\t\t\t\t<div class=\"elementor-column elementor-col-33 elementor-inner-column elementor-element elementor-element-11e6de94\" data-id=\"11e6de94\" data-element_type=\"column\">\n\t\t\t<div class=\"elementor-widget-wrap elementor-element-populated\">\n\t\t\t\t\t\t<div class=\"elementor-element elementor-element-4f7ee7f0 elementor-widget elementor-widget-hub_fancy_heading\" data-id=\"4f7ee7f0\" data-element_type=\"widget\" data-widget_type=\"hub_fancy_heading.default\">\n\t\t\t\t<div class=\"elementor-widget-container\">\n\t\t\t\t\t\n\t\t<div id=\"ld-fancy-heading-6a04069367321\" class=\"ld-fancy-heading pos-rel\">\n\t\t\t<h4 class=\"ld-fh-element d-inline-block pos-rel  elementor-heading-title lqd-highlight-classic lqd-highlight-grow-left h4\"  > #garanajazz2016<\/h4>\t\t<\/div>\n\n\t\t\t\t\t\t<\/div>\n\t\t\t\t<\/div>\n\t\t\t\t\t<\/div>\n\t\t<\/div>\n\t\t\t\t<div class=\"elementor-column elementor-col-33 elementor-inner-column elementor-element elementor-element-31b47a8e\" data-id=\"31b47a8e\" data-element_type=\"column\">\n\t\t\t<div class=\"elementor-widget-wrap elementor-element-populated\">\n\t\t\t\t\t\t<div class=\"elementor-element elementor-element-7a2183fc elementor-widget elementor-widget-hub_fancy_heading\" data-id=\"7a2183fc\" data-element_type=\"widget\" data-widget_type=\"hub_fancy_heading.default\">\n\t\t\t\t<div class=\"elementor-widget-container\">\n\t\t\t\t\t\n\t\t<div id=\"ld-fancy-heading-6a04069367802\" class=\"ld-fancy-heading pos-rel\">\n\t\t\t<p class=\"ld-fh-element d-inline-block pos-rel  lqd-highlight-classic lqd-highlight-grow-left p\"  > Main Stage, Poiana Lupului, G\u0103r\u00e2na<\/p>\t\t<\/div>\n\n\t\t\t\t\t\t<\/div>\n\t\t\t\t<\/div>\n\t\t\t\t\t<\/div>\n\t\t<\/div>\n\t\t\t\t<div class=\"elementor-column elementor-col-33 elementor-inner-column elementor-element elementor-element-4699b3fc\" data-id=\"4699b3fc\" data-element_type=\"column\">\n\t\t\t<div class=\"elementor-widget-wrap elementor-element-populated\">\n\t\t\t\t\t\t<div class=\"elementor-element elementor-element-55bd2ea7 elementor-align-right elementor-tablet-align-left elementor-widget elementor-widget-ld_button\" data-id=\"55bd2ea7\" data-element_type=\"widget\" data-widget_type=\"ld_button.default\">\n\t\t\t\t<div class=\"elementor-widget-container\">\n\t\t\t\t\t\n\t\t\t<a\n\t\t\t\thref=\"#asculta\"class=\"elementor-button btn btn-solid btn-icon-right btn-hover-reveal btn-has-label\"\t\t\t>\n\t\t\t\t\t\t\t\t\t<span data-text=\"Ascult\u0103\" class=\"btn-txt\">\n\t\t\t\t\t\tListen\t\t\t\t\t<\/span>\n\t\t\t\t\t\t\t\t\t\t\t\t\t\t<span class=\"btn-icon\">\n\t\t\t\t\t\t\t<i aria-hidden=\"true\" class=\"lqd-icn-ess icon-md-arrow-forward\"><\/i>\t\t\t\t\t\t<\/span>\n\t\t\t\t\t\t\t\t\t<\/a>\n\t\t\t\t\t\t\t<\/div>\n\t\t\t\t<\/div>\n\t\t\t\t\t<\/div>\n\t\t<\/div>\n\t\t\t\t\t<\/div>\n\t\t<\/section>\n\t\t\t\t\t<\/div>\n\t\t<\/div>\n\t\t\t\t\t<\/div>\n\t\t<\/section>\n\t\t\t\t<section data-section-luminosity=\"dark\" data-lqd-custom-cursor=\"true\" class=\"elementor-section elementor-top-section elementor-element elementor-element-3e25f1b5 elementor-section-height-min-height elementor-section-items-stretch elementor-section-content-middle elementor-section-boxed elementor-section-height-default\" data-id=\"3e25f1b5\" data-element_type=\"section\" data-settings=\"{&quot;background_background&quot;:&quot;classic&quot;}\">\n\t\t\t\t\t\t<div class=\"elementor-container elementor-column-gap-no\">\n\t\t\t\t\t<div data-custom-animations=\"true\" data-ca-options=\"{&quot;addChildTimelines&quot;:false,&quot;trigger&quot;:&quot;firstChild&quot;,&quot;animationTarget&quot;:&quot;:scope &gt; .elementor-widget-wrap &gt; .elementor-element &gt; .elementor-widget-container, :scope &gt; .elementor-widget-wrap &gt; .elementor-section &gt; .elementor-container &gt; .elementor-column &gt; .elementor-widget-wrap &gt; .elementor-element:not(.lqd-el-has-inner-anim) &gt; .elementor-widget-container, :scope &gt; .elementor-widget-wrap &gt; .elementor-widget-hub_fancy_heading .lqd-split-lines .lqd-lines .split-inner, :scope &gt; .elementor-widget-wrap &gt; .elementor-widget-hub_fancy_heading .lqd-split-words .lqd-words .split-inner, :scope &gt; .elementor-widget-wrap &gt; .elementor-widget-hub_fancy_heading .lqd-split-chars .lqd-chars .split-inner, :scope &gt; .elementor-widget-wrap &gt; .elementor-widget-ld_custom_menu .lqd-fancy-menu &gt; ul &gt; li&quot;,&quot;startDelay&quot;:800,&quot;ease&quot;:[&quot;power4.out&quot;],&quot;initValues&quot;:{&quot;y&quot;:&quot;25px&quot;,&quot;opacity&quot;:0,&quot;transformOrigin&quot;:&quot;50% 50% 0px&quot;},&quot;animations&quot;:{&quot;y&quot;:&quot;0px&quot;,&quot;opacity&quot;:1,&quot;transformOrigin&quot;:&quot;50% 50% 0px&quot;}}\" class=\"elementor-column elementor-col-100 elementor-top-column elementor-element elementor-element-31b76788\" data-id=\"31b76788\" data-element_type=\"column\">\n\t\t\t<div class=\"elementor-widget-wrap elementor-element-populated\">\n\t\t\t\t\t\t<section class=\"elementor-section elementor-inner-section elementor-element elementor-element-24fedd40 elementor-section-boxed elementor-section-height-default elementor-section-height-default\" data-id=\"24fedd40\" data-element_type=\"section\">\n\t\t\t\t\t\t<div class=\"elementor-container elementor-column-gap-default\">\n\t\t\t\t\t<div class=\"elementor-column elementor-col-100 elementor-inner-column elementor-element elementor-element-3345a2f\" data-id=\"3345a2f\" data-element_type=\"column\">\n\t\t\t<div class=\"elementor-widget-wrap elementor-element-populated\">\n\t\t\t\t\t\t<div data-custom-animations=\"true\" data-ca-options=\"{&quot;addChildTimelines&quot;:false,&quot;trigger&quot;:&quot;firstChild&quot;,&quot;animationTarget&quot;:&quot;.lqd-split-lines .lqd-lines .split-inner, .lqd-adv-txt-fig&quot;,&quot;duration&quot;:1200,&quot;startDelay&quot;:100,&quot;delay&quot;:40,&quot;ease&quot;:&quot;bounce.in&quot;,&quot;direction&quot;:&quot;random&quot;,&quot;initValues&quot;:{&quot;opacity&quot;:0,&quot;transformOrigin&quot;:&quot;50% 50% 0px&quot;},&quot;animations&quot;:{&quot;opacity&quot;:1,&quot;transformOrigin&quot;:&quot;50% 50% 0px&quot;}}\" class=\"elementor-element elementor-element-21d0422c elementor-widget elementor-widget-hub_fancy_heading lqd-el-has-inner-anim\" data-id=\"21d0422c\" data-element_type=\"widget\" data-settings=\"{&quot;enable_split&quot;:&quot;true&quot;,&quot;split_type&quot;:&quot;lines&quot;}\" data-widget_type=\"hub_fancy_heading.default\">\n\t\t\t\t<div class=\"elementor-widget-container\">\n\t\t\t\t\t\n\t\t<div id=\"ld-fancy-heading-6a04069369820\" class=\"ld-fancy-heading pos-rel\">\n\t\t\t<p class=\"ld-fh-element d-inline-block pos-rel  lqd-highlight-classic lqd-highlight-grow-left lqd-split-lines p\"  data-split-text=\"true\" data-split-options='{\"type\":\"lines\"}'> Carlos Bica \u2013 doublebass<br>\r\n\r\nFrank M\u00f6bus \u2013 e-Guitar<br>\r\n\r\nJim Black \u2013 drums<br>\r\n\r\n <br><br>\r\n\r\n2016 este anul \u00een care nu doar G\u0103r\u00e2na Jazz Festival \u00eempline\u0219te 20 de ani. Acela\u0219i num\u0103r de ani celebreaz\u0103 \u0219i proiectul de succes al renumitului contrabasist portughez Carlos Bica \u2013 AZUL! Carlos Bica, Frank M\u00f6bus \u0219i Jim Black revin \u00een Poiana Lupului dup\u0103 4 ani, ani \u00een care energia, creativitatea \u0219i lirismul grupului au c\u0103p\u0103tat un plus de valoare \u0219i profunzime.\r\n<br><br>\r\nCarlos Bica: \u201cC\u00e2nd c\u00e2n\u021bi de at\u00e2\u021bia ani cu aceia\u0219i oameni, muzica ajunge \u00een alt\u0103 dimensiune \u2013 Frank \u0219i Jim sunt cei mai buni muzicieni de pe aceast\u0103 planet\u0103, av\u00e2nd rara abilitate de a se pune \u00een slujba muzicii, a compozi\u021biilor, ceea ce nu e un lucru obi\u0219nuit \u00eentre muzicienii de jazz. Sunetul Azul s-a n\u0103scut odat\u0103 cu constela\u021bia M\u00f6bus-Bica-Black. \u0218i sunt \u00een continuare foarte fericit de aceast\u0103 calitate unic\u0103!\u201d\r\n<br><br>\r\nContrabasistul \u015fi compozitorul Carlos Bica (n. 1958, Portugalia) este unul dintre cei mai prolifici \u015fi inovatori muzicieni portughezi. Muzica sa, de\u015fi f\u0103r\u0103 cuvinte, \u00ee\u0163i \u015fopte\u015fte, te obsedeaz\u0103, este de neuitat. Ascult\u0103torii sunt rapid captiva\u0163i de maniera lui impecabil\u0103 de interpretare \u0219i de emo\u021biile transmise. \u201c\u00cencerc s\u0103 prind profunzimea \u0219i autenticitatea \u00een muzica pe care o compun \u0219i o interpretez. Nu este suficient s\u0103 scrii o pies\u0103, ai nevoie \u0219i de magie. \u00centotdeauna caut magia \u00een muzic\u0103. Ea este pretutindeni, trebuie doar s\u0103-\u021bi dezvol\u021bi abilitatea de a o recunoa\u0219te\u201d, spune Carlos Bica. De\u015fi este implicat \u00een mai multe proiecte, cu foarte mul\u0163i muzicieni, Carlos Bica prefer\u0103 trio-ul Azul. \u00cen aceast\u0103 formul\u0103 a colindat lumea \u00eentreag\u0103, \u00eencerc\u00e2nd s\u0103 fac\u0103 cunoscut jazz-ul portughez \u015fi r\u0103d\u0103cinile din care-\u015fi ia inspira\u021bia: muzica tradi\u0163ional\u0103. Cu Azul a \u00eenregistrat 5 albume. Albumul de debut \u2013 Azul, care i-a avut ca invita\u0163i pe solista Maria Jo\u00e3o \u015fi pe trombonistul Ray Anderson, a fost votat drept cel mai bun album de jazz al anului 1996 \u00een Portugalia \u015fi \u00eenc\u0103 este catalogat drept cel mai bun album de jazz portughez al tuturor timpurilor! Pe l\u00e2ng\u0103 activitatea concertistic\u0103, Carlos Bica compune \u015fi muzic\u0103 de film, teatru \u015fi dans. \u00cen turnee, colaboreaz\u0103 cu o mul\u0163ime de jazzmani: Kenny Wheeler, Joey Baron, Paolo Fresu, Aki Takase, Lee Konitz.\r\n<br><br>\r\nJim Black (n. 1967, S.U.A.) este un percu\u021bionist electrizant \u015fi surprinz\u0103tor, care se bucur\u0103 de o popularitate uria\u0219\u0103 \u00eentre muzicienii de jazz. Niciodat\u0103 nu \u015ftii ce va face \u00een secunda urm\u0103toare a solo-urilor sale: va alege s\u0103 bat\u0103 frenetic, s\u0103 loveasc\u0103 tobele calm, s\u0103 zg\u00e2rie cimbalele sau s\u0103 le fac\u0103 pe toate deodat\u0103. \u015etie s\u0103-\u015fi \u0163in\u0103 publicul \u00eencordat \u015fi fascinat de-a lungul \u00eentregii sale presta\u0163ii. \u00cen paralel cu activitatea din Azul, Jim Black este liderul grupului AlasNoAxis, colabor\u00e2nd frecvent cu Chris Speed, Hilmar Jensson \u0219i Sk\u00fali Sverrisson.\r\n<br><br>\r\nFrank M\u00f6bus (n. 1966, Germania) este unul dintre cei mai aprecia\u021bi chitari\u0219ti europeni. A studiat chitara la Berklee College of Music din Boston. Este liderul grupului Der Rote Bereich \u0219i are \u00een palmares 7 albume ca solist. Are o activitate impresionant\u0103, fiind foarte activ at\u00e2t ca muzician \u2013 chitarist \u0219i compozitor, c\u00e2t \u0219i ca profesor. A participat la festivaluri \u015fi turnee \u00een Anglia, Fran\u0163a, Portugalia, Elve\u0163ia, Austria, Belgia, Serbia, Luxemburg, S.U.A., \u00een \u021b\u0103ri din Africa \u015fi Asia. Este director al Institut f\u00fcr Neue Musik, profesor de jazz-guitar \u0219i jazz-improvisation la Hochschule f\u00fcr Musik Franz-Liszt Weimar. \u00cen paralel, produce videoclip-uri pentru televiziune, compune muzic\u0103 de film, teatru \u015fi dans.\r\n<br><br>\r\nDiscografie recomandat\u0103:<br>\r\n\r\nAzul (Polygram, 1996);<br>\r\n\r\nLOOK WHAT THEY\u2019VE DONE TO MY SONG (Enja Records, 2002);<br>\r\n\r\nBeliver (Enja Records, 2006);<br>\r\n\r\nThings About (Clean Feed, 2011).<br><\/p>\t\t<\/div>\n\n\t\t\t\t\t\t<\/div>\n\t\t\t\t<\/div>\n\t\t\t\t\t<\/div>\n\t\t<\/div>\n\t\t\t\t\t<\/div>\n\t\t<\/section>\n\t\t\t\t<div class=\"elementor-element elementor-element-5cd17320 elementor-widget-divider--view-line elementor-widget elementor-widget-divider\" data-id=\"5cd17320\" data-element_type=\"widget\" data-widget_type=\"divider.default\">\n\t\t\t\t<div class=\"elementor-widget-container\">\n\t\t\t\t\t\t\t<div class=\"elementor-divider\">\n\t\t\t<span class=\"elementor-divider-separator\">\n\t\t\t\t\t\t<\/span>\n\t\t<\/div>\n\t\t\t\t\t\t<\/div>\n\t\t\t\t<\/div>\n\t\t\t\t<section class=\"elementor-section elementor-inner-section elementor-element elementor-element-65e30e4a elementor-section-boxed elementor-section-height-default elementor-section-height-default\" data-id=\"65e30e4a\" data-element_type=\"section\" id=\"asculta\">\n\t\t\t\t\t\t<div class=\"elementor-container elementor-column-gap-default\">\n\t\t\t\t\t<div class=\"elementor-column elementor-col-50 elementor-inner-column elementor-element elementor-element-25bbd672\" data-id=\"25bbd672\" data-element_type=\"column\">\n\t\t\t<div class=\"elementor-widget-wrap elementor-element-populated\">\n\t\t\t\t\t\t<div class=\"elementor-element elementor-element-67185215 elementor-widget elementor-widget-html\" data-id=\"67185215\" data-element_type=\"widget\" data-widget_type=\"html.default\">\n\t\t\t\t<div class=\"elementor-widget-container\">\n\t\t\t\t\t<iframe style=\"border-radius:12px\" src=\"https:\/\/open.spotify.com\/embed\/artist\/1NPKLWD1rzPTAETmiDM4ok?utm_source=generator\" width=\"100%\" height=\"352\" frameborder=\"0\" allowfullscreen=\"\" allow=\"autoplay; clipboard-write; encrypted-media; fullscreen; picture-in-picture\" loading=\"lazy\"><\/iframe>\t\t\t\t<\/div>\n\t\t\t\t<\/div>\n\t\t\t\t\t<\/div>\n\t\t<\/div>\n\t\t\t\t<div class=\"elementor-column elementor-col-50 elementor-inner-column elementor-element elementor-element-6546606b\" data-id=\"6546606b\" data-element_type=\"column\">\n\t\t\t<div class=\"elementor-widget-wrap elementor-element-populated\">\n\t\t\t\t\t\t<div class=\"elementor-element elementor-element-33c589ce elementor-widget elementor-widget-video\" data-id=\"33c589ce\" data-element_type=\"widget\" data-settings=\"{&quot;youtube_url&quot;:&quot;https:\\\/\\\/www.youtube.com\\\/watch?v=e7NJsI3Q7k0&amp;pp=ygUxQ0FSTE9TIEJJQ0EgJiBBWlVMIEZFQVQuIEpJTSBCTEFDSyArIEZSQU5LIE3DlkJVUw%3D%3D&quot;,&quot;video_type&quot;:&quot;youtube&quot;,&quot;controls&quot;:&quot;yes&quot;}\" data-widget_type=\"video.default\">\n\t\t\t\t<div class=\"elementor-widget-container\">\n\t\t\t\t\t\t\t<div class=\"elementor-wrapper elementor-open-inline\">\n\t\t\t<div class=\"elementor-video\"><\/div>\t\t<\/div>\n\t\t\t\t\t\t<\/div>\n\t\t\t\t<\/div>\n\t\t\t\t\t<\/div>\n\t\t<\/div>\n\t\t\t\t\t<\/div>\n\t\t<\/section>\n\t\t\t\t\t<\/div>\n\t\t<\/div>\n\t\t\t\t\t<\/div>\n\t\t<\/section>\n\t\t\t\t<\/div>","protected":false},"excerpt":{"rendered":"<p>Main Stage, Poiana Lupului, G\u0103r\u00e2na Ascult\u0103<\/p>","protected":false},"author":3,"featured_media":7317,"parent":7312,"menu_order":0,"comment_status":"closed","ping_status":"closed","template":"","meta":{"footnotes":""},"class_list":["post-7389","page","type-page","status-publish","has-post-thumbnail","hentry"],"_links":{"self":[{"href":"https:\/\/garana-jazz.ro\/en\/wp-json\/wp\/v2\/pages\/7389","targetHints":{"allow":["GET"]}}],"collection":[{"href":"https:\/\/garana-jazz.ro\/en\/wp-json\/wp\/v2\/pages"}],"about":[{"href":"https:\/\/garana-jazz.ro\/en\/wp-json\/wp\/v2\/types\/page"}],"author":[{"embeddable":true,"href":"https:\/\/garana-jazz.ro\/en\/wp-json\/wp\/v2\/users\/3"}],"replies":[{"embeddable":true,"href":"https:\/\/garana-jazz.ro\/en\/wp-json\/wp\/v2\/comments?post=7389"}],"version-history":[{"count":0,"href":"https:\/\/garana-jazz.ro\/en\/wp-json\/wp\/v2\/pages\/7389\/revisions"}],"up":[{"embeddable":true,"href":"https:\/\/garana-jazz.ro\/en\/wp-json\/wp\/v2\/pages\/7312"}],"wp:featuredmedia":[{"embeddable":true,"href":"https:\/\/garana-jazz.ro\/en\/wp-json\/wp\/v2\/media\/7317"}],"wp:attachment":[{"href":"https:\/\/garana-jazz.ro\/en\/wp-json\/wp\/v2\/media?parent=7389"}],"curies":[{"name":"wp","href":"https:\/\/api.w.org\/{rel}","templated":true}]}}