{"id":7397,"date":"2024-02-29T13:53:39","date_gmt":"2024-02-29T10:53:39","guid":{"rendered":"https:\/\/garana-jazz.mywp.ro\/?page_id=7397"},"modified":"2024-02-29T13:56:24","modified_gmt":"2024-02-29T10:56:24","slug":"arild-andersen-quartet","status":"publish","type":"page","link":"https:\/\/garana-jazz.ro\/en\/gjf-2016\/arild-andersen-quartet\/","title":{"rendered":"ARILD ANDERSEN QUARTET"},"content":{"rendered":"<div data-elementor-type=\"wp-page\" data-elementor-id=\"7397\" class=\"elementor elementor-7397\" data-elementor-post-type=\"page\">\n\t\t\t\t\t\t<section data-section-luminosity=\"dark\" data-lqd-section-scroll=\"true\" class=\"elementor-section elementor-top-section elementor-element elementor-element-5ab30e59 elementor-section-height-min-height elementor-section-items-bottom elementor-section-boxed elementor-section-height-default elementor-invisible\" data-id=\"5ab30e59\" data-element_type=\"section\" data-settings=\"{&quot;background_background&quot;:&quot;classic&quot;,&quot;animation&quot;:&quot;fadeIn&quot;}\">\n\t\t\t\t\t\t\t<div class=\"elementor-background-overlay\"><\/div>\n\t\t\t\t\t\t\t<div class=\"elementor-container elementor-column-gap-default\">\n\t\t\t\t\t<div class=\"elementor-column elementor-col-100 elementor-top-column elementor-element elementor-element-5398dabf\" data-id=\"5398dabf\" data-element_type=\"column\">\n\t\t\t<div class=\"elementor-widget-wrap elementor-element-populated\">\n\t\t\t\t\t\t<div class=\"elementor-element elementor-element-659400a1 elementor-widget elementor-widget-spacer\" data-id=\"659400a1\" data-element_type=\"widget\" data-widget_type=\"spacer.default\">\n\t\t\t\t<div class=\"elementor-widget-container\">\n\t\t\t\t\t\t\t<div class=\"elementor-spacer\">\n\t\t\t<div class=\"elementor-spacer-inner\"><\/div>\n\t\t<\/div>\n\t\t\t\t\t\t<\/div>\n\t\t\t\t<\/div>\n\t\t\t\t<div class=\"elementor-element elementor-element-2605ebc7 elementor-widget elementor-widget-hub_fancy_heading lqd-el-has-inner-anim\" data-id=\"2605ebc7\" data-element_type=\"widget\" data-settings=\"{&quot;enable_split&quot;:&quot;true&quot;,&quot;split_type&quot;:&quot;chars, words&quot;}\" data-widget_type=\"hub_fancy_heading.default\">\n\t\t\t\t<div class=\"elementor-widget-container\">\n\t\t\t\t\t\n\t\t<div id=\"ld-fancy-heading-6a04063f3aaa1\" class=\"ld-fancy-heading pos-rel\">\n\t\t\t<h1 class=\"ld-fh-element d-inline-block pos-rel  elementor-heading-title lqd-highlight-classic lqd-highlight-grow-left lqd-split-chars h1\"  data-split-text=\"true\" data-split-options='{\"type\":\"chars, words\"}'> ARILD ANDERSEN QUARTET<\/h1>\t\t<\/div>\n\n\t\t\t\t\t\t<\/div>\n\t\t\t\t<\/div>\n\t\t\t\t<section class=\"elementor-section elementor-inner-section elementor-element elementor-element-5b698d22 elementor-section-boxed elementor-section-height-default elementor-section-height-default\" data-id=\"5b698d22\" data-element_type=\"section\">\n\t\t\t\t\t\t\t<div class=\"elementor-background-overlay\"><\/div>\n\t\t\t\t\t\t\t<div class=\"elementor-container elementor-column-gap-default\">\n\t\t\t\t\t<div class=\"elementor-column elementor-col-33 elementor-inner-column elementor-element elementor-element-23eff951\" data-id=\"23eff951\" data-element_type=\"column\">\n\t\t\t<div class=\"elementor-widget-wrap elementor-element-populated\">\n\t\t\t\t\t\t<div class=\"elementor-element elementor-element-16ba5101 elementor-widget elementor-widget-hub_fancy_heading\" data-id=\"16ba5101\" data-element_type=\"widget\" data-widget_type=\"hub_fancy_heading.default\">\n\t\t\t\t<div class=\"elementor-widget-container\">\n\t\t\t\t\t\n\t\t<div id=\"ld-fancy-heading-6a04063f3b32c\" class=\"ld-fancy-heading pos-rel\">\n\t\t\t<h4 class=\"ld-fh-element d-inline-block pos-rel  elementor-heading-title lqd-highlight-classic lqd-highlight-grow-left h4\"  > #garanajazz2016<\/h4>\t\t<\/div>\n\n\t\t\t\t\t\t<\/div>\n\t\t\t\t<\/div>\n\t\t\t\t\t<\/div>\n\t\t<\/div>\n\t\t\t\t<div class=\"elementor-column elementor-col-33 elementor-inner-column elementor-element elementor-element-51a49090\" data-id=\"51a49090\" data-element_type=\"column\">\n\t\t\t<div class=\"elementor-widget-wrap elementor-element-populated\">\n\t\t\t\t\t\t<div class=\"elementor-element elementor-element-148e576b elementor-widget elementor-widget-hub_fancy_heading\" data-id=\"148e576b\" data-element_type=\"widget\" data-widget_type=\"hub_fancy_heading.default\">\n\t\t\t\t<div class=\"elementor-widget-container\">\n\t\t\t\t\t\n\t\t<div id=\"ld-fancy-heading-6a04063f3b832\" class=\"ld-fancy-heading pos-rel\">\n\t\t\t<p class=\"ld-fh-element d-inline-block pos-rel  lqd-highlight-classic lqd-highlight-grow-left p\"  > Main Stage, Poiana Lupului, G\u0103r\u00e2na<\/p>\t\t<\/div>\n\n\t\t\t\t\t\t<\/div>\n\t\t\t\t<\/div>\n\t\t\t\t\t<\/div>\n\t\t<\/div>\n\t\t\t\t<div class=\"elementor-column elementor-col-33 elementor-inner-column elementor-element elementor-element-9f49f3a\" data-id=\"9f49f3a\" data-element_type=\"column\">\n\t\t\t<div class=\"elementor-widget-wrap elementor-element-populated\">\n\t\t\t\t\t\t<div class=\"elementor-element elementor-element-39f98ac9 elementor-align-right elementor-tablet-align-left elementor-widget elementor-widget-ld_button\" data-id=\"39f98ac9\" data-element_type=\"widget\" data-widget_type=\"ld_button.default\">\n\t\t\t\t<div class=\"elementor-widget-container\">\n\t\t\t\t\t\n\t\t\t<a\n\t\t\t\thref=\"#asculta\"class=\"elementor-button btn btn-solid btn-icon-right btn-hover-reveal btn-has-label\"\t\t\t>\n\t\t\t\t\t\t\t\t\t<span data-text=\"Ascult\u0103\" class=\"btn-txt\">\n\t\t\t\t\t\tListen\t\t\t\t\t<\/span>\n\t\t\t\t\t\t\t\t\t\t\t\t\t\t<span class=\"btn-icon\">\n\t\t\t\t\t\t\t<i aria-hidden=\"true\" class=\"lqd-icn-ess icon-md-arrow-forward\"><\/i>\t\t\t\t\t\t<\/span>\n\t\t\t\t\t\t\t\t\t<\/a>\n\t\t\t\t\t\t\t<\/div>\n\t\t\t\t<\/div>\n\t\t\t\t\t<\/div>\n\t\t<\/div>\n\t\t\t\t\t<\/div>\n\t\t<\/section>\n\t\t\t\t\t<\/div>\n\t\t<\/div>\n\t\t\t\t\t<\/div>\n\t\t<\/section>\n\t\t\t\t<section data-section-luminosity=\"dark\" data-lqd-custom-cursor=\"true\" class=\"elementor-section elementor-top-section elementor-element elementor-element-c73aaad elementor-section-height-min-height elementor-section-items-stretch elementor-section-content-middle elementor-section-boxed elementor-section-height-default\" data-id=\"c73aaad\" data-element_type=\"section\" data-settings=\"{&quot;background_background&quot;:&quot;classic&quot;}\">\n\t\t\t\t\t\t<div class=\"elementor-container elementor-column-gap-no\">\n\t\t\t\t\t<div data-custom-animations=\"true\" data-ca-options=\"{&quot;addChildTimelines&quot;:false,&quot;trigger&quot;:&quot;firstChild&quot;,&quot;animationTarget&quot;:&quot;:scope &gt; .elementor-widget-wrap &gt; .elementor-element &gt; .elementor-widget-container, :scope &gt; .elementor-widget-wrap &gt; .elementor-section &gt; .elementor-container &gt; .elementor-column &gt; .elementor-widget-wrap &gt; .elementor-element:not(.lqd-el-has-inner-anim) &gt; .elementor-widget-container, :scope &gt; .elementor-widget-wrap &gt; .elementor-widget-hub_fancy_heading .lqd-split-lines .lqd-lines .split-inner, :scope &gt; .elementor-widget-wrap &gt; .elementor-widget-hub_fancy_heading .lqd-split-words .lqd-words .split-inner, :scope &gt; .elementor-widget-wrap &gt; .elementor-widget-hub_fancy_heading .lqd-split-chars .lqd-chars .split-inner, :scope &gt; .elementor-widget-wrap &gt; .elementor-widget-ld_custom_menu .lqd-fancy-menu &gt; ul &gt; li&quot;,&quot;startDelay&quot;:800,&quot;ease&quot;:[&quot;power4.out&quot;],&quot;initValues&quot;:{&quot;y&quot;:&quot;25px&quot;,&quot;opacity&quot;:0,&quot;transformOrigin&quot;:&quot;50% 50% 0px&quot;},&quot;animations&quot;:{&quot;y&quot;:&quot;0px&quot;,&quot;opacity&quot;:1,&quot;transformOrigin&quot;:&quot;50% 50% 0px&quot;}}\" class=\"elementor-column elementor-col-100 elementor-top-column elementor-element elementor-element-62b3480a\" data-id=\"62b3480a\" data-element_type=\"column\">\n\t\t\t<div class=\"elementor-widget-wrap elementor-element-populated\">\n\t\t\t\t\t\t<section class=\"elementor-section elementor-inner-section elementor-element elementor-element-3b6eb881 elementor-section-boxed elementor-section-height-default elementor-section-height-default\" data-id=\"3b6eb881\" data-element_type=\"section\">\n\t\t\t\t\t\t<div class=\"elementor-container elementor-column-gap-default\">\n\t\t\t\t\t<div class=\"elementor-column elementor-col-100 elementor-inner-column elementor-element elementor-element-6529208c\" data-id=\"6529208c\" data-element_type=\"column\">\n\t\t\t<div class=\"elementor-widget-wrap elementor-element-populated\">\n\t\t\t\t\t\t<div data-custom-animations=\"true\" data-ca-options=\"{&quot;addChildTimelines&quot;:false,&quot;trigger&quot;:&quot;firstChild&quot;,&quot;animationTarget&quot;:&quot;.lqd-split-lines .lqd-lines .split-inner, .lqd-adv-txt-fig&quot;,&quot;duration&quot;:1200,&quot;startDelay&quot;:100,&quot;delay&quot;:40,&quot;ease&quot;:&quot;bounce.in&quot;,&quot;direction&quot;:&quot;random&quot;,&quot;initValues&quot;:{&quot;opacity&quot;:0,&quot;transformOrigin&quot;:&quot;50% 50% 0px&quot;},&quot;animations&quot;:{&quot;opacity&quot;:1,&quot;transformOrigin&quot;:&quot;50% 50% 0px&quot;}}\" class=\"elementor-element elementor-element-2230892a elementor-widget elementor-widget-hub_fancy_heading lqd-el-has-inner-anim\" data-id=\"2230892a\" data-element_type=\"widget\" data-settings=\"{&quot;enable_split&quot;:&quot;true&quot;,&quot;split_type&quot;:&quot;lines&quot;}\" data-widget_type=\"hub_fancy_heading.default\">\n\t\t\t\t<div class=\"elementor-widget-container\">\n\t\t\t\t\t\n\t\t<div id=\"ld-fancy-heading-6a04063f3d9f0\" class=\"ld-fancy-heading pos-rel\">\n\t\t\t<p class=\"ld-fh-element d-inline-block pos-rel  lqd-highlight-classic lqd-highlight-grow-left lqd-split-lines p\"  data-split-text=\"true\" data-split-options='{\"type\":\"lines\"}'> Arild Andersen \u2013 bass<br>\r\n\r\nTommy Smith \u2013 sax<br>\r\n\r\nHelge Lien \u2013 piano<br>\r\n\r\nPaolo Vinaccia \u2013 drums<br>\r\n\r\n <br><br>\r\n\r\nArild Andersen Quartet este un proiect muzical ce are la baz\u0103 un trio consacrat, omogen \u0219i creativ format din Arild Andersen, la contrabas \u2013 maestrul vr\u0103jitor al tu\u0219elor grave, Tommy Smith, la saxofon \u2013 artizanul sonorit\u0103\u021bilor delicate \u0219i energice, \u0219i Paolo Vinaccia, la percu\u021bie \u2013 coregraful ritmurilor dezl\u0103n\u021buite. Lor li se al\u0103tur\u0103 pianistul Helge Lien, a c\u0103rui spontaneitate \u00een improviza\u021bie devine o for\u021b\u0103 creativ\u0103 proasp\u0103t\u0103 pentru grup. Astfel \u00eenchegat, noul quartet este gata s\u0103 r\u0103spund\u0103 provoc\u0103rilor, aduc\u00e2nd pe scen\u0103 reinterpret\u0103ri ale c\u00e2torva teme muzicale mai vechi, dar \u0219i improviza\u021bii sau compozi\u021bii ce se nasc firesc din \u00eent\u00e2lnirea celor patru personalit\u0103\u021bi remarcabile.\r\n\r\n <br><br>\r\n\r\nArild Andersen (n. 1945, Lillestr\u00f8m, Norvegia) este deja legendar \u00een jazz-ul norvegian, dar \u015fi \u00een cel interna\u0163ional. Este cunoscut pentru colaborarea cu Jan Garbarek \u00eenc\u0103 din anii \u201960, f\u0103c\u00e2nd parte din Jan Garbarek Quartet \u00eentre 1967-1973. Tot \u00een acea perioad\u0103 a c\u00e2ntat al\u0103turi de muzicieni ca Don Cherry, Sam Rivers \u015fi George Russell. \u00cen 1982 pune bazele celebrei trupe \u201cMasqualero\u201c cu Jon Christensen, Nils Petter Molv\u00e6r, Jon Balke \u015fi Tore Brunborg. Forma\u0163ia va exista 10 ani, lans\u00e2nd 4 albume \u015fi c\u00e2\u015ftig\u00e2nd trei premii norvegiene. Andersen a colaborat cu arti\u0219ti importan\u021bi din jazz-ul mondial: Bill Frisell, Stan Getz, Paul Bley, Ralph Towner, Nana Vasconcelos, John Scofield, Pat Metheny, ca s\u0103 amintim doar pe c\u00e2\u0163iva. A fost \u201cArtist in Residence\u201d \u00een cadrul Molde Jazz Festival din 2005. Iar din 2007 va \u00eencepe s\u0103 c\u00e2nte \u015fi s\u0103 realizeze turnee \u00een trio, cu saxofonistul sco\u0163ian Tommy Smith \u015fi percu\u0163ionistul italiano-norvegian Paolo Vinaccia. Andersen consider\u0103 acest trio trupa sa ideal\u0103, datorit\u0103 felului firesc \u00een care cei trei se completeaz\u0103 reciproc, se dezvolt\u0103 \u00eempreun\u0103. C\u00e2nd trio-ul a lansat albumul Live at Bellville \u00een 2008 (ECM Records), a fost primit cu mare entuziasm at\u00e2t de public, c\u00e2t \u015fi de pres\u0103. Arild Andersen a fost recompensat, pentru acest album, cu premiul \u201cEuropean Jazz Musician of the Year 2008\u201d din partea Acad\u00e9mie du Jazz din Fran\u0163a. A urmat albumul Mira (2014, ECM Records), un album conceput ca \u201cpentru o diminea\u021b\u0103 de duminic\u0103\u201d, cum afirm\u0103 chiar liderul grupului, \u0219i care impresioneaz\u0103 prin lirism, intimitate \u0219i expresivitate.\r\n\r\n <br><br>\r\n\r\nHelge Lien (n.1975, Moelv, Norvegia) a studiat pianul la Academia Norvegian\u0103 de Muzic\u0103 din Oslo, unde l-a avut ca mentor \u0219i profesor de improviza\u021bie pe Misha Alperin. Excelentele abilit\u0103\u021bi interpretative, lirismul, sim\u021bul \u00eenn\u0103scut pentru improviza\u021bie sunt calit\u0103\u021bile pe care pianistul norvegian le-a pus \u00een valoare \u00een toate proiectele sale. Cu trio-ul s\u0103u, Helge Lien Trio, atrage aten\u021bia \u00eenc\u0103 de la primele apari\u021bii scenice \u0219i primele albume. Pentru Hello Troll (2008, Ozella) prime\u0219te Norwegian Grammy Award pentru cel mai bun album al anului. Cele mai recente apari\u021bii discografice sunt Badgers and Other Beings (2014, Ozella) \u0219i Bridges cu Adam Ba\u0142dych la vioar\u0103 (2015, Act Music).\r\n\r\n \r\n\r\nTommy Smith (n. 1967, Edinburgh, U.K.) \u00eencepe s\u0103 c\u00e2nte la saxofon tenor de la 12 ani, \u00eencurajat de tat\u0103l s\u0103u vitreg. Studiaz\u0103 cu clarinetistul Jim O\u2019Malley \u015fi pianistul Jean Allison la Wester Hailes Education Centre, apoi \u00ee\u015fi \u00eentemeiaz\u0103 propriul quartet. \u00cen 1983, la 16 ani, \u00eenregistreaz\u0103 primul album, Giant Strides, \u00eempreun\u0103 cu John Rae, pentru ca la 18 ani s\u0103 c\u00e2nte deja al\u0103turi de Gary Burton. Va colabora \u015fi va \u00eenso\u0163i \u00een turnee muzicieni importan\u0163i, printre care: Joe Lovano, Chick Corea, John Scofield, Jack de Johnette, Trilok Gurtu, Jon Christensen, Lars Danielsson. \u00cen 1995 pune bazele Orchestrei Na\u0163ionale Sco\u0163iene de Jazz al c\u0103rei dirijor r\u0103m\u00e2ne p\u00e2n\u0103 \u00een prezent. Este Head of Jazz la Royal Conservatoire din Sco\u021bia. Anul acesta a primit, in cadrul Parlamentary Jazz Awards, premiul Jazz Educator of The Year.\r\n\r\n <br><br>\r\n\r\nPaolo Vinaccia (n. 1954) s-a n\u0103scut \u00een Italia, dar tr\u0103ie\u015fte de peste 30 de ani \u00een Norvegia. Percu\u0163ionist \u015fi compozitor, lucreaz\u0103 cu Arild Andersen de foarte mul\u0163i ani pentru diverse proiecte muzicale. Este foarte activ pe scena norvegian\u0103 de jazz, remarc\u00e2ndu-se ca original improvizator \u00een colabor\u0103ri cu Nils Petter Molv\u00e6r, Ketil Bj\u00f8rnstad, Terje Rypdal, Bugge Wesseltoft, Palle Mikkelborg, Bendik Hofseth, Mike Mainieri \u015fi mul\u0163i al\u0163ii. Poate fi ascultat \u00een peste 100 de albume de toate genurile, de la world music, la muzic\u0103 pop.\r\n\r\n <br><br>\r\n\r\nDiscografie recomandat\u0103:<br>\r\n\r\nMira (2014, ECM Records);<br>\r\n\r\nLive at Bellville (2008, ECM Records).<br><\/p>\t\t<\/div>\n\n\t\t\t\t\t\t<\/div>\n\t\t\t\t<\/div>\n\t\t\t\t\t<\/div>\n\t\t<\/div>\n\t\t\t\t\t<\/div>\n\t\t<\/section>\n\t\t\t\t<div class=\"elementor-element elementor-element-29da398b elementor-widget-divider--view-line elementor-widget elementor-widget-divider\" data-id=\"29da398b\" data-element_type=\"widget\" data-widget_type=\"divider.default\">\n\t\t\t\t<div class=\"elementor-widget-container\">\n\t\t\t\t\t\t\t<div class=\"elementor-divider\">\n\t\t\t<span class=\"elementor-divider-separator\">\n\t\t\t\t\t\t<\/span>\n\t\t<\/div>\n\t\t\t\t\t\t<\/div>\n\t\t\t\t<\/div>\n\t\t\t\t<section class=\"elementor-section elementor-inner-section elementor-element elementor-element-409fc7b8 elementor-section-boxed elementor-section-height-default elementor-section-height-default\" data-id=\"409fc7b8\" data-element_type=\"section\" id=\"asculta\">\n\t\t\t\t\t\t<div class=\"elementor-container elementor-column-gap-default\">\n\t\t\t\t\t<div class=\"elementor-column elementor-col-50 elementor-inner-column elementor-element elementor-element-3dcf35ce\" data-id=\"3dcf35ce\" data-element_type=\"column\">\n\t\t\t<div class=\"elementor-widget-wrap elementor-element-populated\">\n\t\t\t\t\t\t<div class=\"elementor-element elementor-element-68fd8736 elementor-widget elementor-widget-html\" data-id=\"68fd8736\" data-element_type=\"widget\" data-widget_type=\"html.default\">\n\t\t\t\t<div class=\"elementor-widget-container\">\n\t\t\t\t\t<iframe style=\"border-radius:12px\" src=\"https:\/\/open.spotify.com\/embed\/artist\/3cg6oY8JDZd2ZeUhC5C8OA?utm_source=generator\" width=\"100%\" height=\"352\" frameborder=\"0\" allowfullscreen=\"\" allow=\"autoplay; clipboard-write; encrypted-media; fullscreen; picture-in-picture\" loading=\"lazy\"><\/iframe>\t\t\t\t<\/div>\n\t\t\t\t<\/div>\n\t\t\t\t\t<\/div>\n\t\t<\/div>\n\t\t\t\t<div class=\"elementor-column elementor-col-50 elementor-inner-column elementor-element elementor-element-3a69a5e\" data-id=\"3a69a5e\" data-element_type=\"column\">\n\t\t\t<div class=\"elementor-widget-wrap elementor-element-populated\">\n\t\t\t\t\t\t<div class=\"elementor-element elementor-element-73ae5e71 elementor-widget elementor-widget-video\" data-id=\"73ae5e71\" data-element_type=\"widget\" data-settings=\"{&quot;youtube_url&quot;:&quot;https:\\\/\\\/www.youtube.com\\\/watch?v=oKL9IC9cQnU&amp;pp=ygUWQVJJTEQgQU5ERVJTRU4gUVVBUlRFVA%3D%3D&quot;,&quot;video_type&quot;:&quot;youtube&quot;,&quot;controls&quot;:&quot;yes&quot;}\" data-widget_type=\"video.default\">\n\t\t\t\t<div class=\"elementor-widget-container\">\n\t\t\t\t\t\t\t<div class=\"elementor-wrapper elementor-open-inline\">\n\t\t\t<div class=\"elementor-video\"><\/div>\t\t<\/div>\n\t\t\t\t\t\t<\/div>\n\t\t\t\t<\/div>\n\t\t\t\t\t<\/div>\n\t\t<\/div>\n\t\t\t\t\t<\/div>\n\t\t<\/section>\n\t\t\t\t\t<\/div>\n\t\t<\/div>\n\t\t\t\t\t<\/div>\n\t\t<\/section>\n\t\t\t\t<\/div>","protected":false},"excerpt":{"rendered":"<p>Listen<\/p>","protected":false},"author":3,"featured_media":7315,"parent":7312,"menu_order":0,"comment_status":"closed","ping_status":"closed","template":"","meta":{"footnotes":""},"class_list":["post-7397","page","type-page","status-publish","has-post-thumbnail","hentry"],"_links":{"self":[{"href":"https:\/\/garana-jazz.ro\/en\/wp-json\/wp\/v2\/pages\/7397","targetHints":{"allow":["GET"]}}],"collection":[{"href":"https:\/\/garana-jazz.ro\/en\/wp-json\/wp\/v2\/pages"}],"about":[{"href":"https:\/\/garana-jazz.ro\/en\/wp-json\/wp\/v2\/types\/page"}],"author":[{"embeddable":true,"href":"https:\/\/garana-jazz.ro\/en\/wp-json\/wp\/v2\/users\/3"}],"replies":[{"embeddable":true,"href":"https:\/\/garana-jazz.ro\/en\/wp-json\/wp\/v2\/comments?post=7397"}],"version-history":[{"count":0,"href":"https:\/\/garana-jazz.ro\/en\/wp-json\/wp\/v2\/pages\/7397\/revisions"}],"up":[{"embeddable":true,"href":"https:\/\/garana-jazz.ro\/en\/wp-json\/wp\/v2\/pages\/7312"}],"wp:featuredmedia":[{"embeddable":true,"href":"https:\/\/garana-jazz.ro\/en\/wp-json\/wp\/v2\/media\/7315"}],"wp:attachment":[{"href":"https:\/\/garana-jazz.ro\/en\/wp-json\/wp\/v2\/media?parent=7397"}],"curies":[{"name":"wp","href":"https:\/\/api.w.org\/{rel}","templated":true}]}}