{"id":7435,"date":"2024-02-29T14:06:14","date_gmt":"2024-02-29T11:06:14","guid":{"rendered":"https:\/\/garana-jazz.mywp.ro\/?page_id=7435"},"modified":"2024-02-29T14:08:03","modified_gmt":"2024-02-29T11:08:03","slug":"ktu","status":"publish","type":"page","link":"https:\/\/garana-jazz.ro\/en\/gjf-2016\/ktu\/","title":{"rendered":"KTU"},"content":{"rendered":"<div data-elementor-type=\"wp-page\" data-elementor-id=\"7435\" class=\"elementor elementor-7435\" data-elementor-post-type=\"page\">\n\t\t\t\t\t\t<section data-section-luminosity=\"dark\" data-lqd-section-scroll=\"true\" class=\"elementor-section elementor-top-section elementor-element elementor-element-5e66be61 elementor-section-height-min-height elementor-section-items-bottom elementor-section-boxed elementor-section-height-default elementor-invisible\" data-id=\"5e66be61\" data-element_type=\"section\" data-settings=\"{&quot;background_background&quot;:&quot;classic&quot;,&quot;animation&quot;:&quot;fadeIn&quot;}\">\n\t\t\t\t\t\t\t<div class=\"elementor-background-overlay\"><\/div>\n\t\t\t\t\t\t\t<div class=\"elementor-container elementor-column-gap-default\">\n\t\t\t\t\t<div class=\"elementor-column elementor-col-100 elementor-top-column elementor-element elementor-element-42d59b1\" data-id=\"42d59b1\" data-element_type=\"column\">\n\t\t\t<div class=\"elementor-widget-wrap elementor-element-populated\">\n\t\t\t\t\t\t<div class=\"elementor-element elementor-element-6a7a130e elementor-widget elementor-widget-spacer\" data-id=\"6a7a130e\" data-element_type=\"widget\" data-widget_type=\"spacer.default\">\n\t\t\t\t<div class=\"elementor-widget-container\">\n\t\t\t\t\t\t\t<div class=\"elementor-spacer\">\n\t\t\t<div class=\"elementor-spacer-inner\"><\/div>\n\t\t<\/div>\n\t\t\t\t\t\t<\/div>\n\t\t\t\t<\/div>\n\t\t\t\t<div class=\"elementor-element elementor-element-778c0d09 elementor-widget elementor-widget-hub_fancy_heading lqd-el-has-inner-anim\" data-id=\"778c0d09\" data-element_type=\"widget\" data-settings=\"{&quot;enable_split&quot;:&quot;true&quot;,&quot;split_type&quot;:&quot;chars, words&quot;}\" data-widget_type=\"hub_fancy_heading.default\">\n\t\t\t\t<div class=\"elementor-widget-container\">\n\t\t\t\t\t\n\t\t<div id=\"ld-fancy-heading-6a0406470c6b9\" class=\"ld-fancy-heading pos-rel\">\n\t\t\t<h1 class=\"ld-fh-element d-inline-block pos-rel  elementor-heading-title lqd-highlight-classic lqd-highlight-grow-left lqd-split-chars h1\"  data-split-text=\"true\" data-split-options='{\"type\":\"chars, words\"}'> KTU<\/h1>\t\t<\/div>\n\n\t\t\t\t\t\t<\/div>\n\t\t\t\t<\/div>\n\t\t\t\t<section class=\"elementor-section elementor-inner-section elementor-element elementor-element-304c8424 elementor-section-boxed elementor-section-height-default elementor-section-height-default\" data-id=\"304c8424\" data-element_type=\"section\">\n\t\t\t\t\t\t\t<div class=\"elementor-background-overlay\"><\/div>\n\t\t\t\t\t\t\t<div class=\"elementor-container elementor-column-gap-default\">\n\t\t\t\t\t<div class=\"elementor-column elementor-col-33 elementor-inner-column elementor-element elementor-element-36d702c3\" data-id=\"36d702c3\" data-element_type=\"column\">\n\t\t\t<div class=\"elementor-widget-wrap elementor-element-populated\">\n\t\t\t\t\t\t<div class=\"elementor-element elementor-element-4c624792 elementor-widget elementor-widget-hub_fancy_heading\" data-id=\"4c624792\" data-element_type=\"widget\" data-widget_type=\"hub_fancy_heading.default\">\n\t\t\t\t<div class=\"elementor-widget-container\">\n\t\t\t\t\t\n\t\t<div id=\"ld-fancy-heading-6a0406470ceb9\" class=\"ld-fancy-heading pos-rel\">\n\t\t\t<h4 class=\"ld-fh-element d-inline-block pos-rel  elementor-heading-title lqd-highlight-classic lqd-highlight-grow-left h4\"  > #garanajazz2016<\/h4>\t\t<\/div>\n\n\t\t\t\t\t\t<\/div>\n\t\t\t\t<\/div>\n\t\t\t\t\t<\/div>\n\t\t<\/div>\n\t\t\t\t<div class=\"elementor-column elementor-col-33 elementor-inner-column elementor-element elementor-element-760d75dd\" data-id=\"760d75dd\" data-element_type=\"column\">\n\t\t\t<div class=\"elementor-widget-wrap elementor-element-populated\">\n\t\t\t\t\t\t<div class=\"elementor-element elementor-element-3b8b31e9 elementor-widget elementor-widget-hub_fancy_heading\" data-id=\"3b8b31e9\" data-element_type=\"widget\" data-widget_type=\"hub_fancy_heading.default\">\n\t\t\t\t<div class=\"elementor-widget-container\">\n\t\t\t\t\t\n\t\t<div id=\"ld-fancy-heading-6a0406470d5d9\" class=\"ld-fancy-heading pos-rel\">\n\t\t\t<p class=\"ld-fh-element d-inline-block pos-rel  lqd-highlight-classic lqd-highlight-grow-left p\"  > Main Stage, Poiana Lupului, G\u0103r\u00e2na<\/p>\t\t<\/div>\n\n\t\t\t\t\t\t<\/div>\n\t\t\t\t<\/div>\n\t\t\t\t\t<\/div>\n\t\t<\/div>\n\t\t\t\t<div class=\"elementor-column elementor-col-33 elementor-inner-column elementor-element elementor-element-52062ae4\" data-id=\"52062ae4\" data-element_type=\"column\">\n\t\t\t<div class=\"elementor-widget-wrap elementor-element-populated\">\n\t\t\t\t\t\t<div class=\"elementor-element elementor-element-7e7590b9 elementor-align-right elementor-tablet-align-left elementor-widget elementor-widget-ld_button\" data-id=\"7e7590b9\" data-element_type=\"widget\" data-widget_type=\"ld_button.default\">\n\t\t\t\t<div class=\"elementor-widget-container\">\n\t\t\t\t\t\n\t\t\t<a\n\t\t\t\thref=\"#asculta\"class=\"elementor-button btn btn-solid btn-icon-right btn-hover-reveal btn-has-label\"\t\t\t>\n\t\t\t\t\t\t\t\t\t<span data-text=\"Ascult\u0103\" class=\"btn-txt\">\n\t\t\t\t\t\tListen\t\t\t\t\t<\/span>\n\t\t\t\t\t\t\t\t\t\t\t\t\t\t<span class=\"btn-icon\">\n\t\t\t\t\t\t\t<i aria-hidden=\"true\" class=\"lqd-icn-ess icon-md-arrow-forward\"><\/i>\t\t\t\t\t\t<\/span>\n\t\t\t\t\t\t\t\t\t<\/a>\n\t\t\t\t\t\t\t<\/div>\n\t\t\t\t<\/div>\n\t\t\t\t\t<\/div>\n\t\t<\/div>\n\t\t\t\t\t<\/div>\n\t\t<\/section>\n\t\t\t\t\t<\/div>\n\t\t<\/div>\n\t\t\t\t\t<\/div>\n\t\t<\/section>\n\t\t\t\t<section data-section-luminosity=\"dark\" data-lqd-custom-cursor=\"true\" class=\"elementor-section elementor-top-section elementor-element elementor-element-409d1ca4 elementor-section-height-min-height elementor-section-items-stretch elementor-section-content-middle elementor-section-boxed elementor-section-height-default\" data-id=\"409d1ca4\" data-element_type=\"section\" data-settings=\"{&quot;background_background&quot;:&quot;classic&quot;}\">\n\t\t\t\t\t\t<div class=\"elementor-container elementor-column-gap-no\">\n\t\t\t\t\t<div data-custom-animations=\"true\" data-ca-options=\"{&quot;addChildTimelines&quot;:false,&quot;trigger&quot;:&quot;firstChild&quot;,&quot;animationTarget&quot;:&quot;:scope &gt; .elementor-widget-wrap &gt; .elementor-element &gt; .elementor-widget-container, :scope &gt; .elementor-widget-wrap &gt; .elementor-section &gt; .elementor-container &gt; .elementor-column &gt; .elementor-widget-wrap &gt; .elementor-element:not(.lqd-el-has-inner-anim) &gt; .elementor-widget-container, :scope &gt; .elementor-widget-wrap &gt; .elementor-widget-hub_fancy_heading .lqd-split-lines .lqd-lines .split-inner, :scope &gt; .elementor-widget-wrap &gt; .elementor-widget-hub_fancy_heading .lqd-split-words .lqd-words .split-inner, :scope &gt; .elementor-widget-wrap &gt; .elementor-widget-hub_fancy_heading .lqd-split-chars .lqd-chars .split-inner, :scope &gt; .elementor-widget-wrap &gt; .elementor-widget-ld_custom_menu .lqd-fancy-menu &gt; ul &gt; li&quot;,&quot;startDelay&quot;:800,&quot;ease&quot;:[&quot;power4.out&quot;],&quot;initValues&quot;:{&quot;y&quot;:&quot;25px&quot;,&quot;opacity&quot;:0,&quot;transformOrigin&quot;:&quot;50% 50% 0px&quot;},&quot;animations&quot;:{&quot;y&quot;:&quot;0px&quot;,&quot;opacity&quot;:1,&quot;transformOrigin&quot;:&quot;50% 50% 0px&quot;}}\" class=\"elementor-column elementor-col-100 elementor-top-column elementor-element elementor-element-7de62285\" data-id=\"7de62285\" data-element_type=\"column\">\n\t\t\t<div class=\"elementor-widget-wrap elementor-element-populated\">\n\t\t\t\t\t\t<section class=\"elementor-section elementor-inner-section elementor-element elementor-element-56e6aaa8 elementor-section-boxed elementor-section-height-default elementor-section-height-default\" data-id=\"56e6aaa8\" data-element_type=\"section\">\n\t\t\t\t\t\t<div class=\"elementor-container elementor-column-gap-default\">\n\t\t\t\t\t<div class=\"elementor-column elementor-col-100 elementor-inner-column elementor-element elementor-element-1ed9e2b0\" data-id=\"1ed9e2b0\" data-element_type=\"column\">\n\t\t\t<div class=\"elementor-widget-wrap elementor-element-populated\">\n\t\t\t\t\t\t<div data-custom-animations=\"true\" data-ca-options=\"{&quot;addChildTimelines&quot;:false,&quot;trigger&quot;:&quot;firstChild&quot;,&quot;animationTarget&quot;:&quot;.lqd-split-lines .lqd-lines .split-inner, .lqd-adv-txt-fig&quot;,&quot;duration&quot;:1200,&quot;startDelay&quot;:100,&quot;delay&quot;:40,&quot;ease&quot;:&quot;bounce.in&quot;,&quot;direction&quot;:&quot;random&quot;,&quot;initValues&quot;:{&quot;opacity&quot;:0,&quot;transformOrigin&quot;:&quot;50% 50% 0px&quot;},&quot;animations&quot;:{&quot;opacity&quot;:1,&quot;transformOrigin&quot;:&quot;50% 50% 0px&quot;}}\" class=\"elementor-element elementor-element-57822a63 elementor-widget elementor-widget-hub_fancy_heading lqd-el-has-inner-anim\" data-id=\"57822a63\" data-element_type=\"widget\" data-settings=\"{&quot;enable_split&quot;:&quot;true&quot;,&quot;split_type&quot;:&quot;lines&quot;}\" data-widget_type=\"hub_fancy_heading.default\">\n\t\t\t\t<div class=\"elementor-widget-container\">\n\t\t\t\t\t\n\t\t<div id=\"ld-fancy-heading-6a04064710741\" class=\"ld-fancy-heading pos-rel\">\n\t\t\t<p class=\"ld-fh-element d-inline-block pos-rel  lqd-highlight-classic lqd-highlight-grow-left lqd-split-lines p\"  data-split-text=\"true\" data-split-options='{\"type\":\"lines\"}'> Kimmo Pohjonen \u2013 accordion<br>\r\n\r\nPat Mastelotto \u2013 drums<br>\r\n\r\nTrey Gunn \u2013 guitar<br>\r\n\r\n <br><br>\r\n\r\nKTU reprezint\u0103 un trio exploziv alc\u0103tuit din temerarul acordeonist Kimmo Pohjonen, percu\u021bionistul manipulator de ritmuri Pat Mastelotto \u0219i warr-chitaristul Trey Gunn. \u00cencep\u00e2nd cu anul 2004, concertele lor se transform\u0103 \u00een evenimente unice \u00een care improviza\u021bia atinge intensit\u0103\u021bi neobi\u0219nuite, iar creativitatea pus\u0103 \u00een comun d\u0103 na\u0219tere unor peisaje psihedelice \u0219i unor tr\u0103iri extrem de puternice.\r\n<br>\r\nKTU concerteaz\u0103 cu succes \u00een toat\u0103 Europa, \u00een Statele Unite, Canada, Japonia \u0219i America de Sud. Au dou\u0103 albume \u00eentregistrate: 8 Armed Monkey (2005) \u0219i Quiver (2009).\r\n\r\n <br><br>\r\n\r\nTrey Gunn (n. 1960, S.U.A.) este un artist al mai multor instrumente: electric bass, chitar\u0103 electric\u0103 \u0219i acustic\u0103, keyboards \u0219i touch guitar. Are studii de compozi\u021bie clasic\u0103 la Universitatea din Oregon, iar cariera profesional\u0103 \u0219i-a construit-o stabilindu-se \u00een New York. \u00cen 1992, este solicitat s\u0103 li se al\u0103ture lui David Sylvian \u0219i Robert Fripp, \u00eentr-un proiect cu care str\u0103bat teritoriul Statelor Unite ale Americii, ajung \u00een Europa \u0219i \u00een Japonia. \u00cempreun\u0103 cu ei a \u00eenregistrat dou\u0103 albume, The First Day \u0219i Damage. \u00cen aceea\u0219i perioad\u0103 \u00eenregistreaz\u0103 \u0219i primul album solo, One Thousand Years, un album special \u00een care se afirm\u0103 ca povestitor \u0219i muzician. \u00cen 1994 sa al\u0103tur\u0103 celebrei trupe King Crimson. \u00cen urm\u0103torii 10 ani a participat la 17 CD-uri King Crimson, dou\u0103 DVD-uri \u0219i sute de concerte. Rolul s\u0103u \u00een aceast\u0103 configura\u021bie a grupului (Adrian Belew, Robert Fripp, Pat Mastelotto \u0219i Gunn) a fost s\u0103 introduc\u0103 un instrument nou \u0219i unic \u2013 Warr guitar. \u00cen plus fa\u021b\u0103 de concertele \u0219i \u00eenregistr\u0103rile cu grupul propriu, The Trey Gunn Band, Gunn a efectuat turnee \u0219i\/sau \u00eenregistr\u0103ri cu Brian Eno, Maynard J. Keenan \u201ePusicfer\u201d, Vernon Reid, Led Zeppelin\u2019s John Paul Jones, Azam Ali, Michael Brook, The Farlanders, Matt Chamberlain, David Hykes. Are aproape 20 de ani de colaborare constant\u0103, \u00een diferite proiecte, cu Robert Fripp. Quodia este un proiect \u00eenceput \u00een 2004, \u00een care integreaz\u0103 muzica live, filmul \u0219i povestirile, \u0219i care \u00eei permite s\u0103 p\u0103trund\u0103 \u00een tainele diverselor culturi din Rusia, Norvegia, Mexic, Chile \u0219i Argentina.\r\n<br><br>\r\n \r\n\r\nKimmo Pohjonen (n. 1964, Finlanda) c\u00e2nt\u0103 la acordeon de la 5 ani, datorit\u0103 tat\u0103lui s\u0103u, \u015fi, p\u00e2n\u0103 pe la 15 ani, va participa la concerte de muzic\u0103 popular\u0103 \u00een satul natal. \u00ce\u015fi d\u0103 seama c\u0103 vrea s\u0103 urmeze o carier\u0103 muzical\u0103 \u015fi \u00eencepe s\u0103 studieze la \u00eenceput muzic\u0103 clasic\u0103, \u00een Helsinki, la Academia Sibelius. Se axeaz\u0103 apoi pe world music \u0219i aprofundeaz\u0103 diverse instrumente: bandoneon, harmonium, kalimba \u015fi altele. Spre sf\u00e2r\u015fitul studiilor i se propune un concert solo \u0219i acela este momentul \u00een care va g\u0103si sonorit\u0103\u0163i dintre cele mai diverse pentru acordeon, practic reinvent\u00e2ndu-l. \u00cen paralel cu proiectul solo, Pohjonen este implicat \u00eenc\u0103 \u00een vreo zece alte proiecte importante, printre care: Uniko, al\u0103turi de Samuli Kosminen \u015fi Kronos Quartet, Bright Shadow cu dansatoarea Minna Tervam\u00e4ki, KTU, Kluster cu Samuli Kosminen, un duo al\u0103turi de fiica sa, Saana Pohjonen la tobe, Accordation Wrestling \u2013 acompaniind show-rile unei trupe de wrestling, Earth Machine Music \u00een colaborare cu fermieri din diverse regiuni,conect\u00e2nd acordeonul la ma\u015fin\u0103rii rurale \u015fi proces\u00e2nd zgomotele acelui spa\u0163iu \u00eentr-un live performance.\r\n\r\n <br><br>\r\n\r\nPat Mastelotto (n. 1955, S.U.A.), tobe, \u00ee\u015fi petrece via\u0163a s\u0103rind de la un gen de muzic\u0103 la altul: de la pop, la rock progresiv, de la muzica electronic\u0103 la world music, iar teritoriile vaste acoperite \u00een King Crimson, unde activeaz\u0103 din 1994, dovedesc un talent natural pentru experimentele bazate pe improviza\u0163ie. Originar din Chicago, Pat Mastelotto descoper\u0103 tobele pe la 10 ani. Autodidact, \u00ee\u015fi g\u0103se\u015fte un loc rapid \u00een diverse trupe locale. \u00cen 1982, Richard Page \u015fi Steve George \u00eel coopteaza \u00een Mr. Mister, care va avea un succes deosebit la acea vreme. Activeaz\u0103 neobosit \u00een trio-ul Stick Men, ini\u0163iat de Tony Levin, \u015fi \u00een alte c\u00e2teva proiecte secundare ca TU\u2013 cu Trey Gunn, KTU, TUner\u2013 cu Markus Reuter, The Crimson ProjeKCt. Utiliz\u00e2nd o combina\u0163ie inovatoare de tobe acustice \u015fi electronice, folosind sampling \u015fi programare, Mastelotto \u015fi-a creat un stil unic ce a revigorat vechile piese King Crimson.\r\n\r\n <br><br>\r\n\r\nDISCOGRAFIE:<br>\r\n\r\n8 Armed Monkey (2005);<br>\r\n\r\nQuiver (2009)<br><\/p>\t\t<\/div>\n\n\t\t\t\t\t\t<\/div>\n\t\t\t\t<\/div>\n\t\t\t\t\t<\/div>\n\t\t<\/div>\n\t\t\t\t\t<\/div>\n\t\t<\/section>\n\t\t\t\t<div class=\"elementor-element elementor-element-4af18cc7 elementor-widget-divider--view-line elementor-widget elementor-widget-divider\" data-id=\"4af18cc7\" data-element_type=\"widget\" data-widget_type=\"divider.default\">\n\t\t\t\t<div class=\"elementor-widget-container\">\n\t\t\t\t\t\t\t<div class=\"elementor-divider\">\n\t\t\t<span class=\"elementor-divider-separator\">\n\t\t\t\t\t\t<\/span>\n\t\t<\/div>\n\t\t\t\t\t\t<\/div>\n\t\t\t\t<\/div>\n\t\t\t\t<section class=\"elementor-section elementor-inner-section elementor-element elementor-element-2c12af35 elementor-section-boxed elementor-section-height-default elementor-section-height-default\" data-id=\"2c12af35\" data-element_type=\"section\" id=\"asculta\">\n\t\t\t\t\t\t<div class=\"elementor-container elementor-column-gap-default\">\n\t\t\t\t\t<div class=\"elementor-column elementor-col-100 elementor-inner-column elementor-element elementor-element-1acf74ea\" data-id=\"1acf74ea\" data-element_type=\"column\">\n\t\t\t<div class=\"elementor-widget-wrap elementor-element-populated\">\n\t\t\t\t\t\t<div class=\"elementor-element elementor-element-5c547383 elementor-widget elementor-widget-video\" data-id=\"5c547383\" data-element_type=\"widget\" data-settings=\"{&quot;youtube_url&quot;:&quot;https:\\\/\\\/www.youtube.com\\\/watch?v=kxSyniwhrzw&amp;pp=ygUDS1RV&quot;,&quot;video_type&quot;:&quot;youtube&quot;,&quot;controls&quot;:&quot;yes&quot;}\" data-widget_type=\"video.default\">\n\t\t\t\t<div class=\"elementor-widget-container\">\n\t\t\t\t\t\t\t<div class=\"elementor-wrapper elementor-open-inline\">\n\t\t\t<div class=\"elementor-video\"><\/div>\t\t<\/div>\n\t\t\t\t\t\t<\/div>\n\t\t\t\t<\/div>\n\t\t\t\t\t<\/div>\n\t\t<\/div>\n\t\t\t\t\t<\/div>\n\t\t<\/section>\n\t\t\t\t\t<\/div>\n\t\t<\/div>\n\t\t\t\t\t<\/div>\n\t\t<\/section>\n\t\t\t\t<\/div>","protected":false},"excerpt":{"rendered":"<p>Listen<\/p>","protected":false},"author":3,"featured_media":7324,"parent":7312,"menu_order":0,"comment_status":"closed","ping_status":"closed","template":"","meta":{"footnotes":""},"class_list":["post-7435","page","type-page","status-publish","has-post-thumbnail","hentry"],"_links":{"self":[{"href":"https:\/\/garana-jazz.ro\/en\/wp-json\/wp\/v2\/pages\/7435","targetHints":{"allow":["GET"]}}],"collection":[{"href":"https:\/\/garana-jazz.ro\/en\/wp-json\/wp\/v2\/pages"}],"about":[{"href":"https:\/\/garana-jazz.ro\/en\/wp-json\/wp\/v2\/types\/page"}],"author":[{"embeddable":true,"href":"https:\/\/garana-jazz.ro\/en\/wp-json\/wp\/v2\/users\/3"}],"replies":[{"embeddable":true,"href":"https:\/\/garana-jazz.ro\/en\/wp-json\/wp\/v2\/comments?post=7435"}],"version-history":[{"count":0,"href":"https:\/\/garana-jazz.ro\/en\/wp-json\/wp\/v2\/pages\/7435\/revisions"}],"up":[{"embeddable":true,"href":"https:\/\/garana-jazz.ro\/en\/wp-json\/wp\/v2\/pages\/7312"}],"wp:featuredmedia":[{"embeddable":true,"href":"https:\/\/garana-jazz.ro\/en\/wp-json\/wp\/v2\/media\/7324"}],"wp:attachment":[{"href":"https:\/\/garana-jazz.ro\/en\/wp-json\/wp\/v2\/media?parent=7435"}],"curies":[{"name":"wp","href":"https:\/\/api.w.org\/{rel}","templated":true}]}}