{"id":7456,"date":"2024-02-29T14:14:24","date_gmt":"2024-02-29T11:14:24","guid":{"rendered":"https:\/\/garana-jazz.mywp.ro\/?page_id=7456"},"modified":"2024-02-29T14:15:40","modified_gmt":"2024-02-29T11:15:40","slug":"sorin-zlat-trio","status":"publish","type":"page","link":"https:\/\/garana-jazz.ro\/en\/gjf-2016\/sorin-zlat-trio\/","title":{"rendered":"SORIN ZLAT TRIO"},"content":{"rendered":"<div data-elementor-type=\"wp-page\" data-elementor-id=\"7456\" class=\"elementor elementor-7456\" data-elementor-post-type=\"page\">\n\t\t\t\t\t\t<section data-section-luminosity=\"dark\" data-lqd-section-scroll=\"true\" class=\"elementor-section elementor-top-section elementor-element elementor-element-135401df elementor-section-height-min-height elementor-section-items-bottom elementor-section-boxed elementor-section-height-default elementor-invisible\" data-id=\"135401df\" data-element_type=\"section\" data-settings=\"{&quot;background_background&quot;:&quot;classic&quot;,&quot;animation&quot;:&quot;fadeIn&quot;}\">\n\t\t\t\t\t\t\t<div class=\"elementor-background-overlay\"><\/div>\n\t\t\t\t\t\t\t<div class=\"elementor-container elementor-column-gap-default\">\n\t\t\t\t\t<div class=\"elementor-column elementor-col-100 elementor-top-column elementor-element elementor-element-1dedd612\" data-id=\"1dedd612\" data-element_type=\"column\">\n\t\t\t<div class=\"elementor-widget-wrap elementor-element-populated\">\n\t\t\t\t\t\t<div class=\"elementor-element elementor-element-3d2375b5 elementor-widget elementor-widget-spacer\" data-id=\"3d2375b5\" data-element_type=\"widget\" data-widget_type=\"spacer.default\">\n\t\t\t\t<div class=\"elementor-widget-container\">\n\t\t\t\t\t\t\t<div class=\"elementor-spacer\">\n\t\t\t<div class=\"elementor-spacer-inner\"><\/div>\n\t\t<\/div>\n\t\t\t\t\t\t<\/div>\n\t\t\t\t<\/div>\n\t\t\t\t<div class=\"elementor-element elementor-element-7c9aa2db elementor-widget elementor-widget-hub_fancy_heading lqd-el-has-inner-anim\" data-id=\"7c9aa2db\" data-element_type=\"widget\" data-settings=\"{&quot;enable_split&quot;:&quot;true&quot;,&quot;split_type&quot;:&quot;chars, words&quot;}\" data-widget_type=\"hub_fancy_heading.default\">\n\t\t\t\t<div class=\"elementor-widget-container\">\n\t\t\t\t\t\n\t\t<div id=\"ld-fancy-heading-69e90d415fe2b\" class=\"ld-fancy-heading pos-rel\">\n\t\t\t<h1 class=\"ld-fh-element d-inline-block pos-rel  elementor-heading-title lqd-highlight-classic lqd-highlight-grow-left lqd-split-chars h1\"  data-split-text=\"true\" data-split-options='{\"type\":\"chars, words\"}'> SORIN ZLAT TRIO<\/h1>\t\t<\/div>\n\n\t\t\t\t\t\t<\/div>\n\t\t\t\t<\/div>\n\t\t\t\t<section class=\"elementor-section elementor-inner-section elementor-element elementor-element-47af76fb elementor-section-boxed elementor-section-height-default elementor-section-height-default\" data-id=\"47af76fb\" data-element_type=\"section\">\n\t\t\t\t\t\t\t<div class=\"elementor-background-overlay\"><\/div>\n\t\t\t\t\t\t\t<div class=\"elementor-container elementor-column-gap-default\">\n\t\t\t\t\t<div class=\"elementor-column elementor-col-33 elementor-inner-column elementor-element elementor-element-5d1f4d8d\" data-id=\"5d1f4d8d\" data-element_type=\"column\">\n\t\t\t<div class=\"elementor-widget-wrap elementor-element-populated\">\n\t\t\t\t\t\t<div class=\"elementor-element elementor-element-39b12b3b elementor-widget elementor-widget-hub_fancy_heading\" data-id=\"39b12b3b\" data-element_type=\"widget\" data-widget_type=\"hub_fancy_heading.default\">\n\t\t\t\t<div class=\"elementor-widget-container\">\n\t\t\t\t\t\n\t\t<div id=\"ld-fancy-heading-69e90d41606bc\" class=\"ld-fancy-heading pos-rel\">\n\t\t\t<h4 class=\"ld-fh-element d-inline-block pos-rel  elementor-heading-title lqd-highlight-classic lqd-highlight-grow-left h4\"  > #garanajazz2016<\/h4>\t\t<\/div>\n\n\t\t\t\t\t\t<\/div>\n\t\t\t\t<\/div>\n\t\t\t\t\t<\/div>\n\t\t<\/div>\n\t\t\t\t<div class=\"elementor-column elementor-col-33 elementor-inner-column elementor-element elementor-element-3ef7d4ba\" data-id=\"3ef7d4ba\" data-element_type=\"column\">\n\t\t\t<div class=\"elementor-widget-wrap elementor-element-populated\">\n\t\t\t\t\t\t<div class=\"elementor-element elementor-element-1d63fc96 elementor-widget elementor-widget-hub_fancy_heading\" data-id=\"1d63fc96\" data-element_type=\"widget\" data-widget_type=\"hub_fancy_heading.default\">\n\t\t\t\t<div class=\"elementor-widget-container\">\n\t\t\t\t\t\n\t\t<div id=\"ld-fancy-heading-69e90d4160bb4\" class=\"ld-fancy-heading pos-rel\">\n\t\t\t<p class=\"ld-fh-element d-inline-block pos-rel  lqd-highlight-classic lqd-highlight-grow-left p\"  > Main Stage, Poiana Lupului, G\u0103r\u00e2na<\/p>\t\t<\/div>\n\n\t\t\t\t\t\t<\/div>\n\t\t\t\t<\/div>\n\t\t\t\t\t<\/div>\n\t\t<\/div>\n\t\t\t\t<div class=\"elementor-column elementor-col-33 elementor-inner-column elementor-element elementor-element-480dc32e\" data-id=\"480dc32e\" data-element_type=\"column\">\n\t\t\t<div class=\"elementor-widget-wrap elementor-element-populated\">\n\t\t\t\t\t\t<div class=\"elementor-element elementor-element-4e999071 elementor-align-right elementor-tablet-align-left elementor-widget elementor-widget-ld_button\" data-id=\"4e999071\" data-element_type=\"widget\" data-widget_type=\"ld_button.default\">\n\t\t\t\t<div class=\"elementor-widget-container\">\n\t\t\t\t\t\n\t\t\t<a\n\t\t\t\thref=\"#asculta\"class=\"elementor-button btn btn-solid btn-icon-right btn-hover-reveal btn-has-label\"\t\t\t>\n\t\t\t\t\t\t\t\t\t<span data-text=\"Ascult\u0103\" class=\"btn-txt\">\n\t\t\t\t\t\tListen\t\t\t\t\t<\/span>\n\t\t\t\t\t\t\t\t\t\t\t\t\t\t<span class=\"btn-icon\">\n\t\t\t\t\t\t\t<i aria-hidden=\"true\" class=\"lqd-icn-ess icon-md-arrow-forward\"><\/i>\t\t\t\t\t\t<\/span>\n\t\t\t\t\t\t\t\t\t<\/a>\n\t\t\t\t\t\t\t<\/div>\n\t\t\t\t<\/div>\n\t\t\t\t\t<\/div>\n\t\t<\/div>\n\t\t\t\t\t<\/div>\n\t\t<\/section>\n\t\t\t\t\t<\/div>\n\t\t<\/div>\n\t\t\t\t\t<\/div>\n\t\t<\/section>\n\t\t\t\t<section data-section-luminosity=\"dark\" data-lqd-custom-cursor=\"true\" class=\"elementor-section elementor-top-section elementor-element elementor-element-2241b94a elementor-section-height-min-height elementor-section-items-stretch elementor-section-content-middle elementor-section-boxed elementor-section-height-default\" data-id=\"2241b94a\" data-element_type=\"section\" data-settings=\"{&quot;background_background&quot;:&quot;classic&quot;}\">\n\t\t\t\t\t\t<div class=\"elementor-container elementor-column-gap-no\">\n\t\t\t\t\t<div data-custom-animations=\"true\" data-ca-options=\"{&quot;addChildTimelines&quot;:false,&quot;trigger&quot;:&quot;firstChild&quot;,&quot;animationTarget&quot;:&quot;:scope &gt; .elementor-widget-wrap &gt; .elementor-element &gt; .elementor-widget-container, :scope &gt; .elementor-widget-wrap &gt; .elementor-section &gt; .elementor-container &gt; .elementor-column &gt; .elementor-widget-wrap &gt; .elementor-element:not(.lqd-el-has-inner-anim) &gt; .elementor-widget-container, :scope &gt; .elementor-widget-wrap &gt; .elementor-widget-hub_fancy_heading .lqd-split-lines .lqd-lines .split-inner, :scope &gt; .elementor-widget-wrap &gt; .elementor-widget-hub_fancy_heading .lqd-split-words .lqd-words .split-inner, :scope &gt; .elementor-widget-wrap &gt; .elementor-widget-hub_fancy_heading .lqd-split-chars .lqd-chars .split-inner, :scope &gt; .elementor-widget-wrap &gt; .elementor-widget-ld_custom_menu .lqd-fancy-menu &gt; ul &gt; li&quot;,&quot;startDelay&quot;:800,&quot;ease&quot;:[&quot;power4.out&quot;],&quot;initValues&quot;:{&quot;y&quot;:&quot;25px&quot;,&quot;opacity&quot;:0,&quot;transformOrigin&quot;:&quot;50% 50% 0px&quot;},&quot;animations&quot;:{&quot;y&quot;:&quot;0px&quot;,&quot;opacity&quot;:1,&quot;transformOrigin&quot;:&quot;50% 50% 0px&quot;}}\" class=\"elementor-column elementor-col-100 elementor-top-column elementor-element elementor-element-49a7a5be\" data-id=\"49a7a5be\" data-element_type=\"column\">\n\t\t\t<div class=\"elementor-widget-wrap elementor-element-populated\">\n\t\t\t\t\t\t<section class=\"elementor-section elementor-inner-section elementor-element elementor-element-b8a92de elementor-section-boxed elementor-section-height-default elementor-section-height-default\" data-id=\"b8a92de\" data-element_type=\"section\">\n\t\t\t\t\t\t<div class=\"elementor-container elementor-column-gap-default\">\n\t\t\t\t\t<div class=\"elementor-column elementor-col-100 elementor-inner-column elementor-element elementor-element-629e842c\" data-id=\"629e842c\" data-element_type=\"column\">\n\t\t\t<div class=\"elementor-widget-wrap elementor-element-populated\">\n\t\t\t\t\t\t<div data-custom-animations=\"true\" data-ca-options=\"{&quot;addChildTimelines&quot;:false,&quot;trigger&quot;:&quot;firstChild&quot;,&quot;animationTarget&quot;:&quot;.lqd-split-lines .lqd-lines .split-inner, .lqd-adv-txt-fig&quot;,&quot;duration&quot;:1200,&quot;startDelay&quot;:100,&quot;delay&quot;:40,&quot;ease&quot;:&quot;bounce.in&quot;,&quot;direction&quot;:&quot;random&quot;,&quot;initValues&quot;:{&quot;opacity&quot;:0,&quot;transformOrigin&quot;:&quot;50% 50% 0px&quot;},&quot;animations&quot;:{&quot;opacity&quot;:1,&quot;transformOrigin&quot;:&quot;50% 50% 0px&quot;}}\" class=\"elementor-element elementor-element-7ff8b2a9 elementor-widget elementor-widget-hub_fancy_heading lqd-el-has-inner-anim\" data-id=\"7ff8b2a9\" data-element_type=\"widget\" data-settings=\"{&quot;enable_split&quot;:&quot;true&quot;,&quot;split_type&quot;:&quot;lines&quot;}\" data-widget_type=\"hub_fancy_heading.default\">\n\t\t\t\t<div class=\"elementor-widget-container\">\n\t\t\t\t\t\n\t\t<div id=\"ld-fancy-heading-69e90d4162bc4\" class=\"ld-fancy-heading pos-rel\">\n\t\t\t<p class=\"ld-fh-element d-inline-block pos-rel  lqd-highlight-classic lqd-highlight-grow-left lqd-split-lines p\"  data-split-text=\"true\" data-split-options='{\"type\":\"lines\"}'> Sorin Zlat \u2013 piano<br>\r\n\r\nR\u0103zvan Cojanu \u2013 double bass<br>\r\n\r\nClaudiu Purc\u0103rin \u2013 drums<br>\r\n\r\n \r\n<br><br>\r\nSorin Zlat Trio a ob\u021binut aprecierea publicului de jazz \u00eenc\u0103 de la primele concerte, din 2008, data \u00eenfiin\u021b\u0103rii. Av\u00e2nd \u00een repertoriu standarde de jazz, dar \u0219i compozi\u021bii ale liderului Sorin Zlat, trio-ul s-a remarcat pe numeroase scene na\u021bionale \u0219i interna\u021bionale, c\u00e2\u0219tig\u00e2nd, totodat\u0103, premii \u00een competi\u021bii prestigioase.\r\n\r\n <br><br>\r\n\r\nSorin Zlat (n. 1985, Bacau) este pianist, clarinetist, compozitor \u0219i orchestrator. N\u0103scut \u00eentr-o familie de muzicieni, a fost constant sus\u021binut s\u0103 \u00ee\u0219i urmeze pasiunea pentru muzic\u0103. \u00cen 2009 a absolvit Universitatea de Arte George Enescu la clasa de clarinet clasic. \u00cen anii facult\u0103\u021bii este atras de jazz \u0219i \u00eencepe s\u0103 experimenteze \u0219i s\u0103 se perfec\u021bioneze, urm\u00e2nd un master la sec\u021bia de jazz pentru pian. Stilul s\u0103u este o fuziune surprinz\u0103toare de jazz, latino, pop \u0219i muzic\u0103 clasic\u0103, av\u00e2nd un repertoriu colorat \u0219i fascinant. Talentul s\u0103u const\u0103, pe de o parte, \u00een abilitatea de a g\u0103si noi interpret\u0103ri ale standardelor de jazz existente, iar pe de alt\u0103 parte \u00een a crea compozi\u021bii originale. \u00cen 2015, Sorin Zlat devine primul muzician din afara Statelor Unite care prime\u015fte Marele Premiu la Jacksonville Jazz Piano Competition. Tot \u00een 2015, Sorin Zlat \u00ee\u0219i lanseaz\u0103 primul album, intitulat \u201eEndurance\u201d, un album cu influen\u021be latine, flamenco \u0219i din muzica clasic\u0103, combinate cu jazz.\r\n\r\n <br><br>\r\n\r\nR\u04d1zvan Cojanu (n. 1984, Ploie\u0219ti) este un t\u00e2n\u0103r basist experimentat \u0219i des solicitat pentru virtuozitatea sa. Colabor\u0103rile cu muzicieni importan\u021bi ai scenei de jazz rom\u00e2ne\u0219ti dau m\u0103sura talentului pe care \u00eel posed\u0103. A c\u00e2ntat al\u0103turi de Mircea Tiberian, Cristian Soleanu, Nicolas Simion, Rick Condit, Tom Smith, Alan Jones, Alex Harding. Particip\u0103 la \u00eenregistrarea albumelor: Petric\u04d1 Andrei Trio \u2013 Dedicated Waltz \u0219i Marius Vernescu Trio Live from Orf. Prezen\u0163a la evenimentele de jazz interna\u0163ionale include: Jazz Wien Tunel, Beijing Fest Golden Jazz, Trophy Lille, Nardis Club Istanbul, Expres Jazz Club London, Vortex Jazz Club din Londra.\r\n<br><br>\r\n \r\n\r\nClaudiu Purc\u0103rin (1979, Cluj-Napoca) este foarte cunoscut de public pentru activitatea sa din trupa Sistem, cu care a c\u00e2ntat un repertoriu unic \u0219i neconven\u021bional, utiliz\u00e2nd butoaiele ca instrumente de percu\u021bie. A mo\u0219tenit dragostea pentru tobe de la tat\u0103l s\u0103u, percu\u021bionist de profesie. A absolvit Liceul de Muzic\u0103 \u201eSigismund Todu\u021b\u0103\u201d din Cluj-Napoca \u0219i a fost percu\u021bionist al forma\u021biilor Atlantic, Voices of Silence, Ansamblul de Estrad\u0103 al Casei Armatei, Mihai Porci\u0219anu Quartet, Old Timers Dixiland, Hara, Altar, Narcoma. Colaboreaz\u0103 cu Nightlosers, Alina Manole, Spitalul de Urgen\u021b\u0103 \u0219i Alex Mu\u0219at Band.<\/p>\t\t<\/div>\n\n\t\t\t\t\t\t<\/div>\n\t\t\t\t<\/div>\n\t\t\t\t\t<\/div>\n\t\t<\/div>\n\t\t\t\t\t<\/div>\n\t\t<\/section>\n\t\t\t\t<div class=\"elementor-element elementor-element-5dbfecee elementor-widget-divider--view-line elementor-widget elementor-widget-divider\" data-id=\"5dbfecee\" data-element_type=\"widget\" data-widget_type=\"divider.default\">\n\t\t\t\t<div class=\"elementor-widget-container\">\n\t\t\t\t\t\t\t<div class=\"elementor-divider\">\n\t\t\t<span class=\"elementor-divider-separator\">\n\t\t\t\t\t\t<\/span>\n\t\t<\/div>\n\t\t\t\t\t\t<\/div>\n\t\t\t\t<\/div>\n\t\t\t\t<section class=\"elementor-section elementor-inner-section elementor-element elementor-element-76f0624f elementor-section-boxed elementor-section-height-default elementor-section-height-default\" data-id=\"76f0624f\" data-element_type=\"section\" id=\"asculta\">\n\t\t\t\t\t\t<div class=\"elementor-container elementor-column-gap-default\">\n\t\t\t\t\t<div class=\"elementor-column elementor-col-50 elementor-inner-column elementor-element elementor-element-7f35523c\" data-id=\"7f35523c\" data-element_type=\"column\">\n\t\t\t<div class=\"elementor-widget-wrap elementor-element-populated\">\n\t\t\t\t\t\t<div class=\"elementor-element elementor-element-45161fcc elementor-widget elementor-widget-html\" data-id=\"45161fcc\" data-element_type=\"widget\" data-widget_type=\"html.default\">\n\t\t\t\t<div class=\"elementor-widget-container\">\n\t\t\t\t\t<iframe style=\"border-radius:12px\" src=\"https:\/\/open.spotify.com\/embed\/artist\/4ege42Cqql0NJlRbL9OGfs?utm_source=generator\" width=\"100%\" height=\"352\" frameborder=\"0\" allowfullscreen=\"\" allow=\"autoplay; clipboard-write; encrypted-media; fullscreen; picture-in-picture\" loading=\"lazy\"><\/iframe>\t\t\t\t<\/div>\n\t\t\t\t<\/div>\n\t\t\t\t\t<\/div>\n\t\t<\/div>\n\t\t\t\t<div class=\"elementor-column elementor-col-50 elementor-inner-column elementor-element elementor-element-712153e4\" data-id=\"712153e4\" data-element_type=\"column\">\n\t\t\t<div class=\"elementor-widget-wrap elementor-element-populated\">\n\t\t\t\t\t\t<div class=\"elementor-element elementor-element-666b5eea elementor-widget elementor-widget-video\" data-id=\"666b5eea\" data-element_type=\"widget\" data-settings=\"{&quot;youtube_url&quot;:&quot;https:\\\/\\\/www.youtube.com\\\/watch?v=jWBc9aFrJAA&amp;pp=ygUbU09SSU4gWkxBVCBUUklPIGdhcmFuYSBqYXp6&quot;,&quot;video_type&quot;:&quot;youtube&quot;,&quot;controls&quot;:&quot;yes&quot;}\" data-widget_type=\"video.default\">\n\t\t\t\t<div class=\"elementor-widget-container\">\n\t\t\t\t\t\t\t<div class=\"elementor-wrapper elementor-open-inline\">\n\t\t\t<div class=\"elementor-video\"><\/div>\t\t<\/div>\n\t\t\t\t\t\t<\/div>\n\t\t\t\t<\/div>\n\t\t\t\t\t<\/div>\n\t\t<\/div>\n\t\t\t\t\t<\/div>\n\t\t<\/section>\n\t\t\t\t\t<\/div>\n\t\t<\/div>\n\t\t\t\t\t<\/div>\n\t\t<\/section>\n\t\t\t\t<\/div>","protected":false},"excerpt":{"rendered":"<p>Listen<\/p>","protected":false},"author":3,"featured_media":7334,"parent":7312,"menu_order":0,"comment_status":"closed","ping_status":"closed","template":"","meta":{"footnotes":""},"class_list":["post-7456","page","type-page","status-publish","has-post-thumbnail","hentry"],"_links":{"self":[{"href":"https:\/\/garana-jazz.ro\/en\/wp-json\/wp\/v2\/pages\/7456","targetHints":{"allow":["GET"]}}],"collection":[{"href":"https:\/\/garana-jazz.ro\/en\/wp-json\/wp\/v2\/pages"}],"about":[{"href":"https:\/\/garana-jazz.ro\/en\/wp-json\/wp\/v2\/types\/page"}],"author":[{"embeddable":true,"href":"https:\/\/garana-jazz.ro\/en\/wp-json\/wp\/v2\/users\/3"}],"replies":[{"embeddable":true,"href":"https:\/\/garana-jazz.ro\/en\/wp-json\/wp\/v2\/comments?post=7456"}],"version-history":[{"count":0,"href":"https:\/\/garana-jazz.ro\/en\/wp-json\/wp\/v2\/pages\/7456\/revisions"}],"up":[{"embeddable":true,"href":"https:\/\/garana-jazz.ro\/en\/wp-json\/wp\/v2\/pages\/7312"}],"wp:featuredmedia":[{"embeddable":true,"href":"https:\/\/garana-jazz.ro\/en\/wp-json\/wp\/v2\/media\/7334"}],"wp:attachment":[{"href":"https:\/\/garana-jazz.ro\/en\/wp-json\/wp\/v2\/media?parent=7456"}],"curies":[{"name":"wp","href":"https:\/\/api.w.org\/{rel}","templated":true}]}}