{"id":7504,"date":"2024-02-29T14:32:06","date_gmt":"2024-02-29T11:32:06","guid":{"rendered":"https:\/\/garana-jazz.mywp.ro\/?page_id=7504"},"modified":"2024-02-29T14:33:35","modified_gmt":"2024-02-29T11:33:35","slug":"louis-sclavis-trio","status":"publish","type":"page","link":"https:\/\/garana-jazz.ro\/en\/gjf-2016\/louis-sclavis-trio\/","title":{"rendered":"LOUIS SCLAVIS TRIO"},"content":{"rendered":"<div data-elementor-type=\"wp-page\" data-elementor-id=\"7504\" class=\"elementor elementor-7504\" data-elementor-post-type=\"page\">\n\t\t\t\t\t\t<section data-section-luminosity=\"dark\" data-lqd-section-scroll=\"true\" class=\"elementor-section elementor-top-section elementor-element elementor-element-45f45169 elementor-section-height-min-height elementor-section-items-bottom elementor-section-boxed elementor-section-height-default elementor-invisible\" data-id=\"45f45169\" data-element_type=\"section\" data-settings=\"{&quot;background_background&quot;:&quot;classic&quot;,&quot;animation&quot;:&quot;fadeIn&quot;}\">\n\t\t\t\t\t\t\t<div class=\"elementor-background-overlay\"><\/div>\n\t\t\t\t\t\t\t<div class=\"elementor-container elementor-column-gap-default\">\n\t\t\t\t\t<div class=\"elementor-column elementor-col-100 elementor-top-column elementor-element elementor-element-5abccfbb\" data-id=\"5abccfbb\" data-element_type=\"column\">\n\t\t\t<div class=\"elementor-widget-wrap elementor-element-populated\">\n\t\t\t\t\t\t<div class=\"elementor-element elementor-element-410a6fec elementor-widget elementor-widget-spacer\" data-id=\"410a6fec\" data-element_type=\"widget\" data-widget_type=\"spacer.default\">\n\t\t\t\t<div class=\"elementor-widget-container\">\n\t\t\t\t\t\t\t<div class=\"elementor-spacer\">\n\t\t\t<div class=\"elementor-spacer-inner\"><\/div>\n\t\t<\/div>\n\t\t\t\t\t\t<\/div>\n\t\t\t\t<\/div>\n\t\t\t\t<div class=\"elementor-element elementor-element-26969df4 elementor-widget elementor-widget-hub_fancy_heading lqd-el-has-inner-anim\" data-id=\"26969df4\" data-element_type=\"widget\" data-settings=\"{&quot;enable_split&quot;:&quot;true&quot;,&quot;split_type&quot;:&quot;chars, words&quot;}\" data-widget_type=\"hub_fancy_heading.default\">\n\t\t\t\t<div class=\"elementor-widget-container\">\n\t\t\t\t\t\n\t\t<div id=\"ld-fancy-heading-6a04069f57fcc\" class=\"ld-fancy-heading pos-rel\">\n\t\t\t<h1 class=\"ld-fh-element d-inline-block pos-rel  elementor-heading-title lqd-highlight-classic lqd-highlight-grow-left lqd-split-chars h1\"  data-split-text=\"true\" data-split-options='{\"type\":\"chars, words\"}'> LOUIS SCLAVIS TRIO<\/h1>\t\t<\/div>\n\n\t\t\t\t\t\t<\/div>\n\t\t\t\t<\/div>\n\t\t\t\t<section class=\"elementor-section elementor-inner-section elementor-element elementor-element-119b1693 elementor-section-boxed elementor-section-height-default elementor-section-height-default\" data-id=\"119b1693\" data-element_type=\"section\">\n\t\t\t\t\t\t\t<div class=\"elementor-background-overlay\"><\/div>\n\t\t\t\t\t\t\t<div class=\"elementor-container elementor-column-gap-default\">\n\t\t\t\t\t<div class=\"elementor-column elementor-col-33 elementor-inner-column elementor-element elementor-element-50b03040\" data-id=\"50b03040\" data-element_type=\"column\">\n\t\t\t<div class=\"elementor-widget-wrap elementor-element-populated\">\n\t\t\t\t\t\t<div class=\"elementor-element elementor-element-11149408 elementor-widget elementor-widget-hub_fancy_heading\" data-id=\"11149408\" data-element_type=\"widget\" data-widget_type=\"hub_fancy_heading.default\">\n\t\t\t\t<div class=\"elementor-widget-container\">\n\t\t\t\t\t\n\t\t<div id=\"ld-fancy-heading-6a04069f588b5\" class=\"ld-fancy-heading pos-rel\">\n\t\t\t<h4 class=\"ld-fh-element d-inline-block pos-rel  elementor-heading-title lqd-highlight-classic lqd-highlight-grow-left h4\"  > #garanajazz2016<\/h4>\t\t<\/div>\n\n\t\t\t\t\t\t<\/div>\n\t\t\t\t<\/div>\n\t\t\t\t\t<\/div>\n\t\t<\/div>\n\t\t\t\t<div class=\"elementor-column elementor-col-33 elementor-inner-column elementor-element elementor-element-1f12b172\" data-id=\"1f12b172\" data-element_type=\"column\">\n\t\t\t<div class=\"elementor-widget-wrap elementor-element-populated\">\n\t\t\t\t\t\t<div class=\"elementor-element elementor-element-2827bb97 elementor-widget elementor-widget-hub_fancy_heading\" data-id=\"2827bb97\" data-element_type=\"widget\" data-widget_type=\"hub_fancy_heading.default\">\n\t\t\t\t<div class=\"elementor-widget-container\">\n\t\t\t\t\t\n\t\t<div id=\"ld-fancy-heading-6a04069f58dba\" class=\"ld-fancy-heading pos-rel\">\n\t\t\t<p class=\"ld-fh-element d-inline-block pos-rel  lqd-highlight-classic lqd-highlight-grow-left p\"  > Main Stage, Poiana Lupului, G\u0103r\u00e2na<\/p>\t\t<\/div>\n\n\t\t\t\t\t\t<\/div>\n\t\t\t\t<\/div>\n\t\t\t\t\t<\/div>\n\t\t<\/div>\n\t\t\t\t<div class=\"elementor-column elementor-col-33 elementor-inner-column elementor-element elementor-element-d68c6e6\" data-id=\"d68c6e6\" data-element_type=\"column\">\n\t\t\t<div class=\"elementor-widget-wrap elementor-element-populated\">\n\t\t\t\t\t\t<div class=\"elementor-element elementor-element-381d5dc0 elementor-align-right elementor-tablet-align-left elementor-widget elementor-widget-ld_button\" data-id=\"381d5dc0\" data-element_type=\"widget\" data-widget_type=\"ld_button.default\">\n\t\t\t\t<div class=\"elementor-widget-container\">\n\t\t\t\t\t\n\t\t\t<a\n\t\t\t\thref=\"#asculta\"class=\"elementor-button btn btn-solid btn-icon-right btn-hover-reveal btn-has-label\"\t\t\t>\n\t\t\t\t\t\t\t\t\t<span data-text=\"Ascult\u0103\" class=\"btn-txt\">\n\t\t\t\t\t\tListen\t\t\t\t\t<\/span>\n\t\t\t\t\t\t\t\t\t\t\t\t\t\t<span class=\"btn-icon\">\n\t\t\t\t\t\t\t<i aria-hidden=\"true\" class=\"lqd-icn-ess icon-md-arrow-forward\"><\/i>\t\t\t\t\t\t<\/span>\n\t\t\t\t\t\t\t\t\t<\/a>\n\t\t\t\t\t\t\t<\/div>\n\t\t\t\t<\/div>\n\t\t\t\t\t<\/div>\n\t\t<\/div>\n\t\t\t\t\t<\/div>\n\t\t<\/section>\n\t\t\t\t\t<\/div>\n\t\t<\/div>\n\t\t\t\t\t<\/div>\n\t\t<\/section>\n\t\t\t\t<section data-section-luminosity=\"dark\" data-lqd-custom-cursor=\"true\" class=\"elementor-section elementor-top-section elementor-element elementor-element-8b864db elementor-section-height-min-height elementor-section-items-stretch elementor-section-content-middle elementor-section-boxed elementor-section-height-default\" data-id=\"8b864db\" data-element_type=\"section\" data-settings=\"{&quot;background_background&quot;:&quot;classic&quot;}\">\n\t\t\t\t\t\t<div class=\"elementor-container elementor-column-gap-no\">\n\t\t\t\t\t<div data-custom-animations=\"true\" data-ca-options=\"{&quot;addChildTimelines&quot;:false,&quot;trigger&quot;:&quot;firstChild&quot;,&quot;animationTarget&quot;:&quot;:scope &gt; .elementor-widget-wrap &gt; .elementor-element &gt; .elementor-widget-container, :scope &gt; .elementor-widget-wrap &gt; .elementor-section &gt; .elementor-container &gt; .elementor-column &gt; .elementor-widget-wrap &gt; .elementor-element:not(.lqd-el-has-inner-anim) &gt; .elementor-widget-container, :scope &gt; .elementor-widget-wrap &gt; .elementor-widget-hub_fancy_heading .lqd-split-lines .lqd-lines .split-inner, :scope &gt; .elementor-widget-wrap &gt; .elementor-widget-hub_fancy_heading .lqd-split-words .lqd-words .split-inner, :scope &gt; .elementor-widget-wrap &gt; .elementor-widget-hub_fancy_heading .lqd-split-chars .lqd-chars .split-inner, :scope &gt; .elementor-widget-wrap &gt; .elementor-widget-ld_custom_menu .lqd-fancy-menu &gt; ul &gt; li&quot;,&quot;startDelay&quot;:800,&quot;ease&quot;:[&quot;power4.out&quot;],&quot;initValues&quot;:{&quot;y&quot;:&quot;25px&quot;,&quot;opacity&quot;:0,&quot;transformOrigin&quot;:&quot;50% 50% 0px&quot;},&quot;animations&quot;:{&quot;y&quot;:&quot;0px&quot;,&quot;opacity&quot;:1,&quot;transformOrigin&quot;:&quot;50% 50% 0px&quot;}}\" class=\"elementor-column elementor-col-100 elementor-top-column elementor-element elementor-element-7d8284ed\" data-id=\"7d8284ed\" data-element_type=\"column\">\n\t\t\t<div class=\"elementor-widget-wrap elementor-element-populated\">\n\t\t\t\t\t\t<section class=\"elementor-section elementor-inner-section elementor-element elementor-element-1d36a240 elementor-section-boxed elementor-section-height-default elementor-section-height-default\" data-id=\"1d36a240\" data-element_type=\"section\">\n\t\t\t\t\t\t<div class=\"elementor-container elementor-column-gap-default\">\n\t\t\t\t\t<div class=\"elementor-column elementor-col-100 elementor-inner-column elementor-element elementor-element-3d1e3fc\" data-id=\"3d1e3fc\" data-element_type=\"column\">\n\t\t\t<div class=\"elementor-widget-wrap elementor-element-populated\">\n\t\t\t\t\t\t<div data-custom-animations=\"true\" data-ca-options=\"{&quot;addChildTimelines&quot;:false,&quot;trigger&quot;:&quot;firstChild&quot;,&quot;animationTarget&quot;:&quot;.lqd-split-lines .lqd-lines .split-inner, .lqd-adv-txt-fig&quot;,&quot;duration&quot;:1200,&quot;startDelay&quot;:100,&quot;delay&quot;:40,&quot;ease&quot;:&quot;bounce.in&quot;,&quot;direction&quot;:&quot;random&quot;,&quot;initValues&quot;:{&quot;opacity&quot;:0,&quot;transformOrigin&quot;:&quot;50% 50% 0px&quot;},&quot;animations&quot;:{&quot;opacity&quot;:1,&quot;transformOrigin&quot;:&quot;50% 50% 0px&quot;}}\" class=\"elementor-element elementor-element-67949e62 elementor-widget elementor-widget-hub_fancy_heading lqd-el-has-inner-anim\" data-id=\"67949e62\" data-element_type=\"widget\" data-settings=\"{&quot;enable_split&quot;:&quot;true&quot;,&quot;split_type&quot;:&quot;lines&quot;}\" data-widget_type=\"hub_fancy_heading.default\">\n\t\t\t\t<div class=\"elementor-widget-container\">\n\t\t\t\t\t\n\t\t<div id=\"ld-fancy-heading-6a04069f5b023\" class=\"ld-fancy-heading pos-rel\">\n\t\t\t<p class=\"ld-fh-element d-inline-block pos-rel  lqd-highlight-classic lqd-highlight-grow-left lqd-split-lines p\"  data-split-text=\"true\" data-split-options='{\"type\":\"lines\"}'> Louis Sclavis \u2013 clarinets<br>\r\n\r\nVincent Courtois \u2013 cello<br>\r\n\r\nDominique Pifar\u00e9ly \u2013 violin<br>\r\n\r\n <br><br>\r\n\r\nUnul dintre cei mai rafina\u021bi \u0219i experimenta\u021bi clarineti\u0219ti ai lumii, cunoscut mai ales ca maestru \u00een free-jazz \u0219i pentru neobi\u0219nuita claritate \u0219i precizie a improviza\u021biei, Louis Sclavis va c\u00e2nta pe scena de la G\u0103r\u00e2na Jazz Festival \u00eempreun\u0103 cu doi virtuozi muzicieni: violoncelistul Vincent Courtois \u0219i violonistul Dominique Pifar\u00e9ly. Cei trei au colaborat de-a lungul a peste 20 de ani \u00een numeroase proiecte, iar acum formeaz\u0103 un trio de o rar\u0103 maturitate, pentru a desf\u0103ta publicul cu sonorit\u0103\u021bi creative \u0219i pline de via\u021b\u0103, cu echilibrul deosebit pe care muzica lor \u00eel realizeaz\u0103 \u00eentre forme \u0219i libertatea de expresie.\r\n<br><br>\r\n \r\n\r\nLouis Sclavis (n. 1953, Fran\u021ba): \u201cVreau s\u0103 exist la grani\u021ba diferitelor tipuri de muzic\u0103. C\u00e2teodat\u0103 influen\u021ba poate fi dinspre muzica clasic\u0103, alteori dinspre cea indian\u0103, dar uneori este doar un joc, \u00eentre mine \u0219i instrument \u0219i \u00eentre mine \u0219i memoria mea\u201d- este declara\u021bia artistului. \u00cen cei peste 40 de ani de carier\u0103 muzical\u0103, clarinetistul francez s-a remarcat prin proiecte de o diversitate incredibil\u0103, \u0219i-a propus s\u0103 nu se repete, astfel \u00eenc\u00e2t orice \u00eent\u00e2lnire muzical\u0103 a transformat-o \u00eentr-o provocare a creativit\u0103\u021bii. \u0218i i-a reu\u0219it de fiecare dat\u0103. M\u0103rturie stau cele peste 20 de albume \u00eenregistrate cu arti\u0219ti ca Aldo Romano, Henri Texier, Evan Parker, Hans Koch, Peter Br\u00f6tzmann, Enrico Rava, Nguy\u00ean L\u00ea, Bojan Z. \u0219i John Zorn, cu bateri\u0219tii Tony Oxley \u0219i Han Bennink, cu pianistul Cecil Taylor, violoncelistul Ernst Reyseger \u0219i basistul William Parker, ca s\u0103 numim doar pe c\u00e2\u021biva. Majoritatea albumelor \u00eenregistrate ca lider, la Label Blue sau ECM Records, au fost apreciate de critici \u0219i de publicul de jazz, plas\u00eendu-se de mult\u0103 vreme \u00een categoria excelen\u021bei. Dintre ele amintim: Rouge (ECM, 1991), Suite Africaine (Label Bleu, 1999), Dans la Nuit (ECM, 2000), Napoli\u2019s Walls (ECM, 2002), Silk And Salt Melodies (ECM, 2014). Pentru 2016, artistul preg\u0103te\u0219te \u00eenregistrarea la ECM Records a unui nou album, \u00eempreun\u0103 cu Vincent Courtois \u0219i Dominique Pifar\u00e9ly, a\u0219a \u00eenc\u00e2t vom avea ocazia s\u0103 asist\u0103m la o avanpremier\u0103 a proiectului pus la cale de cei trei muzicieni.\r\n\r\n <br><br>\r\n\r\nVincent Courtois (n. 1968, Fran\u021ba) este violoncelist \u0219i compozitor. Formarea clasic\u0103 \u00een arta interpret\u0103rii la violoncel l-a \u00eenzestrat cu tehnic\u0103, precizie \u0219i control instrumental. Dar curiozitatea \u0219i eclectismul l-au adus \u00een preajma unor muzicieni geniali cu care a colaborat \u00eentr-un fel special \u2013 Louis Sclavis, Rita Mitsouko, Christian Escoud\u00e9, Michel Petrucciani, Michel Portal \u0219i Joelle L\u00e9andre. Sus\u021binut de multe experien\u021be \u0219i influen\u021be, Vincent Courtois a dezvoltat o explorare muzical\u0103 unic\u0103. Procesul s\u0103u creativ se bazeaz\u0103 pe rela\u021biile muzicale, pe echilibrarea personalit\u0103\u021bilor \u0219i a energiilor, pe impactul contrastului, pe imagini \u0219i t\u0103cere. Cre\u00e2nd forme muzicale \u00een care libertatea este condus\u0103, \u00een mod paradoxal, de rigoare \u0219i aten\u021bie, el ofer\u0103 crea\u021biei colective o \u0219ans\u0103 \u0219i fiec\u0103rui colaborator o pozi\u021bie unic\u0103, \u00een spiritul \u00eencrederii \u0219i implic\u0103rii reciproce. Dintre proiectele remarcabile ale violoncelistului amintim: Pendulum Quartet, al\u0103turi de Julien Lourau (1993), albumul Marvellous cu Michel Petrucciani, Tony Williams \u0219i Dave Holland, Napoli\u2019s Walls cu Louis Sclavis, Ernest et C\u00e9lestine cu Louis Sclavis, Dominique Pifar\u00e9ly, Michel Godard, Fran\u00e7ois Couturier (2012), West cu Daniel Erdmann, Robin Fincker \u0219i Benjamin Moussay (2015).\r\n\r\n <br><br>\r\n\r\nDominique Pifar\u00e9ly (n. 1957, Fran\u021ba) este violonist \u0219i compozitor, cunoscut ca un modernist \u00een jazz-ul de avangard\u0103. Debuteaz\u0103 \u00een 1979, \u00een trio cu Didier Levallet \u0219i Gerard Marais. Din 1980 \u00eencepe s\u0103 aiba propriile proiecte, concretizate \u00een albume ca Insula dulcamara (1988) \u0219i Oblique (1992). Pifar\u00e9ly \u00eencepe foarte cur\u00e2nd s\u0103 fie solicitat pentru abilit\u0103\u021bile interpretative \u0219i pentru maniera modern\u0103 \u00een care abordeaz\u0103 sonorit\u0103\u021bile viorii \u00een jazz. Astfel, va concerta \u00een Europa cu Mike Westbrook \u0219i Vienna Art Orchestra. Din 1985 dateaz\u0103 \u00eent\u00e2lnirea lui Pifar\u00e9ly cu Louis Sclavis \u0219i proiectele lor comune ce vor duce la \u00eenfiin\u021barea Sclavis \/ Pifar\u00e9ly Acustic Quartet, al\u0103turi de chitaristul Marc Ducret \u0219i basistul Bruno Chevillon. La sf\u00e2r\u0219itul anilor 1990 se re\u00eentoarce la proiectele personale: \u00een duo cu pianistul Fran\u00e7ois Couturier va \u00eenregistra un album excep\u021bional, Poros, la ECM (1997). Se va orienta apoi c\u0103tre juxtapunerea diferitelor arte ca muzica, poezia, arta actorului, realiz\u00e2nd c\u00e2teva serii de spectacole. A mai colaborat cu Michele Rabbia, Stefano Battaglia, Tim Berne, Vincent Courtois, Rabih Abou Khalil, Fran\u00e7ois Corneloup, Bruno Chevillon, David Chevallier, Jean-Paul Celea, Fabrizio Cassol \u0219i Hugo Carvalhais.\r\n\r\n <br><br>\r\n\r\nDISCOGRAFIE RECOMANDAT\u0102:<br>\r\n\r\nRouge (ECM, 1991);<br>\r\n\r\nAcoustic Quartet (ECM, 1994);<br>\r\n\r\nNapoli\u2019s Walls (ECM, 2003);<br>\r\n\r\nLa moiti\u00e9 du monde, music for cinema and theatre (JMS, 2007);<br>\r\n\r\nSources (ECM, 2012);<br>\r\n\r\nSilk And Salt Melodies (ECM, 2014).<\/p>\t\t<\/div>\n\n\t\t\t\t\t\t<\/div>\n\t\t\t\t<\/div>\n\t\t\t\t\t<\/div>\n\t\t<\/div>\n\t\t\t\t\t<\/div>\n\t\t<\/section>\n\t\t\t\t<div class=\"elementor-element elementor-element-15f3e366 elementor-widget-divider--view-line elementor-widget elementor-widget-divider\" data-id=\"15f3e366\" data-element_type=\"widget\" data-widget_type=\"divider.default\">\n\t\t\t\t<div class=\"elementor-widget-container\">\n\t\t\t\t\t\t\t<div class=\"elementor-divider\">\n\t\t\t<span class=\"elementor-divider-separator\">\n\t\t\t\t\t\t<\/span>\n\t\t<\/div>\n\t\t\t\t\t\t<\/div>\n\t\t\t\t<\/div>\n\t\t\t\t<section class=\"elementor-section elementor-inner-section elementor-element elementor-element-76088ad1 elementor-section-boxed elementor-section-height-default elementor-section-height-default\" data-id=\"76088ad1\" data-element_type=\"section\" id=\"asculta\">\n\t\t\t\t\t\t<div class=\"elementor-container elementor-column-gap-default\">\n\t\t\t\t\t<div class=\"elementor-column elementor-col-50 elementor-inner-column elementor-element elementor-element-1e50036e\" data-id=\"1e50036e\" data-element_type=\"column\">\n\t\t\t<div class=\"elementor-widget-wrap elementor-element-populated\">\n\t\t\t\t\t\t<div class=\"elementor-element elementor-element-13217c07 elementor-widget elementor-widget-html\" data-id=\"13217c07\" data-element_type=\"widget\" data-widget_type=\"html.default\">\n\t\t\t\t<div class=\"elementor-widget-container\">\n\t\t\t\t\t<iframe style=\"border-radius:12px\" src=\"https:\/\/open.spotify.com\/embed\/artist\/6Mg5LI1DzmREEtWVuBQCoy?utm_source=generator\" width=\"100%\" height=\"352\" frameborder=\"0\" allowfullscreen=\"\" allow=\"autoplay; clipboard-write; encrypted-media; fullscreen; picture-in-picture\" loading=\"lazy\"><\/iframe>\t\t\t\t<\/div>\n\t\t\t\t<\/div>\n\t\t\t\t\t<\/div>\n\t\t<\/div>\n\t\t\t\t<div class=\"elementor-column elementor-col-50 elementor-inner-column elementor-element elementor-element-18aa5b7b\" data-id=\"18aa5b7b\" data-element_type=\"column\">\n\t\t\t<div class=\"elementor-widget-wrap elementor-element-populated\">\n\t\t\t\t\t\t<div class=\"elementor-element elementor-element-4db8226f elementor-widget elementor-widget-video\" data-id=\"4db8226f\" data-element_type=\"widget\" data-settings=\"{&quot;youtube_url&quot;:&quot;https:\\\/\\\/www.youtube.com\\\/watch?v=BQgKMlCj6AQ&amp;pp=ygUeTE9VSVMgU0NMQVZJUyBUUklPIGdhcmFuYSBqYXp6&quot;,&quot;video_type&quot;:&quot;youtube&quot;,&quot;controls&quot;:&quot;yes&quot;}\" data-widget_type=\"video.default\">\n\t\t\t\t<div class=\"elementor-widget-container\">\n\t\t\t\t\t\t\t<div class=\"elementor-wrapper elementor-open-inline\">\n\t\t\t<div class=\"elementor-video\"><\/div>\t\t<\/div>\n\t\t\t\t\t\t<\/div>\n\t\t\t\t<\/div>\n\t\t\t\t\t<\/div>\n\t\t<\/div>\n\t\t\t\t\t<\/div>\n\t\t<\/section>\n\t\t\t\t\t<\/div>\n\t\t<\/div>\n\t\t\t\t\t<\/div>\n\t\t<\/section>\n\t\t\t\t<\/div>","protected":false},"excerpt":{"rendered":"<p>Listen<\/p>","protected":false},"author":3,"featured_media":7326,"parent":7312,"menu_order":0,"comment_status":"closed","ping_status":"closed","template":"","meta":{"footnotes":""},"class_list":["post-7504","page","type-page","status-publish","has-post-thumbnail","hentry"],"_links":{"self":[{"href":"https:\/\/garana-jazz.ro\/en\/wp-json\/wp\/v2\/pages\/7504","targetHints":{"allow":["GET"]}}],"collection":[{"href":"https:\/\/garana-jazz.ro\/en\/wp-json\/wp\/v2\/pages"}],"about":[{"href":"https:\/\/garana-jazz.ro\/en\/wp-json\/wp\/v2\/types\/page"}],"author":[{"embeddable":true,"href":"https:\/\/garana-jazz.ro\/en\/wp-json\/wp\/v2\/users\/3"}],"replies":[{"embeddable":true,"href":"https:\/\/garana-jazz.ro\/en\/wp-json\/wp\/v2\/comments?post=7504"}],"version-history":[{"count":0,"href":"https:\/\/garana-jazz.ro\/en\/wp-json\/wp\/v2\/pages\/7504\/revisions"}],"up":[{"embeddable":true,"href":"https:\/\/garana-jazz.ro\/en\/wp-json\/wp\/v2\/pages\/7312"}],"wp:featuredmedia":[{"embeddable":true,"href":"https:\/\/garana-jazz.ro\/en\/wp-json\/wp\/v2\/media\/7326"}],"wp:attachment":[{"href":"https:\/\/garana-jazz.ro\/en\/wp-json\/wp\/v2\/media?parent=7504"}],"curies":[{"name":"wp","href":"https:\/\/api.w.org\/{rel}","templated":true}]}}