{"id":7514,"date":"2024-02-29T14:35:52","date_gmt":"2024-02-29T11:35:52","guid":{"rendered":"https:\/\/garana-jazz.mywp.ro\/?page_id=7514"},"modified":"2024-02-29T14:37:09","modified_gmt":"2024-02-29T11:37:09","slug":"nicu-patoi-platonic-band","status":"publish","type":"page","link":"https:\/\/garana-jazz.ro\/en\/gjf-2016\/nicu-patoi-platonic-band\/","title":{"rendered":"NICU PATOI &#038; PLATONIC BAND"},"content":{"rendered":"<div data-elementor-type=\"wp-page\" data-elementor-id=\"7514\" class=\"elementor elementor-7514\" data-elementor-post-type=\"page\">\n\t\t\t\t\t\t<section data-section-luminosity=\"dark\" data-lqd-section-scroll=\"true\" class=\"elementor-section elementor-top-section elementor-element elementor-element-6a31bc84 elementor-section-height-min-height elementor-section-items-bottom elementor-section-boxed elementor-section-height-default elementor-invisible\" data-id=\"6a31bc84\" data-element_type=\"section\" data-settings=\"{&quot;background_background&quot;:&quot;classic&quot;,&quot;animation&quot;:&quot;fadeIn&quot;}\">\n\t\t\t\t\t\t\t<div class=\"elementor-background-overlay\"><\/div>\n\t\t\t\t\t\t\t<div class=\"elementor-container elementor-column-gap-default\">\n\t\t\t\t\t<div class=\"elementor-column elementor-col-100 elementor-top-column elementor-element elementor-element-3d6e6b0a\" data-id=\"3d6e6b0a\" data-element_type=\"column\">\n\t\t\t<div class=\"elementor-widget-wrap elementor-element-populated\">\n\t\t\t\t\t\t<div class=\"elementor-element elementor-element-2f1dfc60 elementor-widget elementor-widget-spacer\" data-id=\"2f1dfc60\" data-element_type=\"widget\" data-widget_type=\"spacer.default\">\n\t\t\t\t<div class=\"elementor-widget-container\">\n\t\t\t\t\t\t\t<div class=\"elementor-spacer\">\n\t\t\t<div class=\"elementor-spacer-inner\"><\/div>\n\t\t<\/div>\n\t\t\t\t\t\t<\/div>\n\t\t\t\t<\/div>\n\t\t\t\t<div class=\"elementor-element elementor-element-69b626a4 elementor-widget elementor-widget-hub_fancy_heading lqd-el-has-inner-anim\" data-id=\"69b626a4\" data-element_type=\"widget\" data-settings=\"{&quot;enable_split&quot;:&quot;true&quot;,&quot;split_type&quot;:&quot;chars, words&quot;}\" data-widget_type=\"hub_fancy_heading.default\">\n\t\t\t\t<div class=\"elementor-widget-container\">\n\t\t\t\t\t\n\t\t<div id=\"ld-fancy-heading-6a04067e58ca8\" class=\"ld-fancy-heading pos-rel\">\n\t\t\t<h1 class=\"ld-fh-element d-inline-block pos-rel  elementor-heading-title lqd-highlight-classic lqd-highlight-grow-left lqd-split-chars h1\"  data-split-text=\"true\" data-split-options='{\"type\":\"chars, words\"}'> NICU PATOI &#038; PLATONIC BAND<\/h1>\t\t<\/div>\n\n\t\t\t\t\t\t<\/div>\n\t\t\t\t<\/div>\n\t\t\t\t<section class=\"elementor-section elementor-inner-section elementor-element elementor-element-6581021b elementor-section-boxed elementor-section-height-default elementor-section-height-default\" data-id=\"6581021b\" data-element_type=\"section\">\n\t\t\t\t\t\t\t<div class=\"elementor-background-overlay\"><\/div>\n\t\t\t\t\t\t\t<div class=\"elementor-container elementor-column-gap-default\">\n\t\t\t\t\t<div class=\"elementor-column elementor-col-33 elementor-inner-column elementor-element elementor-element-2d1c435d\" data-id=\"2d1c435d\" data-element_type=\"column\">\n\t\t\t<div class=\"elementor-widget-wrap elementor-element-populated\">\n\t\t\t\t\t\t<div class=\"elementor-element elementor-element-76b56e77 elementor-widget elementor-widget-hub_fancy_heading\" data-id=\"76b56e77\" data-element_type=\"widget\" data-widget_type=\"hub_fancy_heading.default\">\n\t\t\t\t<div class=\"elementor-widget-container\">\n\t\t\t\t\t\n\t\t<div id=\"ld-fancy-heading-6a04067e595c4\" class=\"ld-fancy-heading pos-rel\">\n\t\t\t<h4 class=\"ld-fh-element d-inline-block pos-rel  elementor-heading-title lqd-highlight-classic lqd-highlight-grow-left h4\"  > #garanajazz2016<\/h4>\t\t<\/div>\n\n\t\t\t\t\t\t<\/div>\n\t\t\t\t<\/div>\n\t\t\t\t\t<\/div>\n\t\t<\/div>\n\t\t\t\t<div class=\"elementor-column elementor-col-33 elementor-inner-column elementor-element elementor-element-16b0eae\" data-id=\"16b0eae\" data-element_type=\"column\">\n\t\t\t<div class=\"elementor-widget-wrap elementor-element-populated\">\n\t\t\t\t\t\t<div class=\"elementor-element elementor-element-59b93c1b elementor-widget elementor-widget-hub_fancy_heading\" data-id=\"59b93c1b\" data-element_type=\"widget\" data-widget_type=\"hub_fancy_heading.default\">\n\t\t\t\t<div class=\"elementor-widget-container\">\n\t\t\t\t\t\n\t\t<div id=\"ld-fancy-heading-6a04067e59aff\" class=\"ld-fancy-heading pos-rel\">\n\t\t\t<p class=\"ld-fh-element d-inline-block pos-rel  lqd-highlight-classic lqd-highlight-grow-left p\"  > Main Stage, Poiana Lupului, G\u0103r\u00e2na<\/p>\t\t<\/div>\n\n\t\t\t\t\t\t<\/div>\n\t\t\t\t<\/div>\n\t\t\t\t\t<\/div>\n\t\t<\/div>\n\t\t\t\t<div class=\"elementor-column elementor-col-33 elementor-inner-column elementor-element elementor-element-6405a5ac\" data-id=\"6405a5ac\" data-element_type=\"column\">\n\t\t\t<div class=\"elementor-widget-wrap elementor-element-populated\">\n\t\t\t\t\t\t<div class=\"elementor-element elementor-element-55c0e9b5 elementor-align-right elementor-tablet-align-left elementor-widget elementor-widget-ld_button\" data-id=\"55c0e9b5\" data-element_type=\"widget\" data-widget_type=\"ld_button.default\">\n\t\t\t\t<div class=\"elementor-widget-container\">\n\t\t\t\t\t\n\t\t\t<a\n\t\t\t\thref=\"#asculta\"class=\"elementor-button btn btn-solid btn-icon-right btn-hover-reveal btn-has-label\"\t\t\t>\n\t\t\t\t\t\t\t\t\t<span data-text=\"Ascult\u0103\" class=\"btn-txt\">\n\t\t\t\t\t\tListen\t\t\t\t\t<\/span>\n\t\t\t\t\t\t\t\t\t\t\t\t\t\t<span class=\"btn-icon\">\n\t\t\t\t\t\t\t<i aria-hidden=\"true\" class=\"lqd-icn-ess icon-md-arrow-forward\"><\/i>\t\t\t\t\t\t<\/span>\n\t\t\t\t\t\t\t\t\t<\/a>\n\t\t\t\t\t\t\t<\/div>\n\t\t\t\t<\/div>\n\t\t\t\t\t<\/div>\n\t\t<\/div>\n\t\t\t\t\t<\/div>\n\t\t<\/section>\n\t\t\t\t\t<\/div>\n\t\t<\/div>\n\t\t\t\t\t<\/div>\n\t\t<\/section>\n\t\t\t\t<section data-section-luminosity=\"dark\" data-lqd-custom-cursor=\"true\" class=\"elementor-section elementor-top-section elementor-element elementor-element-6f72be15 elementor-section-height-min-height elementor-section-items-stretch elementor-section-content-middle elementor-section-boxed elementor-section-height-default\" data-id=\"6f72be15\" data-element_type=\"section\" data-settings=\"{&quot;background_background&quot;:&quot;classic&quot;}\">\n\t\t\t\t\t\t<div class=\"elementor-container elementor-column-gap-no\">\n\t\t\t\t\t<div data-custom-animations=\"true\" data-ca-options=\"{&quot;addChildTimelines&quot;:false,&quot;trigger&quot;:&quot;firstChild&quot;,&quot;animationTarget&quot;:&quot;:scope &gt; .elementor-widget-wrap &gt; .elementor-element &gt; .elementor-widget-container, :scope &gt; .elementor-widget-wrap &gt; .elementor-section &gt; .elementor-container &gt; .elementor-column &gt; .elementor-widget-wrap &gt; .elementor-element:not(.lqd-el-has-inner-anim) &gt; .elementor-widget-container, :scope &gt; .elementor-widget-wrap &gt; .elementor-widget-hub_fancy_heading .lqd-split-lines .lqd-lines .split-inner, :scope &gt; .elementor-widget-wrap &gt; .elementor-widget-hub_fancy_heading .lqd-split-words .lqd-words .split-inner, :scope &gt; .elementor-widget-wrap &gt; .elementor-widget-hub_fancy_heading .lqd-split-chars .lqd-chars .split-inner, :scope &gt; .elementor-widget-wrap &gt; .elementor-widget-ld_custom_menu .lqd-fancy-menu &gt; ul &gt; li&quot;,&quot;startDelay&quot;:800,&quot;ease&quot;:[&quot;power4.out&quot;],&quot;initValues&quot;:{&quot;y&quot;:&quot;25px&quot;,&quot;opacity&quot;:0,&quot;transformOrigin&quot;:&quot;50% 50% 0px&quot;},&quot;animations&quot;:{&quot;y&quot;:&quot;0px&quot;,&quot;opacity&quot;:1,&quot;transformOrigin&quot;:&quot;50% 50% 0px&quot;}}\" class=\"elementor-column elementor-col-100 elementor-top-column elementor-element elementor-element-7d40963b\" data-id=\"7d40963b\" data-element_type=\"column\">\n\t\t\t<div class=\"elementor-widget-wrap elementor-element-populated\">\n\t\t\t\t\t\t<section class=\"elementor-section elementor-inner-section elementor-element elementor-element-39d3ce20 elementor-section-boxed elementor-section-height-default elementor-section-height-default\" data-id=\"39d3ce20\" data-element_type=\"section\">\n\t\t\t\t\t\t<div class=\"elementor-container elementor-column-gap-default\">\n\t\t\t\t\t<div class=\"elementor-column elementor-col-100 elementor-inner-column elementor-element elementor-element-80c39bb\" data-id=\"80c39bb\" data-element_type=\"column\">\n\t\t\t<div class=\"elementor-widget-wrap elementor-element-populated\">\n\t\t\t\t\t\t<div data-custom-animations=\"true\" data-ca-options=\"{&quot;addChildTimelines&quot;:false,&quot;trigger&quot;:&quot;firstChild&quot;,&quot;animationTarget&quot;:&quot;.lqd-split-lines .lqd-lines .split-inner, .lqd-adv-txt-fig&quot;,&quot;duration&quot;:1200,&quot;startDelay&quot;:100,&quot;delay&quot;:40,&quot;ease&quot;:&quot;bounce.in&quot;,&quot;direction&quot;:&quot;random&quot;,&quot;initValues&quot;:{&quot;opacity&quot;:0,&quot;transformOrigin&quot;:&quot;50% 50% 0px&quot;},&quot;animations&quot;:{&quot;opacity&quot;:1,&quot;transformOrigin&quot;:&quot;50% 50% 0px&quot;}}\" class=\"elementor-element elementor-element-737633d4 elementor-widget elementor-widget-hub_fancy_heading lqd-el-has-inner-anim\" data-id=\"737633d4\" data-element_type=\"widget\" data-settings=\"{&quot;enable_split&quot;:&quot;true&quot;,&quot;split_type&quot;:&quot;lines&quot;}\" data-widget_type=\"hub_fancy_heading.default\">\n\t\t\t\t<div class=\"elementor-widget-container\">\n\t\t\t\t\t\n\t\t<div id=\"ld-fancy-heading-6a04067e5bd6e\" class=\"ld-fancy-heading pos-rel\">\n\t\t\t<p class=\"ld-fh-element d-inline-block pos-rel  lqd-highlight-classic lqd-highlight-grow-left lqd-split-lines p\"  data-split-text=\"true\" data-split-options='{\"type\":\"lines\"}'> Nicu Patoi \u2013 guitar<br>\r\n\r\nR\u0103zvan Lupu \u2013 drums<br>\r\n\r\nAdrian Ciuplea \u2013 bass<br>\r\n\r\nBerti Barbera \u2013 vocals, percussion<br>\r\n\r\n <br><br>\r\n\r\nAcum 21 de ani, Nicu Pa\u021boi pornea la drum pentru a transforma \u00een realitate un vis muzical: \u00eenfiin\u021beaz\u0103 Platonic Band, un grup de fusion jazz-rock care va trece testul timpului, pentru c\u0103, iat\u0103, dup\u0103 at\u00e2\u021bia ani de activitate, este un nume de referin\u021b\u0103 pe scenele muzicale rom\u00e2ne\u0219ti. Dinamismul, virtuozitatea, expresivitatea \u0219i pasiunea pentru muzic\u0103, \u00eempletite sonor cu ritmuri de blues, rock, funk \u0219i jazz, fac din Platonic Band un proiect de succes. Pe scena de la Hanul La R\u0103scruce, membrii trupei Platonic Band, adic\u0103 Nicu Pa\u021boi la chitar\u0103, R\u0103zvan Lupu la tobe, Adrian Ciuplea la chitar\u0103 bas \u0219i violoncel \u0219i Berti Barbera la percu\u021bie \u0219i voce, vor oferi publicului de la G\u0103r\u00e2na Jazz Festival un spectacol muzical deosebit.\r\n\r\n <br><br>\r\n\r\nNicu Pa\u021boi (n.1971, Gala\u021bi) este un chitarist care la 45 de ani are o carte de vizit\u0103 bogat\u0103. A fost atras de timpuriu de chitar\u0103, \u00eens\u0103 abia la 13 ani ia primele lec\u021bii \u2013 \u201cContactul cu chitara electric\u0103 a fost foarte rapid \u015fi pasional, a urmat forma\u0163ia \u015fcolii, iar de atunci chitara a devenit un mod de a tr\u0103i, o filosofie de via\u0163\u0103\u201d. Va c\u00e2nta \u00een trupa de rock Zamolxe \u0219i va colabora cu Orchestra de Estrad\u0103 a Casei Armatei din Gala\u021bi, care va fi un fel de \u0219coal\u0103 pentru el. Face parte din c\u00e2teva trupe rock din Gala\u021bi- Sprint, Pheobus, Autograf, Voievod, Deja-Vu, Cristal, cu unele dintre acestea \u0219i \u00eenregistr\u00e2nd. \u00cen 1995, Nicu Pa\u021boi \u00eenfiin\u0163eaz\u0103 Platonic Band, proiect personal, instrumental, bazat pe compozi\u0163iile proprii. Trupa se remarc\u0103 rapid \u015fi, \u00een scurt timp, apare \u00een emisiuni TV de gen. \u00cen 1996 se stabile\u0219te \u00een Bucure\u0219ti \u0219i \u00eencepe colaborarea cu \u0218tefan B\u0103nic\u0103 Jr. Platonic Band \u00ee\u015fi schimb\u0103 \u00een totalitate componen\u0163a \u00een 1997, atunci c\u00e2nd \u00eenregistreaz\u0103 \u015fi albumul de debut SAVED BY THE Holly LOVE. \u00cen 2003, lui Nicu Pa\u021boi i se propune s\u0103 preia partea muzical\u0103 a emisiunii Taverna \u015fi, astfel, Platonic Band devine trupa gazd\u0103 a emisiunii, c\u00e2nt\u00e2nd sute de piese al\u0103turi de cei mai importan\u0163i arti\u015fti din \u0163ar\u0103. \u00cen 2004 apare proiectul Duo Berti Barbera\/Nicu Pa\u021boi. \u00cen 2014 lanseaz\u0103 cu Platonic Band albumul Middle of The Week Tour \u2013 Best of Live. \u00cen prezent, activitatea lui Nicu Pa\u021boi se desf\u0103\u015foar\u0103 \u00eentre Platonic Band, DUO BERTI BARBERA\/NICU Pa\u021boi \u0219i ROCK\u2019 N\u2019 ROLL BAND (\u015etefan B\u0103nic\u0103 Jr.).\r\n\r\n <br><br>\r\n\r\nR\u0103zvan Lupu (n. 1968, Bucure\u0219ti) este unul dintre cei mai activi bateri\u0219ti rom\u00e2ni, av\u00e2nd colabor\u0103ri importante cu foarte multe trupe, mai ales de rock, din Rom\u00e2nia. Av\u00e2nd un sim\u021b aparte al ritmului \u0219i al armoniei, R\u0103zvan Lupu a fost membru de baz\u0103 al trupelor Krypton, Vama Veche \u015fi ROCK\u2019 N\u2019 ROLL BAND. \u00centr-un interviu din 2014 (Geanina Chiricu\u0163\u0103,jurnalrock.ro), R\u0103zvan Lupu m\u0103rturise\u0219te: \u201cToate proiectele muzicale au avut partea lor de apropiere de suflet, altfel nu se poate. \u00cen aceast\u0103 etap\u0103 a vie\u0163ii, \u00een ultimii ani, Platonic Band a fost \u015fi este de departe lucrarea mea cea mai important\u0103; ca muzician e proiectul cel mai greu, provocator, \u00eendr\u0103zne\u0163, care m\u0103 men\u0163ine viu, m\u0103 \u00eempinge \u00eenainte, m\u0103 face s\u0103 creez\u201d.\r\n\r\n <br><br>\r\n\r\nAdrian Ciuplea (n. 1982, Bucure\u0219ti) este un important chitarist \u0219i violoncelist, extrem de apreciat pentru stilul s\u0103u interpretativ. Pe l\u00e2ng\u0103 activitatea din Platonic Band, este membru de 10 ani al trupei Vi\u0163a de Vie \u015fi colaborator al lui Steve Vai. \u00centre proiectele curente sunt \u0219i colabor\u0103rile cu Publika \u0219i Mozart ROCKS. Adrian Ciuplea poate aborda orice gen muzical, de la clasic la rock \u015fi jazz.\r\n<br><br>\r\n \r\n\r\nBerti Barbera (n. 1972, R\u0103d\u0103u\u021bi) este un artist cu o experin\u021b\u0103 muzical\u0103 de invidiat. A fost solist vocal al grupului Voltaj \u201988 \u00een perioada 1994 \u2013 1997. A participat ca invitat pe albumele \u0219i \u00een spectacolele grupurilor Timpuri Noi, Taxi, Cargo, Proconsul, Talisman, Phoenix, precum \u0219i ale soli\u0219tilor Silvia Dumitrescu, C\u0103t\u0103lin T\u00e2rcolea, Ilie Stepan, \u0218tefan B\u0103nic\u0103 Jr., Analia Selis etc. Din 1996, devine solist vocal \u0219i fondator al grupului Blue\u2019s Convention, al\u0103turi de Florin Ochescu. A mai avut colabor\u0103ri al\u0103turi de Mircea Tiberian, Anca Parghel, Johnny R\u0103ducanu, Garbis Dedeian, Decebal B\u0103dil\u0103, Marius Popp, Ion Baciu Jr., Nightlosers, Corneliu Stroe, Sorin Romanescu, Black Cat, Quo Vadis, precum \u0219i \u00eent\u00e2lniri tip \u201cjam session\u201d cu Larry Coryell \u0219i The Bluesbreakers.<\/p>\t\t<\/div>\n\n\t\t\t\t\t\t<\/div>\n\t\t\t\t<\/div>\n\t\t\t\t\t<\/div>\n\t\t<\/div>\n\t\t\t\t\t<\/div>\n\t\t<\/section>\n\t\t\t\t<div class=\"elementor-element elementor-element-2b9c73a5 elementor-widget-divider--view-line elementor-widget elementor-widget-divider\" data-id=\"2b9c73a5\" data-element_type=\"widget\" data-widget_type=\"divider.default\">\n\t\t\t\t<div class=\"elementor-widget-container\">\n\t\t\t\t\t\t\t<div class=\"elementor-divider\">\n\t\t\t<span class=\"elementor-divider-separator\">\n\t\t\t\t\t\t<\/span>\n\t\t<\/div>\n\t\t\t\t\t\t<\/div>\n\t\t\t\t<\/div>\n\t\t\t\t<section class=\"elementor-section elementor-inner-section elementor-element elementor-element-3a0705e9 elementor-section-boxed elementor-section-height-default elementor-section-height-default\" data-id=\"3a0705e9\" data-element_type=\"section\" id=\"asculta\">\n\t\t\t\t\t\t<div class=\"elementor-container elementor-column-gap-default\">\n\t\t\t\t\t<div class=\"elementor-column elementor-col-50 elementor-inner-column elementor-element elementor-element-1cbafade\" data-id=\"1cbafade\" data-element_type=\"column\">\n\t\t\t<div class=\"elementor-widget-wrap elementor-element-populated\">\n\t\t\t\t\t\t<div class=\"elementor-element elementor-element-3881b5cc elementor-widget elementor-widget-html\" data-id=\"3881b5cc\" data-element_type=\"widget\" data-widget_type=\"html.default\">\n\t\t\t\t<div class=\"elementor-widget-container\">\n\t\t\t\t\t<iframe style=\"border-radius:12px\" src=\"https:\/\/open.spotify.com\/embed\/artist\/2sdHYghY7a1zAlC0f3idXW?utm_source=generator\" width=\"100%\" height=\"352\" frameborder=\"0\" allowfullscreen=\"\" allow=\"autoplay; clipboard-write; encrypted-media; fullscreen; picture-in-picture\" loading=\"lazy\"><\/iframe>\t\t\t\t<\/div>\n\t\t\t\t<\/div>\n\t\t\t\t\t<\/div>\n\t\t<\/div>\n\t\t\t\t<div class=\"elementor-column elementor-col-50 elementor-inner-column elementor-element elementor-element-c732972\" data-id=\"c732972\" data-element_type=\"column\">\n\t\t\t<div class=\"elementor-widget-wrap elementor-element-populated\">\n\t\t\t\t\t\t<div class=\"elementor-element elementor-element-5976f635 elementor-widget elementor-widget-video\" data-id=\"5976f635\" data-element_type=\"widget\" data-settings=\"{&quot;youtube_url&quot;:&quot;https:\\\/\\\/www.youtube.com\\\/watch?v=tyQaH92ymjY&amp;pp=ygUmTklDVSBQQVRPSSAmIFBMQVRPTklDIEJBTkQgZ2FyYW5hIGpheno%3D&quot;,&quot;video_type&quot;:&quot;youtube&quot;,&quot;controls&quot;:&quot;yes&quot;}\" data-widget_type=\"video.default\">\n\t\t\t\t<div class=\"elementor-widget-container\">\n\t\t\t\t\t\t\t<div class=\"elementor-wrapper elementor-open-inline\">\n\t\t\t<div class=\"elementor-video\"><\/div>\t\t<\/div>\n\t\t\t\t\t\t<\/div>\n\t\t\t\t<\/div>\n\t\t\t\t\t<\/div>\n\t\t<\/div>\n\t\t\t\t\t<\/div>\n\t\t<\/section>\n\t\t\t\t\t<\/div>\n\t\t<\/div>\n\t\t\t\t\t<\/div>\n\t\t<\/section>\n\t\t\t\t<\/div>","protected":false},"excerpt":{"rendered":"<p>Listen<\/p>","protected":false},"author":3,"featured_media":7330,"parent":7312,"menu_order":0,"comment_status":"closed","ping_status":"closed","template":"","meta":{"footnotes":""},"class_list":["post-7514","page","type-page","status-publish","has-post-thumbnail","hentry"],"_links":{"self":[{"href":"https:\/\/garana-jazz.ro\/en\/wp-json\/wp\/v2\/pages\/7514","targetHints":{"allow":["GET"]}}],"collection":[{"href":"https:\/\/garana-jazz.ro\/en\/wp-json\/wp\/v2\/pages"}],"about":[{"href":"https:\/\/garana-jazz.ro\/en\/wp-json\/wp\/v2\/types\/page"}],"author":[{"embeddable":true,"href":"https:\/\/garana-jazz.ro\/en\/wp-json\/wp\/v2\/users\/3"}],"replies":[{"embeddable":true,"href":"https:\/\/garana-jazz.ro\/en\/wp-json\/wp\/v2\/comments?post=7514"}],"version-history":[{"count":0,"href":"https:\/\/garana-jazz.ro\/en\/wp-json\/wp\/v2\/pages\/7514\/revisions"}],"up":[{"embeddable":true,"href":"https:\/\/garana-jazz.ro\/en\/wp-json\/wp\/v2\/pages\/7312"}],"wp:featuredmedia":[{"embeddable":true,"href":"https:\/\/garana-jazz.ro\/en\/wp-json\/wp\/v2\/media\/7330"}],"wp:attachment":[{"href":"https:\/\/garana-jazz.ro\/en\/wp-json\/wp\/v2\/media?parent=7514"}],"curies":[{"name":"wp","href":"https:\/\/api.w.org\/{rel}","templated":true}]}}