{"id":7550,"date":"2024-02-29T15:02:11","date_gmt":"2024-02-29T12:02:11","guid":{"rendered":"https:\/\/garana-jazz.mywp.ro\/?page_id=7550"},"modified":"2024-02-29T15:04:07","modified_gmt":"2024-02-29T12:04:07","slug":"eyot","status":"publish","type":"page","link":"https:\/\/garana-jazz.ro\/en\/gjf-2016\/eyot\/","title":{"rendered":"EYOT"},"content":{"rendered":"<div data-elementor-type=\"wp-page\" data-elementor-id=\"7550\" class=\"elementor elementor-7550\" data-elementor-post-type=\"page\">\n\t\t\t\t\t\t<section data-section-luminosity=\"dark\" data-lqd-section-scroll=\"true\" class=\"elementor-section elementor-top-section elementor-element elementor-element-555e8987 elementor-section-height-min-height elementor-section-items-bottom elementor-section-boxed elementor-section-height-default elementor-invisible\" data-id=\"555e8987\" data-element_type=\"section\" data-settings=\"{&quot;background_background&quot;:&quot;classic&quot;,&quot;animation&quot;:&quot;fadeIn&quot;}\">\n\t\t\t\t\t\t\t<div class=\"elementor-background-overlay\"><\/div>\n\t\t\t\t\t\t\t<div class=\"elementor-container elementor-column-gap-default\">\n\t\t\t\t\t<div class=\"elementor-column elementor-col-100 elementor-top-column elementor-element elementor-element-5e1def87\" data-id=\"5e1def87\" data-element_type=\"column\">\n\t\t\t<div class=\"elementor-widget-wrap elementor-element-populated\">\n\t\t\t\t\t\t<div class=\"elementor-element elementor-element-9d05932 elementor-widget elementor-widget-spacer\" data-id=\"9d05932\" data-element_type=\"widget\" data-widget_type=\"spacer.default\">\n\t\t\t\t<div class=\"elementor-widget-container\">\n\t\t\t\t\t\t\t<div class=\"elementor-spacer\">\n\t\t\t<div class=\"elementor-spacer-inner\"><\/div>\n\t\t<\/div>\n\t\t\t\t\t\t<\/div>\n\t\t\t\t<\/div>\n\t\t\t\t<div class=\"elementor-element elementor-element-62c1bf21 elementor-widget elementor-widget-hub_fancy_heading lqd-el-has-inner-anim\" data-id=\"62c1bf21\" data-element_type=\"widget\" data-settings=\"{&quot;enable_split&quot;:&quot;true&quot;,&quot;split_type&quot;:&quot;chars, words&quot;}\" data-widget_type=\"hub_fancy_heading.default\">\n\t\t\t\t<div class=\"elementor-widget-container\">\n\t\t\t\t\t\n\t\t<div id=\"ld-fancy-heading-6a0406655ffce\" class=\"ld-fancy-heading pos-rel\">\n\t\t\t<h1 class=\"ld-fh-element d-inline-block pos-rel  elementor-heading-title lqd-highlight-classic lqd-highlight-grow-left lqd-split-chars h1\"  data-split-text=\"true\" data-split-options='{\"type\":\"chars, words\"}'> EYOT<\/h1>\t\t<\/div>\n\n\t\t\t\t\t\t<\/div>\n\t\t\t\t<\/div>\n\t\t\t\t<section class=\"elementor-section elementor-inner-section elementor-element elementor-element-4681411a elementor-section-boxed elementor-section-height-default elementor-section-height-default\" data-id=\"4681411a\" data-element_type=\"section\">\n\t\t\t\t\t\t\t<div class=\"elementor-background-overlay\"><\/div>\n\t\t\t\t\t\t\t<div class=\"elementor-container elementor-column-gap-default\">\n\t\t\t\t\t<div class=\"elementor-column elementor-col-33 elementor-inner-column elementor-element elementor-element-704e11a3\" data-id=\"704e11a3\" data-element_type=\"column\">\n\t\t\t<div class=\"elementor-widget-wrap elementor-element-populated\">\n\t\t\t\t\t\t<div class=\"elementor-element elementor-element-4517b848 elementor-widget elementor-widget-hub_fancy_heading\" data-id=\"4517b848\" data-element_type=\"widget\" data-widget_type=\"hub_fancy_heading.default\">\n\t\t\t\t<div class=\"elementor-widget-container\">\n\t\t\t\t\t\n\t\t<div id=\"ld-fancy-heading-6a0406656080a\" class=\"ld-fancy-heading pos-rel\">\n\t\t\t<h4 class=\"ld-fh-element d-inline-block pos-rel  elementor-heading-title lqd-highlight-classic lqd-highlight-grow-left h4\"  > #garanajazz2016<\/h4>\t\t<\/div>\n\n\t\t\t\t\t\t<\/div>\n\t\t\t\t<\/div>\n\t\t\t\t\t<\/div>\n\t\t<\/div>\n\t\t\t\t<div class=\"elementor-column elementor-col-33 elementor-inner-column elementor-element elementor-element-54e68aff\" data-id=\"54e68aff\" data-element_type=\"column\">\n\t\t\t<div class=\"elementor-widget-wrap elementor-element-populated\">\n\t\t\t\t\t\t<div class=\"elementor-element elementor-element-3ad2fcd7 elementor-widget elementor-widget-hub_fancy_heading\" data-id=\"3ad2fcd7\" data-element_type=\"widget\" data-widget_type=\"hub_fancy_heading.default\">\n\t\t\t\t<div class=\"elementor-widget-container\">\n\t\t\t\t\t\n\t\t<div id=\"ld-fancy-heading-6a04066560ce4\" class=\"ld-fancy-heading pos-rel\">\n\t\t\t<p class=\"ld-fh-element d-inline-block pos-rel  lqd-highlight-classic lqd-highlight-grow-left p\"  > Main Stage, Poiana Lupului, G\u0103r\u00e2na<\/p>\t\t<\/div>\n\n\t\t\t\t\t\t<\/div>\n\t\t\t\t<\/div>\n\t\t\t\t\t<\/div>\n\t\t<\/div>\n\t\t\t\t<div class=\"elementor-column elementor-col-33 elementor-inner-column elementor-element elementor-element-2503cbaa\" data-id=\"2503cbaa\" data-element_type=\"column\">\n\t\t\t<div class=\"elementor-widget-wrap elementor-element-populated\">\n\t\t\t\t\t\t<div class=\"elementor-element elementor-element-78d51469 elementor-align-right elementor-tablet-align-left elementor-widget elementor-widget-ld_button\" data-id=\"78d51469\" data-element_type=\"widget\" data-widget_type=\"ld_button.default\">\n\t\t\t\t<div class=\"elementor-widget-container\">\n\t\t\t\t\t\n\t\t\t<a\n\t\t\t\thref=\"#asculta\"class=\"elementor-button btn btn-solid btn-icon-right btn-hover-reveal btn-has-label\"\t\t\t>\n\t\t\t\t\t\t\t\t\t<span data-text=\"Ascult\u0103\" class=\"btn-txt\">\n\t\t\t\t\t\tListen\t\t\t\t\t<\/span>\n\t\t\t\t\t\t\t\t\t\t\t\t\t\t<span class=\"btn-icon\">\n\t\t\t\t\t\t\t<i aria-hidden=\"true\" class=\"lqd-icn-ess icon-md-arrow-forward\"><\/i>\t\t\t\t\t\t<\/span>\n\t\t\t\t\t\t\t\t\t<\/a>\n\t\t\t\t\t\t\t<\/div>\n\t\t\t\t<\/div>\n\t\t\t\t\t<\/div>\n\t\t<\/div>\n\t\t\t\t\t<\/div>\n\t\t<\/section>\n\t\t\t\t\t<\/div>\n\t\t<\/div>\n\t\t\t\t\t<\/div>\n\t\t<\/section>\n\t\t\t\t<section data-section-luminosity=\"dark\" data-lqd-custom-cursor=\"true\" class=\"elementor-section elementor-top-section elementor-element elementor-element-55d36979 elementor-section-height-min-height elementor-section-items-stretch elementor-section-content-middle elementor-section-boxed elementor-section-height-default\" data-id=\"55d36979\" data-element_type=\"section\" data-settings=\"{&quot;background_background&quot;:&quot;classic&quot;}\">\n\t\t\t\t\t\t<div class=\"elementor-container elementor-column-gap-no\">\n\t\t\t\t\t<div data-custom-animations=\"true\" data-ca-options=\"{&quot;addChildTimelines&quot;:false,&quot;trigger&quot;:&quot;firstChild&quot;,&quot;animationTarget&quot;:&quot;:scope &gt; .elementor-widget-wrap &gt; .elementor-element &gt; .elementor-widget-container, :scope &gt; .elementor-widget-wrap &gt; .elementor-section &gt; .elementor-container &gt; .elementor-column &gt; .elementor-widget-wrap &gt; .elementor-element:not(.lqd-el-has-inner-anim) &gt; .elementor-widget-container, :scope &gt; .elementor-widget-wrap &gt; .elementor-widget-hub_fancy_heading .lqd-split-lines .lqd-lines .split-inner, :scope &gt; .elementor-widget-wrap &gt; .elementor-widget-hub_fancy_heading .lqd-split-words .lqd-words .split-inner, :scope &gt; .elementor-widget-wrap &gt; .elementor-widget-hub_fancy_heading .lqd-split-chars .lqd-chars .split-inner, :scope &gt; .elementor-widget-wrap &gt; .elementor-widget-ld_custom_menu .lqd-fancy-menu &gt; ul &gt; li&quot;,&quot;startDelay&quot;:800,&quot;ease&quot;:[&quot;power4.out&quot;],&quot;initValues&quot;:{&quot;y&quot;:&quot;25px&quot;,&quot;opacity&quot;:0,&quot;transformOrigin&quot;:&quot;50% 50% 0px&quot;},&quot;animations&quot;:{&quot;y&quot;:&quot;0px&quot;,&quot;opacity&quot;:1,&quot;transformOrigin&quot;:&quot;50% 50% 0px&quot;}}\" class=\"elementor-column elementor-col-100 elementor-top-column elementor-element elementor-element-6abc8bf4\" data-id=\"6abc8bf4\" data-element_type=\"column\">\n\t\t\t<div class=\"elementor-widget-wrap elementor-element-populated\">\n\t\t\t\t\t\t<section class=\"elementor-section elementor-inner-section elementor-element elementor-element-30773eb2 elementor-section-boxed elementor-section-height-default elementor-section-height-default\" data-id=\"30773eb2\" data-element_type=\"section\">\n\t\t\t\t\t\t<div class=\"elementor-container elementor-column-gap-default\">\n\t\t\t\t\t<div class=\"elementor-column elementor-col-100 elementor-inner-column elementor-element elementor-element-7bbe0c52\" data-id=\"7bbe0c52\" data-element_type=\"column\">\n\t\t\t<div class=\"elementor-widget-wrap elementor-element-populated\">\n\t\t\t\t\t\t<div data-custom-animations=\"true\" data-ca-options=\"{&quot;addChildTimelines&quot;:false,&quot;trigger&quot;:&quot;firstChild&quot;,&quot;animationTarget&quot;:&quot;.lqd-split-lines .lqd-lines .split-inner, .lqd-adv-txt-fig&quot;,&quot;duration&quot;:1200,&quot;startDelay&quot;:100,&quot;delay&quot;:40,&quot;ease&quot;:&quot;bounce.in&quot;,&quot;direction&quot;:&quot;random&quot;,&quot;initValues&quot;:{&quot;opacity&quot;:0,&quot;transformOrigin&quot;:&quot;50% 50% 0px&quot;},&quot;animations&quot;:{&quot;opacity&quot;:1,&quot;transformOrigin&quot;:&quot;50% 50% 0px&quot;}}\" class=\"elementor-element elementor-element-3ba58116 elementor-widget elementor-widget-hub_fancy_heading lqd-el-has-inner-anim\" data-id=\"3ba58116\" data-element_type=\"widget\" data-settings=\"{&quot;enable_split&quot;:&quot;true&quot;,&quot;split_type&quot;:&quot;lines&quot;}\" data-widget_type=\"hub_fancy_heading.default\">\n\t\t\t\t<div class=\"elementor-widget-container\">\n\t\t\t\t\t\n\t\t<div id=\"ld-fancy-heading-6a04066562c8a\" class=\"ld-fancy-heading pos-rel\">\n\t\t\t<p class=\"ld-fh-element d-inline-block pos-rel  lqd-highlight-classic lqd-highlight-grow-left lqd-split-lines p\"  data-split-text=\"true\" data-split-options='{\"type\":\"lines\"}'> Dejan Iliji\u0107 \u2013 piano<br>\r\n\r\nSla\u0111an Milenovi\u0107 \u2013 guitar<br>\r\n\r\nMilo\u0161 Vojvodi\u0107 \u2013 drums<br>\r\n\r\nMarko Stojiljkovi\u0107 \u2013 bass<br>\r\n\r\n \r\n<br><br>\r\nEyot este un quartet alc\u0103tuit din cei mai promi\u021b\u0103tori tineri muzicieni de jazz din Serbia. Au \u00eenregistrat un debut spectaculos cu primul album, Horizon, \u00een 2010, \u0219i de atunci nu \u00eenceteaz\u0103 s\u0103 creasc\u0103 \u00een popularitate. Ceea ce \u00eei face speciali este modalitatea \u00een care par s\u0103 fi dobor\u00e2t grani\u021bele temporale, geografice \u0219i culturale ale jazz-ului balcanic. Muzica lor corespunde, de fapt, spiritului timpului, \u00eempletind sonorit\u0103\u021bi din muzica clasic\u0103, din rock \u0219i muzica tradi\u021bional\u0103 \u0219i atr\u0103g\u00e2nd \u00een acest fel un public nou \u0219i, mai ales, t\u00e2n\u0103r.\r\n\r\n <br><br>\r\n\r\nIstoricul Eyot (\u00eensemn\u00e2nd \u201cinsul\u0103\u201d, \u00een limba s\u00e2rb\u0103) \u00eencepe \u00een 2006, c\u00e2nd liderul forma\u021biei, Dejan Iliji\u0107, \u00eenregistreaz\u0103 primul album solo la Ninety and Nine Records \u00een New York. Patronul casei de discuri, Kent Gustavson, l-a sus\u021binut ulterior \u00een demersul de a-\u0219i dezvolta viziunea muzical\u0103 din proiectul solo \u00eentr-o form\u0103 mai complex\u0103, aceea de grup.\r\n<br><br>\r\n\r\nDejan Iliji\u0107 este de origine macedonean\u0103. S-a stabilit de mul\u021bi ani \u00eentr-o regiune estic\u0103 a Serbiei, \u00een ora\u0219ul Ni\u0161. A studiat de foarte t\u00e2n\u0103r pianul \u0219i a urmat studii de muzic\u0103 clasic\u0103, dar a fost atras mereu de tot ce \u00eenseamn\u0103 muzic\u0103, indiferent de gen: c\u0103 este rock, muzic\u0103 tradi\u021bional\u0103, pop sau ambiental\u0103. Are acea abilitate rar\u0103 de a face ca elemente ale muzicii vechi \u0219i elemente ale muzicii contemporane s\u0103 coexiste \u00een aceea\u0219i compozi\u021bie, f\u0103r\u0103 striden\u021be, ci organic.\r\n\r\n <br><br>\r\n\r\n\u00cen 2008, Dejan Iliji\u0107 \u00eenfiin\u021beaz\u0103 Eyot, cu Sla\u0111an Milenovi\u0107 la chitar\u0103, Milo\u0161 Vojvodi\u0107 la tobe \u0219i Marko Stojiljkovi\u0107 la bas. Trupa \u00eencepe s\u0103 concerteze \u00een Serbia \u0219i s\u0103 participe la festivaluri interna\u021bionale, unde prezen\u021ba le este remarcat\u0103 \u0219i apreciat\u0103, c\u00e2\u0219tig\u00e2nd, \u00een 2009, concursul Umbria Jazz Balkanic Windows, iar \u00een 2012 MIDEM OFF Showcase (Cannes, Fran\u021ba). Muzica lor este deseori catalogat\u0103 ca un mix \u00eentre ambiental, world music \u0219i jazz, dar liderul forma\u021biei o consider\u0103 pur si simplu muzic\u0103, dincolo de etichet\u0103rile de gen, iar dac\u0103 ar fi s\u0103 aleag\u0103 o influen\u021b\u0103 major\u0103, aceea ar fi muzica clasic\u0103. \u00centrebat \u00eentr-un interviu care \u00eei sunt influen\u021bele \u00een muzic\u0103, Dejan explic\u0103 \u00een detaliu: \u201cmuzica tradi\u021bional\u0103, Stravinski, Bartok \u2013 pentru ritm, orchestrare, profunzime; Nirvana \u2013 pentru energia f\u0103r\u0103 limite; Miles Davis \u2013 pentru atitudine, Esbj\u00f6rn Svensson \u2013 pentru felul \u00een care a f\u0103cut jazz-ul accesibil unui public eterogen; Coldplay, U2, Radiohead \u0219i Bj\u00f6rk- pentru emo\u021bia asem\u0103n\u0103toare\u201d.\r\n\r\n <br><br>\r\n\r\nDup\u0103 albumul de debut, Eyot s-au \u00eentors \u00eenc\u0103 de dou\u0103 ori \u00een studio pentru a \u00eenregistra albumele Drifters (2013, Neuklang) \u0219i Similarity (2014, Ninety and Nine Records). Au devenit extrem de activi pe scenele europene de jazz, concertele lor \u00eencep\u00e2nd s\u0103 fie din ce \u00een ce mai solicitate pentru c\u00e2teva ingredinte majore: atmosfer\u0103, melodie, ritm, armonie, emo\u021bie.\r\n\r\n \r\n<br><br>\r\n \r\n\r\n \r\n\r\nDISCOGRAFIE RECOMANDAT\u0102:<br>\r\n\r\n \r\n\r\nHorizon (2010, Ninety and Nine Records),<br>\r\n\r\nDrifters (2013, Neuklang),<br>\r\n\r\nSimilarity (2014, Ninety and Nine Records).<br><\/p>\t\t<\/div>\n\n\t\t\t\t\t\t<\/div>\n\t\t\t\t<\/div>\n\t\t\t\t\t<\/div>\n\t\t<\/div>\n\t\t\t\t\t<\/div>\n\t\t<\/section>\n\t\t\t\t<div class=\"elementor-element elementor-element-772ba6af elementor-widget-divider--view-line elementor-widget elementor-widget-divider\" data-id=\"772ba6af\" data-element_type=\"widget\" data-widget_type=\"divider.default\">\n\t\t\t\t<div class=\"elementor-widget-container\">\n\t\t\t\t\t\t\t<div class=\"elementor-divider\">\n\t\t\t<span class=\"elementor-divider-separator\">\n\t\t\t\t\t\t<\/span>\n\t\t<\/div>\n\t\t\t\t\t\t<\/div>\n\t\t\t\t<\/div>\n\t\t\t\t<section class=\"elementor-section elementor-inner-section elementor-element elementor-element-57a2087e elementor-section-boxed elementor-section-height-default elementor-section-height-default\" data-id=\"57a2087e\" data-element_type=\"section\" id=\"asculta\">\n\t\t\t\t\t\t<div class=\"elementor-container elementor-column-gap-default\">\n\t\t\t\t\t<div class=\"elementor-column elementor-col-50 elementor-inner-column elementor-element elementor-element-62b52fc5\" data-id=\"62b52fc5\" data-element_type=\"column\">\n\t\t\t<div class=\"elementor-widget-wrap elementor-element-populated\">\n\t\t\t\t\t\t<div class=\"elementor-element elementor-element-747d7ab1 elementor-widget elementor-widget-html\" data-id=\"747d7ab1\" data-element_type=\"widget\" data-widget_type=\"html.default\">\n\t\t\t\t<div class=\"elementor-widget-container\">\n\t\t\t\t\t<iframe style=\"border-radius:12px\" src=\"https:\/\/open.spotify.com\/embed\/artist\/32PUJLjuhxSBtXjkLUI836?utm_source=generator\" width=\"100%\" height=\"352\" frameborder=\"0\" allowfullscreen=\"\" allow=\"autoplay; clipboard-write; encrypted-media; fullscreen; picture-in-picture\" loading=\"lazy\"><\/iframe>\t\t\t\t<\/div>\n\t\t\t\t<\/div>\n\t\t\t\t\t<\/div>\n\t\t<\/div>\n\t\t\t\t<div class=\"elementor-column elementor-col-50 elementor-inner-column elementor-element elementor-element-38968dd6\" data-id=\"38968dd6\" data-element_type=\"column\">\n\t\t\t<div class=\"elementor-widget-wrap elementor-element-populated\">\n\t\t\t\t\t\t<div class=\"elementor-element elementor-element-7f6bc6bd elementor-widget elementor-widget-video\" data-id=\"7f6bc6bd\" data-element_type=\"widget\" data-settings=\"{&quot;youtube_url&quot;:&quot;https:\\\/\\\/www.youtube.com\\\/watch?v=oGsUsjNJpnw&amp;pp=ygUQRVlPVCBnYXJhbmEgamF6eg%3D%3D&quot;,&quot;video_type&quot;:&quot;youtube&quot;,&quot;controls&quot;:&quot;yes&quot;}\" data-widget_type=\"video.default\">\n\t\t\t\t<div class=\"elementor-widget-container\">\n\t\t\t\t\t\t\t<div class=\"elementor-wrapper elementor-open-inline\">\n\t\t\t<div class=\"elementor-video\"><\/div>\t\t<\/div>\n\t\t\t\t\t\t<\/div>\n\t\t\t\t<\/div>\n\t\t\t\t\t<\/div>\n\t\t<\/div>\n\t\t\t\t\t<\/div>\n\t\t<\/section>\n\t\t\t\t\t<\/div>\n\t\t<\/div>\n\t\t\t\t\t<\/div>\n\t\t<\/section>\n\t\t\t\t<\/div>","protected":false},"excerpt":{"rendered":"<p>Listen<\/p>","protected":false},"author":3,"featured_media":7320,"parent":7312,"menu_order":0,"comment_status":"closed","ping_status":"closed","template":"","meta":{"footnotes":""},"class_list":["post-7550","page","type-page","status-publish","has-post-thumbnail","hentry"],"_links":{"self":[{"href":"https:\/\/garana-jazz.ro\/en\/wp-json\/wp\/v2\/pages\/7550","targetHints":{"allow":["GET"]}}],"collection":[{"href":"https:\/\/garana-jazz.ro\/en\/wp-json\/wp\/v2\/pages"}],"about":[{"href":"https:\/\/garana-jazz.ro\/en\/wp-json\/wp\/v2\/types\/page"}],"author":[{"embeddable":true,"href":"https:\/\/garana-jazz.ro\/en\/wp-json\/wp\/v2\/users\/3"}],"replies":[{"embeddable":true,"href":"https:\/\/garana-jazz.ro\/en\/wp-json\/wp\/v2\/comments?post=7550"}],"version-history":[{"count":0,"href":"https:\/\/garana-jazz.ro\/en\/wp-json\/wp\/v2\/pages\/7550\/revisions"}],"up":[{"embeddable":true,"href":"https:\/\/garana-jazz.ro\/en\/wp-json\/wp\/v2\/pages\/7312"}],"wp:featuredmedia":[{"embeddable":true,"href":"https:\/\/garana-jazz.ro\/en\/wp-json\/wp\/v2\/media\/7320"}],"wp:attachment":[{"href":"https:\/\/garana-jazz.ro\/en\/wp-json\/wp\/v2\/media?parent=7550"}],"curies":[{"name":"wp","href":"https:\/\/api.w.org\/{rel}","templated":true}]}}