{"id":7568,"date":"2024-02-29T15:10:23","date_gmt":"2024-02-29T12:10:23","guid":{"rendered":"https:\/\/garana-jazz.mywp.ro\/?page_id=7568"},"modified":"2024-02-29T15:11:38","modified_gmt":"2024-02-29T12:11:38","slug":"wojtek-mazolewski-quintet","status":"publish","type":"page","link":"https:\/\/garana-jazz.ro\/en\/gjf-2016\/wojtek-mazolewski-quintet\/","title":{"rendered":"WOJTEK MAZOLEWSKI QUINTET"},"content":{"rendered":"<div data-elementor-type=\"wp-page\" data-elementor-id=\"7568\" class=\"elementor elementor-7568\" data-elementor-post-type=\"page\">\n\t\t\t\t\t\t<section data-section-luminosity=\"dark\" data-lqd-section-scroll=\"true\" class=\"elementor-section elementor-top-section elementor-element elementor-element-2c47031f elementor-section-height-min-height elementor-section-items-bottom elementor-section-boxed elementor-section-height-default elementor-invisible\" data-id=\"2c47031f\" data-element_type=\"section\" data-settings=\"{&quot;background_background&quot;:&quot;classic&quot;,&quot;animation&quot;:&quot;fadeIn&quot;}\">\n\t\t\t\t\t\t\t<div class=\"elementor-background-overlay\"><\/div>\n\t\t\t\t\t\t\t<div class=\"elementor-container elementor-column-gap-default\">\n\t\t\t\t\t<div class=\"elementor-column elementor-col-100 elementor-top-column elementor-element elementor-element-3cc94c72\" data-id=\"3cc94c72\" data-element_type=\"column\">\n\t\t\t<div class=\"elementor-widget-wrap elementor-element-populated\">\n\t\t\t\t\t\t<div class=\"elementor-element elementor-element-3a35903a elementor-widget elementor-widget-spacer\" data-id=\"3a35903a\" data-element_type=\"widget\" data-widget_type=\"spacer.default\">\n\t\t\t\t<div class=\"elementor-widget-container\">\n\t\t\t\t\t\t\t<div class=\"elementor-spacer\">\n\t\t\t<div class=\"elementor-spacer-inner\"><\/div>\n\t\t<\/div>\n\t\t\t\t\t\t<\/div>\n\t\t\t\t<\/div>\n\t\t\t\t<div class=\"elementor-element elementor-element-491adc2f elementor-widget elementor-widget-hub_fancy_heading lqd-el-has-inner-anim\" data-id=\"491adc2f\" data-element_type=\"widget\" data-settings=\"{&quot;enable_split&quot;:&quot;true&quot;,&quot;split_type&quot;:&quot;chars, words&quot;}\" data-widget_type=\"hub_fancy_heading.default\">\n\t\t\t\t<div class=\"elementor-widget-container\">\n\t\t\t\t\t\n\t\t<div id=\"ld-fancy-heading-69e90d1cd8e41\" class=\"ld-fancy-heading pos-rel\">\n\t\t\t<h1 class=\"ld-fh-element d-inline-block pos-rel  elementor-heading-title lqd-highlight-classic lqd-highlight-grow-left lqd-split-chars h1\"  data-split-text=\"true\" data-split-options='{\"type\":\"chars, words\"}'> WOJTEK MAZOLEWSKI QUINTET<\/h1>\t\t<\/div>\n\n\t\t\t\t\t\t<\/div>\n\t\t\t\t<\/div>\n\t\t\t\t<section class=\"elementor-section elementor-inner-section elementor-element elementor-element-57cc6411 elementor-section-boxed elementor-section-height-default elementor-section-height-default\" data-id=\"57cc6411\" data-element_type=\"section\">\n\t\t\t\t\t\t\t<div class=\"elementor-background-overlay\"><\/div>\n\t\t\t\t\t\t\t<div class=\"elementor-container elementor-column-gap-default\">\n\t\t\t\t\t<div class=\"elementor-column elementor-col-33 elementor-inner-column elementor-element elementor-element-2b73fa\" data-id=\"2b73fa\" data-element_type=\"column\">\n\t\t\t<div class=\"elementor-widget-wrap elementor-element-populated\">\n\t\t\t\t\t\t<div class=\"elementor-element elementor-element-3e264d01 elementor-widget elementor-widget-hub_fancy_heading\" data-id=\"3e264d01\" data-element_type=\"widget\" data-widget_type=\"hub_fancy_heading.default\">\n\t\t\t\t<div class=\"elementor-widget-container\">\n\t\t\t\t\t\n\t\t<div id=\"ld-fancy-heading-69e90d1cd9cea\" class=\"ld-fancy-heading pos-rel\">\n\t\t\t<h4 class=\"ld-fh-element d-inline-block pos-rel  elementor-heading-title lqd-highlight-classic lqd-highlight-grow-left h4\"  > #garanajazz2016<\/h4>\t\t<\/div>\n\n\t\t\t\t\t\t<\/div>\n\t\t\t\t<\/div>\n\t\t\t\t\t<\/div>\n\t\t<\/div>\n\t\t\t\t<div class=\"elementor-column elementor-col-33 elementor-inner-column elementor-element elementor-element-631785e2\" data-id=\"631785e2\" data-element_type=\"column\">\n\t\t\t<div class=\"elementor-widget-wrap elementor-element-populated\">\n\t\t\t\t\t\t<div class=\"elementor-element elementor-element-5fb263f2 elementor-widget elementor-widget-hub_fancy_heading\" data-id=\"5fb263f2\" data-element_type=\"widget\" data-widget_type=\"hub_fancy_heading.default\">\n\t\t\t\t<div class=\"elementor-widget-container\">\n\t\t\t\t\t\n\t\t<div id=\"ld-fancy-heading-69e90d1cda5eb\" class=\"ld-fancy-heading pos-rel\">\n\t\t\t<p class=\"ld-fh-element d-inline-block pos-rel  lqd-highlight-classic lqd-highlight-grow-left p\"  > Main Stage, Poiana Lupului, G\u0103r\u00e2na<\/p>\t\t<\/div>\n\n\t\t\t\t\t\t<\/div>\n\t\t\t\t<\/div>\n\t\t\t\t\t<\/div>\n\t\t<\/div>\n\t\t\t\t<div class=\"elementor-column elementor-col-33 elementor-inner-column elementor-element elementor-element-7272c0f8\" data-id=\"7272c0f8\" data-element_type=\"column\">\n\t\t\t<div class=\"elementor-widget-wrap elementor-element-populated\">\n\t\t\t\t\t\t<div class=\"elementor-element elementor-element-1d50ad32 elementor-align-right elementor-tablet-align-left elementor-widget elementor-widget-ld_button\" data-id=\"1d50ad32\" data-element_type=\"widget\" data-widget_type=\"ld_button.default\">\n\t\t\t\t<div class=\"elementor-widget-container\">\n\t\t\t\t\t\n\t\t\t<a\n\t\t\t\thref=\"#asculta\"class=\"elementor-button btn btn-solid btn-icon-right btn-hover-reveal btn-has-label\"\t\t\t>\n\t\t\t\t\t\t\t\t\t<span data-text=\"Ascult\u0103\" class=\"btn-txt\">\n\t\t\t\t\t\tListen\t\t\t\t\t<\/span>\n\t\t\t\t\t\t\t\t\t\t\t\t\t\t<span class=\"btn-icon\">\n\t\t\t\t\t\t\t<i aria-hidden=\"true\" class=\"lqd-icn-ess icon-md-arrow-forward\"><\/i>\t\t\t\t\t\t<\/span>\n\t\t\t\t\t\t\t\t\t<\/a>\n\t\t\t\t\t\t\t<\/div>\n\t\t\t\t<\/div>\n\t\t\t\t\t<\/div>\n\t\t<\/div>\n\t\t\t\t\t<\/div>\n\t\t<\/section>\n\t\t\t\t\t<\/div>\n\t\t<\/div>\n\t\t\t\t\t<\/div>\n\t\t<\/section>\n\t\t\t\t<section data-section-luminosity=\"dark\" data-lqd-custom-cursor=\"true\" class=\"elementor-section elementor-top-section elementor-element elementor-element-9b08b86 elementor-section-height-min-height elementor-section-items-stretch elementor-section-content-middle elementor-section-boxed elementor-section-height-default\" data-id=\"9b08b86\" data-element_type=\"section\" data-settings=\"{&quot;background_background&quot;:&quot;classic&quot;}\">\n\t\t\t\t\t\t<div class=\"elementor-container elementor-column-gap-no\">\n\t\t\t\t\t<div data-custom-animations=\"true\" data-ca-options=\"{&quot;addChildTimelines&quot;:false,&quot;trigger&quot;:&quot;firstChild&quot;,&quot;animationTarget&quot;:&quot;:scope &gt; .elementor-widget-wrap &gt; .elementor-element &gt; .elementor-widget-container, :scope &gt; .elementor-widget-wrap &gt; .elementor-section &gt; .elementor-container &gt; .elementor-column &gt; .elementor-widget-wrap &gt; .elementor-element:not(.lqd-el-has-inner-anim) &gt; .elementor-widget-container, :scope &gt; .elementor-widget-wrap &gt; .elementor-widget-hub_fancy_heading .lqd-split-lines .lqd-lines .split-inner, :scope &gt; .elementor-widget-wrap &gt; .elementor-widget-hub_fancy_heading .lqd-split-words .lqd-words .split-inner, :scope &gt; .elementor-widget-wrap &gt; .elementor-widget-hub_fancy_heading .lqd-split-chars .lqd-chars .split-inner, :scope &gt; .elementor-widget-wrap &gt; .elementor-widget-ld_custom_menu .lqd-fancy-menu &gt; ul &gt; li&quot;,&quot;startDelay&quot;:800,&quot;ease&quot;:[&quot;power4.out&quot;],&quot;initValues&quot;:{&quot;y&quot;:&quot;25px&quot;,&quot;opacity&quot;:0,&quot;transformOrigin&quot;:&quot;50% 50% 0px&quot;},&quot;animations&quot;:{&quot;y&quot;:&quot;0px&quot;,&quot;opacity&quot;:1,&quot;transformOrigin&quot;:&quot;50% 50% 0px&quot;}}\" class=\"elementor-column elementor-col-100 elementor-top-column elementor-element elementor-element-3d76e857\" data-id=\"3d76e857\" data-element_type=\"column\">\n\t\t\t<div class=\"elementor-widget-wrap elementor-element-populated\">\n\t\t\t\t\t\t<section class=\"elementor-section elementor-inner-section elementor-element elementor-element-2e547ba7 elementor-section-boxed elementor-section-height-default elementor-section-height-default\" data-id=\"2e547ba7\" data-element_type=\"section\">\n\t\t\t\t\t\t<div class=\"elementor-container elementor-column-gap-default\">\n\t\t\t\t\t<div class=\"elementor-column elementor-col-100 elementor-inner-column elementor-element elementor-element-7a996e0d\" data-id=\"7a996e0d\" data-element_type=\"column\">\n\t\t\t<div class=\"elementor-widget-wrap elementor-element-populated\">\n\t\t\t\t\t\t<div data-custom-animations=\"true\" data-ca-options=\"{&quot;addChildTimelines&quot;:false,&quot;trigger&quot;:&quot;firstChild&quot;,&quot;animationTarget&quot;:&quot;.lqd-split-lines .lqd-lines .split-inner, .lqd-adv-txt-fig&quot;,&quot;duration&quot;:1200,&quot;startDelay&quot;:100,&quot;delay&quot;:40,&quot;ease&quot;:&quot;bounce.in&quot;,&quot;direction&quot;:&quot;random&quot;,&quot;initValues&quot;:{&quot;opacity&quot;:0,&quot;transformOrigin&quot;:&quot;50% 50% 0px&quot;},&quot;animations&quot;:{&quot;opacity&quot;:1,&quot;transformOrigin&quot;:&quot;50% 50% 0px&quot;}}\" class=\"elementor-element elementor-element-6c46595 elementor-widget elementor-widget-hub_fancy_heading lqd-el-has-inner-anim\" data-id=\"6c46595\" data-element_type=\"widget\" data-settings=\"{&quot;enable_split&quot;:&quot;true&quot;,&quot;split_type&quot;:&quot;lines&quot;}\" data-widget_type=\"hub_fancy_heading.default\">\n\t\t\t\t<div class=\"elementor-widget-container\">\n\t\t\t\t\t\n\t\t<div id=\"ld-fancy-heading-69e90d1cddc5e\" class=\"ld-fancy-heading pos-rel\">\n\t\t\t<p class=\"ld-fh-element d-inline-block pos-rel  lqd-highlight-classic lqd-highlight-grow-left lqd-split-lines p\"  data-split-text=\"true\" data-split-options='{\"type\":\"lines\"}'> Wojtek Mazolewski \u2013 bass<br>\r\nJoanna Duda \u2013 keyboards<br>\r\nOskar T\u00f6r\u00f6k \u2013 trumpet<br>\r\nMarek Pospieszalski \u2013 tenor saxophone, clarinet<br>\r\nJakub Janicki \u2013 drums<br>\r\n\r\n <br><br>\r\n\r\nWojtek Mazolewski Quintet este de mul\u021bi ani \u00een topul preferin\u021belor publicului de acas\u0103, dar \u0219i din restul Europei, fiind considerat un fenomen. Concertele sold out, ova\u021biile la scen\u0103 deschis\u0103, cronicile laudative au \u00eenso\u021bit turneul de promovare a ultimului lor album Polka. Personalitatea carismatic\u0103 a liderului quintetului, ingeniozitatea cu care muzicienii polonezi folosesc influen\u021be din diferite stiluri muzicale, bucuria de a c\u00e2nta \u0219i de a comunica ceea creeaz\u0103 i-au adus quintetului un num\u0103r mare de admiratori mai ales din r\u00e2ndul publicului t\u00e2n\u0103r. Albumul Polka nu este doar un jurnal de bord al muzicienilor c\u0103l\u0103tori prin ora\u0219ele lumii, ci este, \u00een acela\u0219i timp, o incursiune \u00eenc\u0103rcat\u0103 de emo\u021bii printre sonorit\u0103\u021bi noi, percutante, melodii acaparatoare, toate acestea fiind dublate de virtuozitate. Quintetul a concertat deja pe marile scene europene din Fran\u021ba, Germania, Ungaria, Cehia, Turcia, dar \u0219i \u00een India. Iar acum popose\u0219te \u00eentr-un loc unde probabil se va sim\u021bi \u00een largul lui: la G\u0103r\u00e2na Jazz Festival.\r\n\r\n <br><br>\r\n\r\nBasistul \u0219i contrabasistul Wojtek Mazolewski (n. 1976, Polonia) a pornit \u00een aventura muzicii improvizate dup\u0103 ce a fost o prezen\u021b\u0103 aclamat\u0103 pe scena de punk rock. \u00cen 1998 pune bazele trupei Pink Freud \u0219i are un succes nea\u0219teptat la public, devenind un fel de erou na\u021bional pentru c\u0103 a readus jazz-ul \u00een topurile muzicale poloneze. \u00cen 2009 \u00eenfiin\u021beaz\u0103 Wojtek Mazelowski Quintet. Succesul pe care \u00eel \u00eenregistreaz\u0103 cu albumele Smells Like Tape Spirit (2012) \u0219i Wojtek in Czechoslovakia (2012) \u00eei deschide muzicianului drumul c\u0103tre numeroase concerte \u00een Europa, dar \u0219i \u00een Japonia, Statele Unite, Maroc sau Ucraina. A fost partener de scen\u0103 al unor muzicieni importan\u021bi, precum Tim Bern, Tomasz Sta\u0144ko, John Zorn sau Peter Kowald. Are propria emisiune la Radio Gda\u0144sk \u0219i Chlli Zet, a compus muzic\u0103 pentru spectacole de teatru \u0219i pentru o serie de audio-books. Este premiat de Radioul Polonez \u0219i de Jazz Forum Magazine.\r\n<br><br>\r\n \r\n\r\nJoanna Duda este pianist\u0103, compozitoare, lider\u0103 a trupei AuAuA, co-lider\u0103 a grupului Wojtek Mazolewski Quintet \u0219i a \u00d6. A absolvit Academia de Muzic\u0103 din Gda\u0144sk, av\u00e2ndu-l ca profesor la clasa de pian pe Andrzej Artykiewicz. Joanna Duda este o artist\u0103 extrem de versatil\u0103 \u0219i implicat\u0103 \u00een tot ceea ce \u00eenseamn\u0103 muzic\u0103, indiferent de stil, de la muzica clasic\u0103, la cea contemporan\u0103, jazz sau pop, electronic\u0103 sau experimental\u0103. Este creatoare de performance \u0219i autoare a muzicii pentru multe spectacole de teatru \u0219i de dans. Este activ\u0103, totodat\u0103, pe scena DJ electronic\u0103 \u0219i pe cea de dub-step. \u00cen anul 2010, Joanna Duda a fost invitat\u0103 s\u0103 participe la seria de concerte \u201eChopin pentru 5 piane\u201d \u00eempreun\u0103 cu cei mai buni piani\u0219ti polonezi: S\u0142awek Jasku\u0142ke, Piotr Wyle\u017co\u0142, Pawe\u0142 Kaczmarczyk \u0219i Katarzyna Borek. Proiectul a fost prezentat pe scena Europe Square Outdoor \u00een timpul \u201eExpo 2010\u201d din Shanghai.\r\n<br><br>\r\n \r\n\r\nOskar T\u00f6r\u00f6k (n. 1980, Slovacia) \u0219i-a f\u0103cut studiile de muzic\u0103 \u00een Polonia, astfel \u00eenc\u00e2t \u00eel vom reg\u0103si at\u00e2t pe scenele de jazz din Katowice, c\u00e2t \u0219i pe cele din Praga (Cehia). Colaboreaz\u0103 cu Wojtek Mazolewski Quintet, Sato-San To, Vertigo Quintet, Points Quartet, Bucinatores Orchestra, dar \u0219i cu celebra Iva Bittov\u00e1.\r\n\r\n <br><br>\r\n\r\nMarek Pospieszalski (n. 1988, Polonia), la saxofon tenor \u0219i clarinet, a fost atras de jazz de foarte timpuriu, mai ales de latura sa avangardist\u0103 \u0219i de improviza\u021bie, fiind considerat un talent precoce. \u00cempreun\u0103 cu violonistul Tomasz Sroczy\u0144ski a \u00eenregistrat \u00een 2014 albumul Bareness, care va fi foarte bine primit de critici. Este foarte implicat \u00een numeroase proiecte, av\u00e2nd o activitate bogat\u0103 cu propriul quartet, Marek Pospieszalski Quartet, dar \u0219i cu Marco Eneidi, Pawe\u0142 Kaczmarczyk, Kuba P\u0142u\u017cek \u0219i Wojtek Mazolewski. A \u00eenregistrat cu fiecare dintre ace\u0219tia mai multe albume \u0219i a concertat \u00een numeroase \u021b\u0103ri.\r\nJakub Janicki a studiat percu\u021bia la Academia de Muzic\u0103 din Katowice. Este un precu\u021bionist interesat \u0219i de folosirea mijloacele electronice. Cu trupa sa de indie, Popo, a \u00eenregistrat albumul Go Upstream, \u00een 2006. Remarcat de c\u0103tre muzicienii de jazz, este solicitat s\u0103 colaboreze \u00een diverse proiecte ca cel al lui Steven Buchanan sau cu Skowro\u0144ski Damasiewicz Quartet.\r\n\r\n <br><br>\r\n\r\n \r\n\r\nDISCOGRAFIE RECOMANDAT\u0102:<br>\r\n\r\nPolka (2014, Mystic Production) &amp; Polka Live (2016);<br>\r\n\r\nSmells Like Tape Spirit (2012, Mystic Production);<br>\r\n\r\nWojtek w Czechos\u0142owacji (2011, Mystic Production).<\/p>\t\t<\/div>\n\n\t\t\t\t\t\t<\/div>\n\t\t\t\t<\/div>\n\t\t\t\t\t<\/div>\n\t\t<\/div>\n\t\t\t\t\t<\/div>\n\t\t<\/section>\n\t\t\t\t<div class=\"elementor-element elementor-element-5b3cb6c1 elementor-widget-divider--view-line elementor-widget elementor-widget-divider\" data-id=\"5b3cb6c1\" data-element_type=\"widget\" data-widget_type=\"divider.default\">\n\t\t\t\t<div class=\"elementor-widget-container\">\n\t\t\t\t\t\t\t<div class=\"elementor-divider\">\n\t\t\t<span class=\"elementor-divider-separator\">\n\t\t\t\t\t\t<\/span>\n\t\t<\/div>\n\t\t\t\t\t\t<\/div>\n\t\t\t\t<\/div>\n\t\t\t\t<section class=\"elementor-section elementor-inner-section elementor-element elementor-element-200315b1 elementor-section-boxed elementor-section-height-default elementor-section-height-default\" data-id=\"200315b1\" data-element_type=\"section\" id=\"asculta\">\n\t\t\t\t\t\t<div class=\"elementor-container elementor-column-gap-default\">\n\t\t\t\t\t<div class=\"elementor-column elementor-col-50 elementor-inner-column elementor-element elementor-element-4db0f8d\" data-id=\"4db0f8d\" data-element_type=\"column\">\n\t\t\t<div class=\"elementor-widget-wrap elementor-element-populated\">\n\t\t\t\t\t\t<div class=\"elementor-element elementor-element-53866047 elementor-widget elementor-widget-html\" data-id=\"53866047\" data-element_type=\"widget\" data-widget_type=\"html.default\">\n\t\t\t\t<div class=\"elementor-widget-container\">\n\t\t\t\t\t<iframe style=\"border-radius:12px\" src=\"https:\/\/open.spotify.com\/embed\/artist\/4daN0QKE6JqPnvLvrzC9zT?utm_source=generator\" width=\"100%\" height=\"352\" frameborder=\"0\" allowfullscreen=\"\" allow=\"autoplay; clipboard-write; encrypted-media; fullscreen; picture-in-picture\" loading=\"lazy\"><\/iframe>\t\t\t\t<\/div>\n\t\t\t\t<\/div>\n\t\t\t\t\t<\/div>\n\t\t<\/div>\n\t\t\t\t<div class=\"elementor-column elementor-col-50 elementor-inner-column elementor-element elementor-element-36e42384\" data-id=\"36e42384\" data-element_type=\"column\">\n\t\t\t<div class=\"elementor-widget-wrap elementor-element-populated\">\n\t\t\t\t\t\t<div class=\"elementor-element elementor-element-316b77af elementor-widget elementor-widget-video\" data-id=\"316b77af\" data-element_type=\"widget\" data-settings=\"{&quot;youtube_url&quot;:&quot;https:\\\/\\\/www.youtube.com\\\/watch?v=H-kCPJKf5wI&amp;pp=ygUlV09KVEVLIE1BWk9MRVdTS0kgUVVJTlRFVCBnYXJhbmEgamF6eg%3D%3D&quot;,&quot;video_type&quot;:&quot;youtube&quot;,&quot;controls&quot;:&quot;yes&quot;}\" data-widget_type=\"video.default\">\n\t\t\t\t<div class=\"elementor-widget-container\">\n\t\t\t\t\t\t\t<div class=\"elementor-wrapper elementor-open-inline\">\n\t\t\t<div class=\"elementor-video\"><\/div>\t\t<\/div>\n\t\t\t\t\t\t<\/div>\n\t\t\t\t<\/div>\n\t\t\t\t\t<\/div>\n\t\t<\/div>\n\t\t\t\t\t<\/div>\n\t\t<\/section>\n\t\t\t\t\t<\/div>\n\t\t<\/div>\n\t\t\t\t\t<\/div>\n\t\t<\/section>\n\t\t\t\t<\/div>","protected":false},"excerpt":{"rendered":"<p>Listen<\/p>","protected":false},"author":3,"featured_media":7337,"parent":7312,"menu_order":0,"comment_status":"closed","ping_status":"closed","template":"","meta":{"footnotes":""},"class_list":["post-7568","page","type-page","status-publish","has-post-thumbnail","hentry"],"_links":{"self":[{"href":"https:\/\/garana-jazz.ro\/en\/wp-json\/wp\/v2\/pages\/7568","targetHints":{"allow":["GET"]}}],"collection":[{"href":"https:\/\/garana-jazz.ro\/en\/wp-json\/wp\/v2\/pages"}],"about":[{"href":"https:\/\/garana-jazz.ro\/en\/wp-json\/wp\/v2\/types\/page"}],"author":[{"embeddable":true,"href":"https:\/\/garana-jazz.ro\/en\/wp-json\/wp\/v2\/users\/3"}],"replies":[{"embeddable":true,"href":"https:\/\/garana-jazz.ro\/en\/wp-json\/wp\/v2\/comments?post=7568"}],"version-history":[{"count":0,"href":"https:\/\/garana-jazz.ro\/en\/wp-json\/wp\/v2\/pages\/7568\/revisions"}],"up":[{"embeddable":true,"href":"https:\/\/garana-jazz.ro\/en\/wp-json\/wp\/v2\/pages\/7312"}],"wp:featuredmedia":[{"embeddable":true,"href":"https:\/\/garana-jazz.ro\/en\/wp-json\/wp\/v2\/media\/7337"}],"wp:attachment":[{"href":"https:\/\/garana-jazz.ro\/en\/wp-json\/wp\/v2\/media?parent=7568"}],"curies":[{"name":"wp","href":"https:\/\/api.w.org\/{rel}","templated":true}]}}