{"id":7589,"date":"2024-02-29T15:18:29","date_gmt":"2024-02-29T12:18:29","guid":{"rendered":"https:\/\/garana-jazz.mywp.ro\/?page_id=7589"},"modified":"2024-02-29T15:19:49","modified_gmt":"2024-02-29T12:19:49","slug":"sebastian-spanache-trio","status":"publish","type":"page","link":"https:\/\/garana-jazz.ro\/en\/gjf-2016\/sebastian-spanache-trio\/","title":{"rendered":"SEBASTIAN SPANACHE TRIO"},"content":{"rendered":"<div data-elementor-type=\"wp-page\" data-elementor-id=\"7589\" class=\"elementor elementor-7589\" data-elementor-post-type=\"page\">\n\t\t\t\t\t\t<section data-section-luminosity=\"dark\" data-lqd-section-scroll=\"true\" class=\"elementor-section elementor-top-section elementor-element elementor-element-5bd82379 elementor-section-height-min-height elementor-section-items-bottom elementor-section-boxed elementor-section-height-default elementor-invisible\" data-id=\"5bd82379\" data-element_type=\"section\" data-settings=\"{&quot;background_background&quot;:&quot;classic&quot;,&quot;animation&quot;:&quot;fadeIn&quot;}\">\n\t\t\t\t\t\t\t<div class=\"elementor-background-overlay\"><\/div>\n\t\t\t\t\t\t\t<div class=\"elementor-container elementor-column-gap-default\">\n\t\t\t\t\t<div class=\"elementor-column elementor-col-100 elementor-top-column elementor-element elementor-element-33db58b\" data-id=\"33db58b\" data-element_type=\"column\">\n\t\t\t<div class=\"elementor-widget-wrap elementor-element-populated\">\n\t\t\t\t\t\t<div class=\"elementor-element elementor-element-8b79751 elementor-widget elementor-widget-spacer\" data-id=\"8b79751\" data-element_type=\"widget\" data-widget_type=\"spacer.default\">\n\t\t\t\t<div class=\"elementor-widget-container\">\n\t\t\t\t\t\t\t<div class=\"elementor-spacer\">\n\t\t\t<div class=\"elementor-spacer-inner\"><\/div>\n\t\t<\/div>\n\t\t\t\t\t\t<\/div>\n\t\t\t\t<\/div>\n\t\t\t\t<div class=\"elementor-element elementor-element-2318ada0 elementor-widget elementor-widget-hub_fancy_heading lqd-el-has-inner-anim\" data-id=\"2318ada0\" data-element_type=\"widget\" data-settings=\"{&quot;enable_split&quot;:&quot;true&quot;,&quot;split_type&quot;:&quot;chars, words&quot;}\" data-widget_type=\"hub_fancy_heading.default\">\n\t\t\t\t<div class=\"elementor-widget-container\">\n\t\t\t\t\t\n\t\t<div id=\"ld-fancy-heading-6a043a82b02c3\" class=\"ld-fancy-heading pos-rel\">\n\t\t\t<h1 class=\"ld-fh-element d-inline-block pos-rel  elementor-heading-title lqd-highlight-classic lqd-highlight-grow-left lqd-split-chars h1\"  data-split-text=\"true\" data-split-options='{\"type\":\"chars, words\"}'> SEBASTIAN SPANACHE TRIO<\/h1>\t\t<\/div>\n\n\t\t\t\t\t\t<\/div>\n\t\t\t\t<\/div>\n\t\t\t\t<section class=\"elementor-section elementor-inner-section elementor-element elementor-element-39c2b5cb elementor-section-boxed elementor-section-height-default elementor-section-height-default\" data-id=\"39c2b5cb\" data-element_type=\"section\">\n\t\t\t\t\t\t\t<div class=\"elementor-background-overlay\"><\/div>\n\t\t\t\t\t\t\t<div class=\"elementor-container elementor-column-gap-default\">\n\t\t\t\t\t<div class=\"elementor-column elementor-col-33 elementor-inner-column elementor-element elementor-element-7acda812\" data-id=\"7acda812\" data-element_type=\"column\">\n\t\t\t<div class=\"elementor-widget-wrap elementor-element-populated\">\n\t\t\t\t\t\t<div class=\"elementor-element elementor-element-5d05929f elementor-widget elementor-widget-hub_fancy_heading\" data-id=\"5d05929f\" data-element_type=\"widget\" data-widget_type=\"hub_fancy_heading.default\">\n\t\t\t\t<div class=\"elementor-widget-container\">\n\t\t\t\t\t\n\t\t<div id=\"ld-fancy-heading-6a043a82b09e3\" class=\"ld-fancy-heading pos-rel\">\n\t\t\t<h4 class=\"ld-fh-element d-inline-block pos-rel  elementor-heading-title lqd-highlight-classic lqd-highlight-grow-left h4\"  > #garanajazz2016<\/h4>\t\t<\/div>\n\n\t\t\t\t\t\t<\/div>\n\t\t\t\t<\/div>\n\t\t\t\t\t<\/div>\n\t\t<\/div>\n\t\t\t\t<div class=\"elementor-column elementor-col-33 elementor-inner-column elementor-element elementor-element-241c3a96\" data-id=\"241c3a96\" data-element_type=\"column\">\n\t\t\t<div class=\"elementor-widget-wrap elementor-element-populated\">\n\t\t\t\t\t\t<div class=\"elementor-element elementor-element-40db8a95 elementor-widget elementor-widget-hub_fancy_heading\" data-id=\"40db8a95\" data-element_type=\"widget\" data-widget_type=\"hub_fancy_heading.default\">\n\t\t\t\t<div class=\"elementor-widget-container\">\n\t\t\t\t\t\n\t\t<div id=\"ld-fancy-heading-6a043a82b0f27\" class=\"ld-fancy-heading pos-rel\">\n\t\t\t<p class=\"ld-fh-element d-inline-block pos-rel  lqd-highlight-classic lqd-highlight-grow-left p\"  > Main Stage, Poiana Lupului, G\u0103r\u00e2na<\/p>\t\t<\/div>\n\n\t\t\t\t\t\t<\/div>\n\t\t\t\t<\/div>\n\t\t\t\t\t<\/div>\n\t\t<\/div>\n\t\t\t\t<div class=\"elementor-column elementor-col-33 elementor-inner-column elementor-element elementor-element-d484d2\" data-id=\"d484d2\" data-element_type=\"column\">\n\t\t\t<div class=\"elementor-widget-wrap elementor-element-populated\">\n\t\t\t\t\t\t<div class=\"elementor-element elementor-element-28d7d88e elementor-align-right elementor-tablet-align-left elementor-widget elementor-widget-ld_button\" data-id=\"28d7d88e\" data-element_type=\"widget\" data-widget_type=\"ld_button.default\">\n\t\t\t\t<div class=\"elementor-widget-container\">\n\t\t\t\t\t\n\t\t\t<a\n\t\t\t\thref=\"#asculta\"class=\"elementor-button btn btn-solid btn-icon-right btn-hover-reveal btn-has-label\"\t\t\t>\n\t\t\t\t\t\t\t\t\t<span data-text=\"Ascult\u0103\" class=\"btn-txt\">\n\t\t\t\t\t\tListen\t\t\t\t\t<\/span>\n\t\t\t\t\t\t\t\t\t\t\t\t\t\t<span class=\"btn-icon\">\n\t\t\t\t\t\t\t<i aria-hidden=\"true\" class=\"lqd-icn-ess icon-md-arrow-forward\"><\/i>\t\t\t\t\t\t<\/span>\n\t\t\t\t\t\t\t\t\t<\/a>\n\t\t\t\t\t\t\t<\/div>\n\t\t\t\t<\/div>\n\t\t\t\t\t<\/div>\n\t\t<\/div>\n\t\t\t\t\t<\/div>\n\t\t<\/section>\n\t\t\t\t\t<\/div>\n\t\t<\/div>\n\t\t\t\t\t<\/div>\n\t\t<\/section>\n\t\t\t\t<section data-section-luminosity=\"dark\" data-lqd-custom-cursor=\"true\" class=\"elementor-section elementor-top-section elementor-element elementor-element-274e8107 elementor-section-height-min-height elementor-section-items-stretch elementor-section-content-middle elementor-section-boxed elementor-section-height-default\" data-id=\"274e8107\" data-element_type=\"section\" data-settings=\"{&quot;background_background&quot;:&quot;classic&quot;}\">\n\t\t\t\t\t\t<div class=\"elementor-container elementor-column-gap-no\">\n\t\t\t\t\t<div data-custom-animations=\"true\" data-ca-options=\"{&quot;addChildTimelines&quot;:false,&quot;trigger&quot;:&quot;firstChild&quot;,&quot;animationTarget&quot;:&quot;:scope &gt; .elementor-widget-wrap &gt; .elementor-element &gt; .elementor-widget-container, :scope &gt; .elementor-widget-wrap &gt; .elementor-section &gt; .elementor-container &gt; .elementor-column &gt; .elementor-widget-wrap &gt; .elementor-element:not(.lqd-el-has-inner-anim) &gt; .elementor-widget-container, :scope &gt; .elementor-widget-wrap &gt; .elementor-widget-hub_fancy_heading .lqd-split-lines .lqd-lines .split-inner, :scope &gt; .elementor-widget-wrap &gt; .elementor-widget-hub_fancy_heading .lqd-split-words .lqd-words .split-inner, :scope &gt; .elementor-widget-wrap &gt; .elementor-widget-hub_fancy_heading .lqd-split-chars .lqd-chars .split-inner, :scope &gt; .elementor-widget-wrap &gt; .elementor-widget-ld_custom_menu .lqd-fancy-menu &gt; ul &gt; li&quot;,&quot;startDelay&quot;:800,&quot;ease&quot;:[&quot;power4.out&quot;],&quot;initValues&quot;:{&quot;y&quot;:&quot;25px&quot;,&quot;opacity&quot;:0,&quot;transformOrigin&quot;:&quot;50% 50% 0px&quot;},&quot;animations&quot;:{&quot;y&quot;:&quot;0px&quot;,&quot;opacity&quot;:1,&quot;transformOrigin&quot;:&quot;50% 50% 0px&quot;}}\" class=\"elementor-column elementor-col-100 elementor-top-column elementor-element elementor-element-6798789\" data-id=\"6798789\" data-element_type=\"column\">\n\t\t\t<div class=\"elementor-widget-wrap elementor-element-populated\">\n\t\t\t\t\t\t<section class=\"elementor-section elementor-inner-section elementor-element elementor-element-5cf1a717 elementor-section-boxed elementor-section-height-default elementor-section-height-default\" data-id=\"5cf1a717\" data-element_type=\"section\">\n\t\t\t\t\t\t<div class=\"elementor-container elementor-column-gap-default\">\n\t\t\t\t\t<div class=\"elementor-column elementor-col-100 elementor-inner-column elementor-element elementor-element-7376da56\" data-id=\"7376da56\" data-element_type=\"column\">\n\t\t\t<div class=\"elementor-widget-wrap elementor-element-populated\">\n\t\t\t\t\t\t<div data-custom-animations=\"true\" data-ca-options=\"{&quot;addChildTimelines&quot;:false,&quot;trigger&quot;:&quot;firstChild&quot;,&quot;animationTarget&quot;:&quot;.lqd-split-lines .lqd-lines .split-inner, .lqd-adv-txt-fig&quot;,&quot;duration&quot;:1200,&quot;startDelay&quot;:100,&quot;delay&quot;:40,&quot;ease&quot;:&quot;bounce.in&quot;,&quot;direction&quot;:&quot;random&quot;,&quot;initValues&quot;:{&quot;opacity&quot;:0,&quot;transformOrigin&quot;:&quot;50% 50% 0px&quot;},&quot;animations&quot;:{&quot;opacity&quot;:1,&quot;transformOrigin&quot;:&quot;50% 50% 0px&quot;}}\" class=\"elementor-element elementor-element-4d3111db elementor-widget elementor-widget-hub_fancy_heading lqd-el-has-inner-anim\" data-id=\"4d3111db\" data-element_type=\"widget\" data-settings=\"{&quot;enable_split&quot;:&quot;true&quot;,&quot;split_type&quot;:&quot;lines&quot;}\" data-widget_type=\"hub_fancy_heading.default\">\n\t\t\t\t<div class=\"elementor-widget-container\">\n\t\t\t\t\t\n\t\t<div id=\"ld-fancy-heading-6a043a82b302c\" class=\"ld-fancy-heading pos-rel\">\n\t\t\t<p class=\"ld-fh-element d-inline-block pos-rel  lqd-highlight-classic lqd-highlight-grow-left lqd-split-lines p\"  data-split-text=\"true\" data-split-options='{\"type\":\"lines\"}'> Sebastian Spanache \u2013 piano<br>\r\n\r\nCsaba S\u00e1nta \u2013 double bass<br>\r\n\r\nRadu Pieloiu \u2013 drums<br>\r\n\r\n <br><br>\r\n\r\nUna dintre cele mai profesioniste trupe rom\u00e2ne\u0219ti care au ales s\u0103 c\u00e2nte un jazz contemporan, conectat stilistic la tendin\u021bele \u0219i curentele europene ale genului, va concerta pe scena de la Hanul La R\u0103scruce, vineri, 8 iulie.\r\n\r\n <br><br>\r\n\r\nSebastian Spanache Trio a luat na\u0219tere la sf\u00e2r\u0219itul anului 2011 \u0219i este format din Sebastian Spanache (pian, rhodes, wurlitzer), Csaba S\u00e1nta (contrabas, chitar\u0103 bas) \u0219i Radu Pieloiu (tobe, instrumente de percu\u021bie).\r\n<br><br>\r\nDin 2011 p\u00e2n\u0103 acum, Sebastian Spanache Trio a avut o activitate concertistic\u0103 intens\u0103, at\u00e2t la nivel na\u021bional, c\u00e2t \u0219i interna\u021bional, cu particip\u0103ri \u00een cadrul unor festivaluri importante dintre care amintim: Green Hours Jazz Fest, Arcub Jazz&amp;More, Mupa Budapest Jazz, Dixie Jazz Fest Bulgaria. \u00cen 2013, trioul a plecat \u00een turneu european cu concerte \u00een Polonia, Ungaria, Slovacia, Croa\u021bia \u0219i Serbia. La sf\u00e2r\u0219itul lui 2013, Sebastian Spanache Trio a c\u00e2\u0219tigat premiul cel mare la prima edi\u021bie a Festivalului\/Concurs Johnny R\u0103ducanu din Br\u0103ila, Trofeul Johnny R\u0103ducanu. Trio-ul are la activ dou\u0103 albume lansate oficial, Humanized \u00een 2013 \u0219i A Pasha\u2019s Abstinence \u00een 2014, cel din urm\u0103 fiind premiat ca Best Album la prima edi\u021bie a Premiilor Revistei Sunete 2014.\r\n<br><br>\r\n \r\n\r\nSebastian Spanache este un t\u00e2n\u0103r pianist \u0219i compozitor de jazz considerat un talent \u00een ascensiune. S-a n\u0103scut \u00een Timi\u0219oara, tot aici urm\u00e2nd studiile muzicale. A \u00eenceput s\u0103 c\u00e2nte la pian de la 5 ani. \u00cen timpul anilor de liceu, la Colegiul Na\u021bional de Arte \u201cIon Vidu\u201d, devine pasionat de jazz \u0219i \u00eenfiin\u021beaz\u0103 prima sa forma\u021bie de jazz-funk. Va absolvi Conservatorul din Timi\u0219oara cu specializarea pian clasic, dar \u0219i singura facultate de jazz-pop din Estul Europei \u2013 Facultatea de Muzic\u0103 Richard Oschanitzky, din cadrul Universit\u0103\u021bii Tibiscus din Timi\u0219oara. \u00cen 2011 \u00eenfiin\u021beaz\u0103 Sebastian Spanache Trio, cu care va concerta pe scenele rom\u00e2ne\u0219ti \u0219i interna\u021bionale de jazz. Sebastian compune, de asemenea, muzic\u0103 pentru filme \u0219i jocuri video.\r\n<br><br>\r\n \r\n\r\nCsaba S\u00e1nta este originar din T\u00e2rgu Mure\u0219. A absolvit Conservatorul Na\u021bional din Timi\u0219oara \u0219i este angajat al Filarmonicii Banatul. A colaborat cu Eduard Jak Neumann Quartet \u0219i este membru al Europasymphony Orchestra din 2004. A participat la numeroase festivaluri na\u021bionale \u0219i interna\u021bionale. Este un artist versatil, at\u00e2t la bas electric, c\u00e2t \u0219i la contrabas.\r\n\r\n \r\n<br><br>\r\nRadu Pieloiu a studiat la Colegiul Na\u021bional de Art\u0103 Ion Vidu, mai \u00eent\u00e2i pianul \u0219i apoi percu\u021bia. A absolvit Conservatorul Na\u021bional din Timi\u0219oara. De-a lungul timpului a colaborat cu unii dintre cei mai influen\u021bi arti\u0219ti de jazz locali \u0219i interna\u021bionali, at\u00e2t \u00een \u021bar\u0103, c\u00e2t \u0219i \u00een afara ei: la Jazz Showcase \u00een Budapesta, Tuttlingen\u2019s Jugend \u2013 Jazz IT Fest (Germania), Festival International de Musique Universitaire \u2013 Belfort (Fran\u021ba). Este membru al grupurilor BRUM \u0219i Thy Veils \u0219i este artist invitat al The OSGC (Stockholm, Suedia). Radu \u00eembin\u0103 cu succes mai multe stiluri, de la jazz, funk, latino, rock, la reggae \u0219i dnb.<\/p>\t\t<\/div>\n\n\t\t\t\t\t\t<\/div>\n\t\t\t\t<\/div>\n\t\t\t\t\t<\/div>\n\t\t<\/div>\n\t\t\t\t\t<\/div>\n\t\t<\/section>\n\t\t\t\t<div class=\"elementor-element elementor-element-f179d8f elementor-widget-divider--view-line elementor-widget elementor-widget-divider\" data-id=\"f179d8f\" data-element_type=\"widget\" data-widget_type=\"divider.default\">\n\t\t\t\t<div class=\"elementor-widget-container\">\n\t\t\t\t\t\t\t<div class=\"elementor-divider\">\n\t\t\t<span class=\"elementor-divider-separator\">\n\t\t\t\t\t\t<\/span>\n\t\t<\/div>\n\t\t\t\t\t\t<\/div>\n\t\t\t\t<\/div>\n\t\t\t\t<section class=\"elementor-section elementor-inner-section elementor-element elementor-element-32b3fc26 elementor-section-boxed elementor-section-height-default elementor-section-height-default\" data-id=\"32b3fc26\" data-element_type=\"section\" id=\"asculta\">\n\t\t\t\t\t\t<div class=\"elementor-container elementor-column-gap-default\">\n\t\t\t\t\t<div class=\"elementor-column elementor-col-100 elementor-inner-column elementor-element elementor-element-3b8aaeb6\" data-id=\"3b8aaeb6\" data-element_type=\"column\">\n\t\t\t<div class=\"elementor-widget-wrap elementor-element-populated\">\n\t\t\t\t\t\t<div class=\"elementor-element elementor-element-1274db1a elementor-widget elementor-widget-video\" data-id=\"1274db1a\" data-element_type=\"widget\" data-settings=\"{&quot;youtube_url&quot;:&quot;https:\\\/\\\/www.youtube.com\\\/watch?v=w66KgBh7RhY&amp;pp=ygUjU0VCQVNUSUFOIFNQQU5BQ0hFIFRSSU8gZ2FyYW5hIGpheno%3D&quot;,&quot;video_type&quot;:&quot;youtube&quot;,&quot;controls&quot;:&quot;yes&quot;}\" data-widget_type=\"video.default\">\n\t\t\t\t<div class=\"elementor-widget-container\">\n\t\t\t\t\t\t\t<div class=\"elementor-wrapper elementor-open-inline\">\n\t\t\t<div class=\"elementor-video\"><\/div>\t\t<\/div>\n\t\t\t\t\t\t<\/div>\n\t\t\t\t<\/div>\n\t\t\t\t\t<\/div>\n\t\t<\/div>\n\t\t\t\t\t<\/div>\n\t\t<\/section>\n\t\t\t\t\t<\/div>\n\t\t<\/div>\n\t\t\t\t\t<\/div>\n\t\t<\/section>\n\t\t\t\t<\/div>","protected":false},"excerpt":{"rendered":"<p>Listen<\/p>","protected":false},"author":3,"featured_media":7333,"parent":7312,"menu_order":0,"comment_status":"closed","ping_status":"closed","template":"","meta":{"footnotes":""},"class_list":["post-7589","page","type-page","status-publish","has-post-thumbnail","hentry"],"_links":{"self":[{"href":"https:\/\/garana-jazz.ro\/en\/wp-json\/wp\/v2\/pages\/7589","targetHints":{"allow":["GET"]}}],"collection":[{"href":"https:\/\/garana-jazz.ro\/en\/wp-json\/wp\/v2\/pages"}],"about":[{"href":"https:\/\/garana-jazz.ro\/en\/wp-json\/wp\/v2\/types\/page"}],"author":[{"embeddable":true,"href":"https:\/\/garana-jazz.ro\/en\/wp-json\/wp\/v2\/users\/3"}],"replies":[{"embeddable":true,"href":"https:\/\/garana-jazz.ro\/en\/wp-json\/wp\/v2\/comments?post=7589"}],"version-history":[{"count":0,"href":"https:\/\/garana-jazz.ro\/en\/wp-json\/wp\/v2\/pages\/7589\/revisions"}],"up":[{"embeddable":true,"href":"https:\/\/garana-jazz.ro\/en\/wp-json\/wp\/v2\/pages\/7312"}],"wp:featuredmedia":[{"embeddable":true,"href":"https:\/\/garana-jazz.ro\/en\/wp-json\/wp\/v2\/media\/7333"}],"wp:attachment":[{"href":"https:\/\/garana-jazz.ro\/en\/wp-json\/wp\/v2\/media?parent=7589"}],"curies":[{"name":"wp","href":"https:\/\/api.w.org\/{rel}","templated":true}]}}