{"id":7613,"date":"2024-02-29T15:26:50","date_gmt":"2024-02-29T12:26:50","guid":{"rendered":"https:\/\/garana-jazz.mywp.ro\/?page_id=7613"},"modified":"2024-02-29T15:36:20","modified_gmt":"2024-02-29T12:36:20","slug":"yuri-honing-acoustic-quartet","status":"publish","type":"page","link":"https:\/\/garana-jazz.ro\/en\/gjf-2016\/yuri-honing-acoustic-quartet\/","title":{"rendered":"YURI HONING ACOUSTIC QUARTET"},"content":{"rendered":"<div data-elementor-type=\"wp-page\" data-elementor-id=\"7613\" class=\"elementor elementor-7613\" data-elementor-post-type=\"page\">\n\t\t\t\t\t\t<section data-section-luminosity=\"dark\" data-lqd-section-scroll=\"true\" class=\"elementor-section elementor-top-section elementor-element elementor-element-4ef52421 elementor-section-height-min-height elementor-section-items-bottom elementor-section-boxed elementor-section-height-default elementor-invisible\" data-id=\"4ef52421\" data-element_type=\"section\" data-settings=\"{&quot;background_background&quot;:&quot;classic&quot;,&quot;animation&quot;:&quot;fadeIn&quot;}\">\n\t\t\t\t\t\t\t<div class=\"elementor-background-overlay\"><\/div>\n\t\t\t\t\t\t\t<div class=\"elementor-container elementor-column-gap-default\">\n\t\t\t\t\t<div class=\"elementor-column elementor-col-100 elementor-top-column elementor-element elementor-element-1905742d\" data-id=\"1905742d\" data-element_type=\"column\">\n\t\t\t<div class=\"elementor-widget-wrap elementor-element-populated\">\n\t\t\t\t\t\t<div class=\"elementor-element elementor-element-42d1bb97 elementor-widget elementor-widget-spacer\" data-id=\"42d1bb97\" data-element_type=\"widget\" data-widget_type=\"spacer.default\">\n\t\t\t\t<div class=\"elementor-widget-container\">\n\t\t\t\t\t\t\t<div class=\"elementor-spacer\">\n\t\t\t<div class=\"elementor-spacer-inner\"><\/div>\n\t\t<\/div>\n\t\t\t\t\t\t<\/div>\n\t\t\t\t<\/div>\n\t\t\t\t<div class=\"elementor-element elementor-element-537dd759 elementor-widget elementor-widget-hub_fancy_heading lqd-el-has-inner-anim\" data-id=\"537dd759\" data-element_type=\"widget\" data-settings=\"{&quot;enable_split&quot;:&quot;true&quot;,&quot;split_type&quot;:&quot;chars, words&quot;}\" data-widget_type=\"hub_fancy_heading.default\">\n\t\t\t\t<div class=\"elementor-widget-container\">\n\t\t\t\t\t\n\t\t<div id=\"ld-fancy-heading-69e9092bd3b4d\" class=\"ld-fancy-heading pos-rel\">\n\t\t\t<h1 class=\"ld-fh-element d-inline-block pos-rel  elementor-heading-title lqd-highlight-classic lqd-highlight-grow-left lqd-split-chars h1\"  data-split-text=\"true\" data-split-options='{\"type\":\"chars, words\"}'> YURI HONING ACOUSTIC QUARTET<\/h1>\t\t<\/div>\n\n\t\t\t\t\t\t<\/div>\n\t\t\t\t<\/div>\n\t\t\t\t<section class=\"elementor-section elementor-inner-section elementor-element elementor-element-5103b4c9 elementor-section-boxed elementor-section-height-default elementor-section-height-default\" data-id=\"5103b4c9\" data-element_type=\"section\">\n\t\t\t\t\t\t\t<div class=\"elementor-background-overlay\"><\/div>\n\t\t\t\t\t\t\t<div class=\"elementor-container elementor-column-gap-default\">\n\t\t\t\t\t<div class=\"elementor-column elementor-col-33 elementor-inner-column elementor-element elementor-element-4a86d86d\" data-id=\"4a86d86d\" data-element_type=\"column\">\n\t\t\t<div class=\"elementor-widget-wrap elementor-element-populated\">\n\t\t\t\t\t\t<div class=\"elementor-element elementor-element-58a768d1 elementor-widget elementor-widget-hub_fancy_heading\" data-id=\"58a768d1\" data-element_type=\"widget\" data-widget_type=\"hub_fancy_heading.default\">\n\t\t\t\t<div class=\"elementor-widget-container\">\n\t\t\t\t\t\n\t\t<div id=\"ld-fancy-heading-69e9092bd4a6c\" class=\"ld-fancy-heading pos-rel\">\n\t\t\t<h4 class=\"ld-fh-element d-inline-block pos-rel  elementor-heading-title lqd-highlight-classic lqd-highlight-grow-left h4\"  > #garanajazz2016<\/h4>\t\t<\/div>\n\n\t\t\t\t\t\t<\/div>\n\t\t\t\t<\/div>\n\t\t\t\t\t<\/div>\n\t\t<\/div>\n\t\t\t\t<div class=\"elementor-column elementor-col-33 elementor-inner-column elementor-element elementor-element-74d64731\" data-id=\"74d64731\" data-element_type=\"column\">\n\t\t\t<div class=\"elementor-widget-wrap elementor-element-populated\">\n\t\t\t\t\t\t<div class=\"elementor-element elementor-element-664ab240 elementor-widget elementor-widget-hub_fancy_heading\" data-id=\"664ab240\" data-element_type=\"widget\" data-widget_type=\"hub_fancy_heading.default\">\n\t\t\t\t<div class=\"elementor-widget-container\">\n\t\t\t\t\t\n\t\t<div id=\"ld-fancy-heading-69e9092bd53b9\" class=\"ld-fancy-heading pos-rel\">\n\t\t\t<p class=\"ld-fh-element d-inline-block pos-rel  lqd-highlight-classic lqd-highlight-grow-left p\"  > Main Stage, Poiana Lupului, G\u0103r\u00e2na<\/p>\t\t<\/div>\n\n\t\t\t\t\t\t<\/div>\n\t\t\t\t<\/div>\n\t\t\t\t\t<\/div>\n\t\t<\/div>\n\t\t\t\t<div class=\"elementor-column elementor-col-33 elementor-inner-column elementor-element elementor-element-840391b\" data-id=\"840391b\" data-element_type=\"column\">\n\t\t\t<div class=\"elementor-widget-wrap elementor-element-populated\">\n\t\t\t\t\t\t<div class=\"elementor-element elementor-element-1777c35d elementor-align-right elementor-tablet-align-left elementor-widget elementor-widget-ld_button\" data-id=\"1777c35d\" data-element_type=\"widget\" data-widget_type=\"ld_button.default\">\n\t\t\t\t<div class=\"elementor-widget-container\">\n\t\t\t\t\t\n\t\t\t<a\n\t\t\t\thref=\"#asculta\"class=\"elementor-button btn btn-solid btn-icon-right btn-hover-reveal btn-has-label\"\t\t\t>\n\t\t\t\t\t\t\t\t\t<span data-text=\"Ascult\u0103\" class=\"btn-txt\">\n\t\t\t\t\t\tListen\t\t\t\t\t<\/span>\n\t\t\t\t\t\t\t\t\t\t\t\t\t\t<span class=\"btn-icon\">\n\t\t\t\t\t\t\t<i aria-hidden=\"true\" class=\"lqd-icn-ess icon-md-arrow-forward\"><\/i>\t\t\t\t\t\t<\/span>\n\t\t\t\t\t\t\t\t\t<\/a>\n\t\t\t\t\t\t\t<\/div>\n\t\t\t\t<\/div>\n\t\t\t\t\t<\/div>\n\t\t<\/div>\n\t\t\t\t\t<\/div>\n\t\t<\/section>\n\t\t\t\t\t<\/div>\n\t\t<\/div>\n\t\t\t\t\t<\/div>\n\t\t<\/section>\n\t\t\t\t<section data-section-luminosity=\"dark\" data-lqd-custom-cursor=\"true\" class=\"elementor-section elementor-top-section elementor-element elementor-element-42a70c1e elementor-section-height-min-height elementor-section-items-stretch elementor-section-content-middle elementor-section-boxed elementor-section-height-default\" data-id=\"42a70c1e\" data-element_type=\"section\" data-settings=\"{&quot;background_background&quot;:&quot;classic&quot;}\">\n\t\t\t\t\t\t<div class=\"elementor-container elementor-column-gap-no\">\n\t\t\t\t\t<div data-custom-animations=\"true\" data-ca-options=\"{&quot;addChildTimelines&quot;:false,&quot;trigger&quot;:&quot;firstChild&quot;,&quot;animationTarget&quot;:&quot;:scope &gt; .elementor-widget-wrap &gt; .elementor-element &gt; .elementor-widget-container, :scope &gt; .elementor-widget-wrap &gt; .elementor-section &gt; .elementor-container &gt; .elementor-column &gt; .elementor-widget-wrap &gt; .elementor-element:not(.lqd-el-has-inner-anim) &gt; .elementor-widget-container, :scope &gt; .elementor-widget-wrap &gt; .elementor-widget-hub_fancy_heading .lqd-split-lines .lqd-lines .split-inner, :scope &gt; .elementor-widget-wrap &gt; .elementor-widget-hub_fancy_heading .lqd-split-words .lqd-words .split-inner, :scope &gt; .elementor-widget-wrap &gt; .elementor-widget-hub_fancy_heading .lqd-split-chars .lqd-chars .split-inner, :scope &gt; .elementor-widget-wrap &gt; .elementor-widget-ld_custom_menu .lqd-fancy-menu &gt; ul &gt; li&quot;,&quot;startDelay&quot;:800,&quot;ease&quot;:[&quot;power4.out&quot;],&quot;initValues&quot;:{&quot;y&quot;:&quot;25px&quot;,&quot;opacity&quot;:0,&quot;transformOrigin&quot;:&quot;50% 50% 0px&quot;},&quot;animations&quot;:{&quot;y&quot;:&quot;0px&quot;,&quot;opacity&quot;:1,&quot;transformOrigin&quot;:&quot;50% 50% 0px&quot;}}\" class=\"elementor-column elementor-col-100 elementor-top-column elementor-element elementor-element-ebf5f76\" data-id=\"ebf5f76\" data-element_type=\"column\">\n\t\t\t<div class=\"elementor-widget-wrap elementor-element-populated\">\n\t\t\t\t\t\t<section class=\"elementor-section elementor-inner-section elementor-element elementor-element-59cba9f6 elementor-section-boxed elementor-section-height-default elementor-section-height-default\" data-id=\"59cba9f6\" data-element_type=\"section\">\n\t\t\t\t\t\t<div class=\"elementor-container elementor-column-gap-default\">\n\t\t\t\t\t<div class=\"elementor-column elementor-col-100 elementor-inner-column elementor-element elementor-element-2f17a8df\" data-id=\"2f17a8df\" data-element_type=\"column\">\n\t\t\t<div class=\"elementor-widget-wrap elementor-element-populated\">\n\t\t\t\t\t\t<div data-custom-animations=\"true\" data-ca-options=\"{&quot;addChildTimelines&quot;:false,&quot;trigger&quot;:&quot;firstChild&quot;,&quot;animationTarget&quot;:&quot;.lqd-split-lines .lqd-lines .split-inner, .lqd-adv-txt-fig&quot;,&quot;duration&quot;:1200,&quot;startDelay&quot;:100,&quot;delay&quot;:40,&quot;ease&quot;:&quot;bounce.in&quot;,&quot;direction&quot;:&quot;random&quot;,&quot;initValues&quot;:{&quot;opacity&quot;:0,&quot;transformOrigin&quot;:&quot;50% 50% 0px&quot;},&quot;animations&quot;:{&quot;opacity&quot;:1,&quot;transformOrigin&quot;:&quot;50% 50% 0px&quot;}}\" class=\"elementor-element elementor-element-6e8f676f elementor-widget elementor-widget-hub_fancy_heading lqd-el-has-inner-anim\" data-id=\"6e8f676f\" data-element_type=\"widget\" data-settings=\"{&quot;enable_split&quot;:&quot;true&quot;,&quot;split_type&quot;:&quot;lines&quot;}\" data-widget_type=\"hub_fancy_heading.default\">\n\t\t\t\t<div class=\"elementor-widget-container\">\n\t\t\t\t\t\n\t\t<div id=\"ld-fancy-heading-69e9092bd8c9a\" class=\"ld-fancy-heading pos-rel\">\n\t\t\t<p class=\"ld-fh-element d-inline-block pos-rel  lqd-highlight-classic lqd-highlight-grow-left lqd-split-lines p\"  data-split-text=\"true\" data-split-options='{\"type\":\"lines\"}'> Yuri Honing \u2013 tenor saxophone<br>\r\n\r\nWolfert Brederode \u2013 piano<br>\r\n\r\nGulli Gu\u00f0mundsson \u2013 bass<br>\r\n\r\nJoost Lijbaart \u2013 drums<br>\r\n\r\n \r\n<br><br>\r\nYuri Honing este unul dintre cei mai remarcabili saxofoni\u0219ti de jazz olandezi ai genera\u021biei sale. Deschis oric\u0103rei surse de inspira\u021bie, fie c\u0103 este din muzica pop, rock sau folclor, \u0219i nesupus conven\u021biilor limitative, Yuri Honing se dovede\u0219te un spirit creator av\u00e2nd puterea de a emo\u021biona publicul de fiecare dat\u0103 c\u00e2nd urc\u0103 pe scen\u0103.\r\n\r\nCu quartetul s\u0103u, Yuri Honing Acoustic Quartet, a lansat anul trecut Desire, un album ce reflect\u0103 opt expresii emo\u021bionale ale dorin\u021bei \u0219i care \u00eei poart\u0103 pe ascult\u0103torii deschi\u0219i la inim\u0103 \u0219i minte \u00eentr-un univers interior sensibil \u0219i, \u00een acela\u0219i timp, accesibil. Quartetul adun\u0103 laolalt\u0103 muzicieni de excep\u021bie: pe pianistul Wolfert Brederode, pe basistul Gulli Gu\u00f0mundsson \u0219i pe bateristul cu care Honing colaboreaz\u0103 de peste 25 de ani, Joost Lijbaart.\r\n\r\n <br><br>\r\n\r\nYuri Honing (n. 1965, Olanda) declara \u00eentr-un interviu din Jazz Times: \u201c\u00eencerc s\u0103 dezvolt un limbaj doar al meu, bazat \u00een mare m\u0103sur\u0103 pe jazz, un limbaj pe care-l doresc s\u0103 se ridice cumva deasupra diferen\u021belor de stil \u0219i s\u0103 aib\u0103 puterea de a \u00eembog\u0103\u021bi \u0219i inspira pe oricine, indiferent c\u00e2t de mult \u0219tie despre muzic\u0103\u201d. \u00cen 1989 \u00eenfiin\u021beaz\u0103 Yuri Honing Trio, av\u00e2ndu-i pe Joost Lijbaart la baterie \u0219i pe Tony Overwater la bas. Primul album, Star Tracks (1996), devine un hit \u00een Olanda, Germania \u0219i U.K.. Maniera liber\u0103 \u0219i extrem de creativ\u0103 \u00een care au improvizat pornind de la piese pop celebre (Abba, Police), o vor p\u0103stra \u0219i pentru al doilea album, Sequel. \u00cen 2001 Honing se \u00eent\u00e2lne\u0219te cu Paul Bley \u0219i, \u00eempreun\u0103 cu Gary Peacock la bas \u0219i Paul Motian la baterie, vor \u00eenregistra un album de improviza\u021bie cu totul special \u2013 Seven. Tot \u00een anii 2000 p\u0103\u0219e\u0219te pe teritoriul muzicii clasice, de aici rezult\u00e2nd proiecte ca Memory Lane sau Winterreise. Wired Paradise este un proiect electric de succes al muzicianului, cu care sus\u021bine concerte pe scenele europene de jazz. \u00cen 2009 pune bazele Yuri Honing Acoustic Quartet, av\u00e2ndu-i ca membri de baz\u0103 pe Wolfert Brederode la pian \u0219i pe Joost Lijbaart la baterie \u0219i cu care lanseaz\u0103 dou\u0103 albume \u2013 True \u0219i Desire.\r\n\r\n <br><br>\r\n\r\nWolfert Brederode (n.1974, Olanda), pianist \u0219i compozitor, a debutat pe scena muzical\u0103 olandez\u0103 \u00een 1996 cu quintetul propriu \u0219i c\u00e2ntat cu trupe de notorietate ca Nimbus, Susanne Abbuehl Group, Yuri Honing Acoustic Quartet. Cu quartetul propriu (av\u00e2ndu-i pe Claudio Puntin la clarinet, Mats Eilertsen la contrabas \u0219i pe Samuel Rohrer la tobe) va \u00eenregistra dou\u0103 albume la ECM Records. Rafinamentul, preocuparea pentru armonie, deschiderea c\u0103tre diferite stiluri muzicale \u0219i c\u0103tre noi orizonturi interpretative sunt caracteristicile principale ale muzicii sale. \u00cen 2014 a ini\u021biat un trio cu Gulli Gu\u00f0mundsson la contrabas \u0219i Jasper van Hulten la tobe. Primul lor album a ap\u0103rut anul acesta la ECM Records \u0219i se nume\u0219te Black Ice. A mai colaborat cu David Liebman, Arve Henriksen, Mark Feldman,Tore Brunborg, Rachel Gould, Wolfgang Puschnig, Ronan Guilfoyle, Michel Portal, Per Oddvar Johansen, Olavi Louhivuori, Oene van Geel, Bram Stadhouders, Jarle Vespestad, Amsterdam Sinfonietta.\r\n<br><br>\r\n \r\n\r\nGulli Gu\u00f0mundsson (n. 1971, Islanda) este un contrabasist islandez ce s-a stabilit \u00een Olanda, acolo unde a \u0219i studiat, la Conservatorul Regal din Haga. Pentru virtuozitatea sa \u0219i sunetul distinctiv a fost solicitat de numero\u0219i muzicieni pentru a colabora. A c\u00e2ntat cu Kappe Quartet, Carlos Denia, Joel Palsson Quintet, Paivi Turpainen \u0219i Eric Vloeiman Quintet. Binary Orchid este un proiect \u00een care interpreteaz\u0103 compozi\u021bii proprii sau improvizeaz\u0103 liber, al\u0103turi de muzicieni invita\u021bi. Primul album Binary Orchid a ap\u0103rut \u00een 2003 \u2013 One Hand (cu Jozef Dumoulin, la Rhodes \u0219i pian, \u0219i cu Lieven Venken la percu\u021bie), iar al doilea, Radioactivity, cu Arve Henriksen la trompet\u0103 \u0219i Wolfert Brederode la pian, \u00een 2008.\r\n\r\n <br><br>\r\n\r\nJoost Lijbaart (n. 1967, Olanda) este un versatil percu\u021bionist ce utilizeaz\u0103 diferite influen\u021be \u00een muzica sa. Dup\u0103 studii clasice de percu\u021bie, a urmat Conservatorul din Hilversum, absolvindu-l \u00een 1991. A c\u0103l\u0103torit \u00een Senegal pentru a lua lec\u021bii de percu\u021bie african\u0103 cu legendarul Doudou N\u2019Diaye Rose. Pe l\u00e2ng\u0103 jazz, pop \u0219i muzic\u0103 improvizat\u0103, este activ \u0219i \u00een sfera muzicii clasice contemporane. \u00cen 1989 se al\u0103tur\u0103 lui Yuri Honing \u00een trio-ul acestuia, colaborare ce dureaz\u0103 \u0219i \u00een prezent, nu doar \u00een aceast\u0103 formul\u0103, ci \u0219i \u00een Wired Paradise \u0219i Yuri Honing Acoustic Quartet. \u00cen timpul unui turneu \u00een Orientul Mijlociu, \u00een 1998, \u00eent\u00e2lnirea cu muzica arab\u0103 \u00eei determin\u0103 pe membrii trio-ului Honing s\u0103 \u00eenfiin\u021beze grupul Orient Express, av\u00e2ndu-i ca parteneri pe vocalistul libanez Rima Kheich \u0219i pe muzicienii irakieni Basem Havar, la djose, \u0219i Latif al Obaidi la ud, darbuka \u0219i riq. Cu acest grup vor concerta at\u00e2t \u00een Orientul Mijlociu, c\u00e2t \u0219i \u00een Olanda. Este profesor al Conservatorului de Muzic\u0103 din Amsterdam.\r\n\r\n <br><br>\r\n\r\nDISCOGRAFIE RECOMANDAT\u0102:<br>\r\n\r\nDesire (2015, Challenge Records);\r\n<br>\r\nAlive (2012, Jazz In Motion);<br>\r\n\r\nTrue (2012, Jazz in Motion);<br>\r\n\r\nSeven (2001, Jazz In Motion).<\/p>\t\t<\/div>\n\n\t\t\t\t\t\t<\/div>\n\t\t\t\t<\/div>\n\t\t\t\t\t<\/div>\n\t\t<\/div>\n\t\t\t\t\t<\/div>\n\t\t<\/section>\n\t\t\t\t<div class=\"elementor-element elementor-element-75436775 elementor-widget-divider--view-line elementor-widget elementor-widget-divider\" data-id=\"75436775\" data-element_type=\"widget\" data-widget_type=\"divider.default\">\n\t\t\t\t<div class=\"elementor-widget-container\">\n\t\t\t\t\t\t\t<div class=\"elementor-divider\">\n\t\t\t<span class=\"elementor-divider-separator\">\n\t\t\t\t\t\t<\/span>\n\t\t<\/div>\n\t\t\t\t\t\t<\/div>\n\t\t\t\t<\/div>\n\t\t\t\t<section class=\"elementor-section elementor-inner-section elementor-element elementor-element-668f8b08 elementor-section-boxed elementor-section-height-default elementor-section-height-default\" data-id=\"668f8b08\" data-element_type=\"section\" id=\"asculta\">\n\t\t\t\t\t\t<div class=\"elementor-container elementor-column-gap-default\">\n\t\t\t\t\t<div class=\"elementor-column elementor-col-50 elementor-inner-column elementor-element elementor-element-6981de5\" data-id=\"6981de5\" data-element_type=\"column\">\n\t\t\t<div class=\"elementor-widget-wrap elementor-element-populated\">\n\t\t\t\t\t\t<div class=\"elementor-element elementor-element-5b1f9ea1 elementor-widget elementor-widget-html\" data-id=\"5b1f9ea1\" data-element_type=\"widget\" data-widget_type=\"html.default\">\n\t\t\t\t<div class=\"elementor-widget-container\">\n\t\t\t\t\t<iframe style=\"border-radius:12px\" src=\"https:\/\/open.spotify.com\/embed\/artist\/3VW60tUry7TYVC2BibfgIN?utm_source=generator\" width=\"100%\" height=\"352\" frameborder=\"0\" allowfullscreen=\"\" allow=\"autoplay; clipboard-write; encrypted-media; fullscreen; picture-in-picture\" loading=\"lazy\"><\/iframe>\t\t\t\t<\/div>\n\t\t\t\t<\/div>\n\t\t\t\t\t<\/div>\n\t\t<\/div>\n\t\t\t\t<div class=\"elementor-column elementor-col-50 elementor-inner-column elementor-element elementor-element-4c857366\" data-id=\"4c857366\" data-element_type=\"column\">\n\t\t\t<div class=\"elementor-widget-wrap elementor-element-populated\">\n\t\t\t\t\t\t<div class=\"elementor-element elementor-element-7fd3a409 elementor-widget elementor-widget-video\" data-id=\"7fd3a409\" data-element_type=\"widget\" data-settings=\"{&quot;youtube_url&quot;:&quot;https:\\\/\\\/www.youtube.com\\\/watch?v=ndellYpskYA&amp;pp=ygUoWVVSSSBIT05JTkcgQUNPVVNUSUMgUVVBUlRFVCBnYXJhbmEgamF6eg%3D%3D&quot;,&quot;video_type&quot;:&quot;youtube&quot;,&quot;controls&quot;:&quot;yes&quot;}\" data-widget_type=\"video.default\">\n\t\t\t\t<div class=\"elementor-widget-container\">\n\t\t\t\t\t\t\t<div class=\"elementor-wrapper elementor-open-inline\">\n\t\t\t<div class=\"elementor-video\"><\/div>\t\t<\/div>\n\t\t\t\t\t\t<\/div>\n\t\t\t\t<\/div>\n\t\t\t\t\t<\/div>\n\t\t<\/div>\n\t\t\t\t\t<\/div>\n\t\t<\/section>\n\t\t\t\t\t<\/div>\n\t\t<\/div>\n\t\t\t\t\t<\/div>\n\t\t<\/section>\n\t\t\t\t<\/div>","protected":false},"excerpt":{"rendered":"<p>Listen<\/p>","protected":false},"author":3,"featured_media":7338,"parent":7312,"menu_order":0,"comment_status":"closed","ping_status":"closed","template":"","meta":{"footnotes":""},"class_list":["post-7613","page","type-page","status-publish","has-post-thumbnail","hentry"],"_links":{"self":[{"href":"https:\/\/garana-jazz.ro\/en\/wp-json\/wp\/v2\/pages\/7613","targetHints":{"allow":["GET"]}}],"collection":[{"href":"https:\/\/garana-jazz.ro\/en\/wp-json\/wp\/v2\/pages"}],"about":[{"href":"https:\/\/garana-jazz.ro\/en\/wp-json\/wp\/v2\/types\/page"}],"author":[{"embeddable":true,"href":"https:\/\/garana-jazz.ro\/en\/wp-json\/wp\/v2\/users\/3"}],"replies":[{"embeddable":true,"href":"https:\/\/garana-jazz.ro\/en\/wp-json\/wp\/v2\/comments?post=7613"}],"version-history":[{"count":0,"href":"https:\/\/garana-jazz.ro\/en\/wp-json\/wp\/v2\/pages\/7613\/revisions"}],"up":[{"embeddable":true,"href":"https:\/\/garana-jazz.ro\/en\/wp-json\/wp\/v2\/pages\/7312"}],"wp:featuredmedia":[{"embeddable":true,"href":"https:\/\/garana-jazz.ro\/en\/wp-json\/wp\/v2\/media\/7338"}],"wp:attachment":[{"href":"https:\/\/garana-jazz.ro\/en\/wp-json\/wp\/v2\/media?parent=7613"}],"curies":[{"name":"wp","href":"https:\/\/api.w.org\/{rel}","templated":true}]}}