{"id":9795,"date":"2024-07-07T12:55:56","date_gmt":"2024-07-07T09:55:56","guid":{"rendered":"https:\/\/garana-jazz.ro\/?page_id=9795"},"modified":"2024-07-07T12:57:39","modified_gmt":"2024-07-07T09:57:39","slug":"poetry-jazz-suite","status":"publish","type":"page","link":"https:\/\/garana-jazz.ro\/en\/gjf-2024\/poetry-jazz-suite\/","title":{"rendered":"Poetry Jazz Suite"},"content":{"rendered":"<div data-elementor-type=\"wp-page\" data-elementor-id=\"9795\" class=\"elementor elementor-9795\" data-elementor-post-type=\"page\">\n\t\t\t\t\t\t<section data-section-luminosity=\"dark\" data-lqd-section-scroll=\"true\" class=\"elementor-section elementor-top-section elementor-element elementor-element-1055960d elementor-section-height-min-height elementor-section-items-bottom elementor-section-boxed elementor-section-height-default elementor-invisible\" data-id=\"1055960d\" data-element_type=\"section\" data-settings=\"{&quot;background_background&quot;:&quot;classic&quot;,&quot;animation&quot;:&quot;fadeIn&quot;}\">\n\t\t\t\t\t\t\t<div class=\"elementor-background-overlay\"><\/div>\n\t\t\t\t\t\t\t<div class=\"elementor-container elementor-column-gap-default\">\n\t\t\t\t\t<div class=\"elementor-column elementor-col-100 elementor-top-column elementor-element elementor-element-5fec3625\" data-id=\"5fec3625\" data-element_type=\"column\">\n\t\t\t<div class=\"elementor-widget-wrap elementor-element-populated\">\n\t\t\t\t\t\t<div class=\"elementor-element elementor-element-944cd06 elementor-widget elementor-widget-spacer\" data-id=\"944cd06\" data-element_type=\"widget\" data-widget_type=\"spacer.default\">\n\t\t\t\t<div class=\"elementor-widget-container\">\n\t\t\t\t\t\t\t<div class=\"elementor-spacer\">\n\t\t\t<div class=\"elementor-spacer-inner\"><\/div>\n\t\t<\/div>\n\t\t\t\t\t\t<\/div>\n\t\t\t\t<\/div>\n\t\t\t\t<div class=\"elementor-element elementor-element-2e751e01 elementor-widget elementor-widget-hub_fancy_heading lqd-el-has-inner-anim\" data-id=\"2e751e01\" data-element_type=\"widget\" data-settings=\"{&quot;enable_split&quot;:&quot;true&quot;,&quot;split_type&quot;:&quot;chars, words&quot;}\" data-widget_type=\"hub_fancy_heading.default\">\n\t\t\t\t<div class=\"elementor-widget-container\">\n\t\t\t\t\t\n\t\t<div id=\"ld-fancy-heading-69e8b40057a1c\" class=\"ld-fancy-heading pos-rel\">\n\t\t\t<h1 class=\"ld-fh-element d-inline-block pos-rel  elementor-heading-title lqd-highlight-classic lqd-highlight-grow-left lqd-split-chars h1\"  data-split-text=\"true\" data-split-options='{\"type\":\"chars, words\"}'> Poetry Jazz Suite<\/h1>\t\t<\/div>\n\n\t\t\t\t\t\t<\/div>\n\t\t\t\t<\/div>\n\t\t\t\t<section class=\"elementor-section elementor-inner-section elementor-element elementor-element-746b4891 elementor-section-boxed elementor-section-height-default elementor-section-height-default\" data-id=\"746b4891\" data-element_type=\"section\">\n\t\t\t\t\t\t\t<div class=\"elementor-background-overlay\"><\/div>\n\t\t\t\t\t\t\t<div class=\"elementor-container elementor-column-gap-default\">\n\t\t\t\t\t<div class=\"elementor-column elementor-col-33 elementor-inner-column elementor-element elementor-element-7e9c3c1\" data-id=\"7e9c3c1\" data-element_type=\"column\">\n\t\t\t<div class=\"elementor-widget-wrap elementor-element-populated\">\n\t\t\t\t\t\t<div class=\"elementor-element elementor-element-6976728a elementor-widget elementor-widget-hub_fancy_heading\" data-id=\"6976728a\" data-element_type=\"widget\" data-widget_type=\"hub_fancy_heading.default\">\n\t\t\t\t<div class=\"elementor-widget-container\">\n\t\t\t\t\t\n\t\t<div id=\"ld-fancy-heading-69e8b40057e8a\" class=\"ld-fancy-heading pos-rel\">\n\t\t\t<h4 class=\"ld-fh-element d-inline-block pos-rel  elementor-heading-title lqd-highlight-classic lqd-highlight-grow-left h4\"  > Saturday, July 13<\/h4>\t\t<\/div>\n\n\t\t\t\t\t\t<\/div>\n\t\t\t\t<\/div>\n\t\t\t\t\t<\/div>\n\t\t<\/div>\n\t\t\t\t<div class=\"elementor-column elementor-col-33 elementor-inner-column elementor-element elementor-element-226e0570\" data-id=\"226e0570\" data-element_type=\"column\">\n\t\t\t<div class=\"elementor-widget-wrap elementor-element-populated\">\n\t\t\t\t\t\t<div class=\"elementor-element elementor-element-4a8c2b35 elementor-widget elementor-widget-hub_fancy_heading\" data-id=\"4a8c2b35\" data-element_type=\"widget\" data-widget_type=\"hub_fancy_heading.default\">\n\t\t\t\t<div class=\"elementor-widget-container\">\n\t\t\t\t\t\n\t\t<div id=\"ld-fancy-heading-69e8b400581a3\" class=\"ld-fancy-heading pos-rel\">\n\t\t\t<p class=\"ld-fh-element d-inline-block pos-rel  lqd-highlight-classic lqd-highlight-grow-left p\"  > V\u0103liug Church<\/p>\t\t<\/div>\n\n\t\t\t\t\t\t<\/div>\n\t\t\t\t<\/div>\n\t\t\t\t\t<\/div>\n\t\t<\/div>\n\t\t\t\t<div class=\"elementor-column elementor-col-33 elementor-inner-column elementor-element elementor-element-7ee78191\" data-id=\"7ee78191\" data-element_type=\"column\">\n\t\t\t<div class=\"elementor-widget-wrap elementor-element-populated\">\n\t\t\t\t\t\t<div class=\"elementor-element elementor-element-313ac9a1 elementor-align-right elementor-tablet-align-left elementor-widget elementor-widget-ld_button\" data-id=\"313ac9a1\" data-element_type=\"widget\" data-widget_type=\"ld_button.default\">\n\t\t\t\t<div class=\"elementor-widget-container\">\n\t\t\t\t\t\n\t\t\t<a\n\t\t\t\thref=\"#asculta\"class=\"elementor-button btn btn-solid btn-icon-right btn-hover-reveal btn-has-label\"\t\t\t>\n\t\t\t\t\t\t\t\t\t<span data-text=\"Ascult\u0103\" class=\"btn-txt\">\n\t\t\t\t\t\tListen\t\t\t\t\t<\/span>\n\t\t\t\t\t\t\t\t\t\t\t\t\t\t<span class=\"btn-icon\">\n\t\t\t\t\t\t\t<i aria-hidden=\"true\" class=\"lqd-icn-ess icon-md-arrow-forward\"><\/i>\t\t\t\t\t\t<\/span>\n\t\t\t\t\t\t\t\t\t<\/a>\n\t\t\t\t\t\t\t<\/div>\n\t\t\t\t<\/div>\n\t\t\t\t\t<\/div>\n\t\t<\/div>\n\t\t\t\t\t<\/div>\n\t\t<\/section>\n\t\t\t\t\t<\/div>\n\t\t<\/div>\n\t\t\t\t\t<\/div>\n\t\t<\/section>\n\t\t\t\t<section data-section-luminosity=\"dark\" data-lqd-custom-cursor=\"true\" class=\"elementor-section elementor-top-section elementor-element elementor-element-25264152 elementor-section-height-min-height elementor-section-items-stretch elementor-section-content-middle elementor-section-boxed elementor-section-height-default\" data-id=\"25264152\" data-element_type=\"section\" data-settings=\"{&quot;background_background&quot;:&quot;classic&quot;}\">\n\t\t\t\t\t\t<div class=\"elementor-container elementor-column-gap-no\">\n\t\t\t\t\t<div data-custom-animations=\"true\" data-ca-options=\"{&quot;addChildTimelines&quot;:false,&quot;trigger&quot;:&quot;firstChild&quot;,&quot;animationTarget&quot;:&quot;:scope &gt; .elementor-widget-wrap &gt; .elementor-element &gt; .elementor-widget-container, :scope &gt; .elementor-widget-wrap &gt; .elementor-section &gt; .elementor-container &gt; .elementor-column &gt; .elementor-widget-wrap &gt; .elementor-element:not(.lqd-el-has-inner-anim) &gt; .elementor-widget-container, :scope &gt; .elementor-widget-wrap &gt; .elementor-widget-hub_fancy_heading .lqd-split-lines .lqd-lines .split-inner, :scope &gt; .elementor-widget-wrap &gt; .elementor-widget-hub_fancy_heading .lqd-split-words .lqd-words .split-inner, :scope &gt; .elementor-widget-wrap &gt; .elementor-widget-hub_fancy_heading .lqd-split-chars .lqd-chars .split-inner, :scope &gt; .elementor-widget-wrap &gt; .elementor-widget-ld_custom_menu .lqd-fancy-menu &gt; ul &gt; li&quot;,&quot;startDelay&quot;:800,&quot;ease&quot;:[&quot;power4.out&quot;],&quot;initValues&quot;:{&quot;y&quot;:&quot;25px&quot;,&quot;opacity&quot;:0,&quot;transformOrigin&quot;:&quot;50% 50% 0px&quot;},&quot;animations&quot;:{&quot;y&quot;:&quot;0px&quot;,&quot;opacity&quot;:1,&quot;transformOrigin&quot;:&quot;50% 50% 0px&quot;}}\" class=\"elementor-column elementor-col-100 elementor-top-column elementor-element elementor-element-1c7093f6\" data-id=\"1c7093f6\" data-element_type=\"column\">\n\t\t\t<div class=\"elementor-widget-wrap elementor-element-populated\">\n\t\t\t\t\t\t<section class=\"elementor-section elementor-inner-section elementor-element elementor-element-17222311 elementor-section-boxed elementor-section-height-default elementor-section-height-default\" data-id=\"17222311\" data-element_type=\"section\">\n\t\t\t\t\t\t<div class=\"elementor-container elementor-column-gap-default\">\n\t\t\t\t\t<div class=\"elementor-column elementor-col-100 elementor-inner-column elementor-element elementor-element-54ce33da\" data-id=\"54ce33da\" data-element_type=\"column\">\n\t\t\t<div class=\"elementor-widget-wrap elementor-element-populated\">\n\t\t\t\t\t\t<div data-custom-animations=\"true\" data-ca-options=\"{&quot;addChildTimelines&quot;:false,&quot;trigger&quot;:&quot;firstChild&quot;,&quot;animationTarget&quot;:&quot;.lqd-split-lines .lqd-lines .split-inner, .lqd-adv-txt-fig&quot;,&quot;duration&quot;:1200,&quot;startDelay&quot;:100,&quot;delay&quot;:40,&quot;ease&quot;:&quot;bounce.in&quot;,&quot;direction&quot;:&quot;random&quot;,&quot;initValues&quot;:{&quot;opacity&quot;:0,&quot;transformOrigin&quot;:&quot;50% 50% 0px&quot;},&quot;animations&quot;:{&quot;opacity&quot;:1,&quot;transformOrigin&quot;:&quot;50% 50% 0px&quot;}}\" class=\"elementor-element elementor-element-2bd413c9 elementor-widget elementor-widget-hub_fancy_heading lqd-el-has-inner-anim\" data-id=\"2bd413c9\" data-element_type=\"widget\" data-settings=\"{&quot;enable_split&quot;:&quot;true&quot;,&quot;split_type&quot;:&quot;lines&quot;}\" data-widget_type=\"hub_fancy_heading.default\">\n\t\t\t\t<div class=\"elementor-widget-container\">\n\t\t\t\t\t\n\t\t<div id=\"ld-fancy-heading-69e8b4005b52d\" class=\"ld-fancy-heading pos-rel\">\n\t\t\t<p class=\"ld-fh-element d-inline-block pos-rel  lqd-highlight-classic lqd-highlight-grow-left lqd-split-lines p\"  data-split-text=\"true\" data-split-options='{\"type\":\"lines\"}'> \ud835\udc0f\ud835\udc28\ud835\udc1e\ud835\udc2d\ud835\udc2b\ud835\udc32 \ud835\udc09\ud835\udc1a\ud835\udc33\ud835\udc33 \ud835\udc12\ud835\udc2e\ud835\udc22\ud835\udc2d\ud835\udc1e - \ud835\udc4e \ud835\udc59\ud835\udc66\ud835\udc5f\ud835\udc56\ud835\udc50 \ud835\udc5c\ud835\udc53 \ud835\udc35\ud835\udc4e\ud835\udc5b\ud835\udc4e\ud835\udc61 \ud835\udc56\ud835\udc5b 8 \ud835\udc5a\ud835\udc62\ud835\udc60\ud835\udc56\ud835\udc50\ud835\udc4e\ud835\udc59 \ud835\udc60\ud835\udc50\ud835\udc52\ud835\udc5b\ud835\udc52\ud835\udc60 is a touring spoken word and improvised music performance making its way through the historic Banat, arriving, now, at the G\u0103r\u00e2na Jazz Festival, at the Catholic Church in V\u0103liug, on July 13, at 1 pm.\n\ud835\udc0f\ud835\udc28\ud835\udc1e\ud835\udc2d\ud835\udc2b\ud835\udc32 \ud835\udc09\ud835\udc1a\ud835\udc33\ud835\udc33 \ud835\udc12\ud835\udc2e\ud835\udc22\ud835\udc2d\ud835\udc1e presents a variety of selections structured in a single lyrical body forming a great poem-organism, unfolding in a succession of thematic scenes designed to reveal the richness of an almost forgotten cultural heritage, highlighting its multiculturality and its particular conceptual diversity (the lyric poetry of various ethnic groups, movements and regional trends such as Aktionsgruppe Banat or Monodersilism).\r\n<br><br>\r\nThe performance is curated by the tandem \"unu unu unu invers invers unu\" (composed of \ud835\udc0b\ud835\udc2e\ud835\udc26\ud835\udc22 \ud835\udc0c\ud835\udc22\ud835\udc21\ud835\udc1a\ud835\udc22 - artist and performer - and \ud835\udc0c\ud835\udc2e\ud835\udc20\ud835\udc2e\ud835\udc2b \ud835\udc06\ud835\udc2b\ud835\udc28\ud835\udc2c\ud835\udc2e - poet and performer) and performed together with jazz musicians: \ud835\udc0b\ud835\udc2e\ud835\udc1c\ud835\udc22\ud835\udc1a\ud835\udc27 \ud835\udc0d\ud835\udc1a\ud835\udc20\ud835\udc32 and \ud835\udc0c\ud835\udc1a\ud835\udc2b\ud835\udc1c\ud835\udc1e\ud835\udc25\ud835\udc25\ud835\udc1e \ud835\udc0f\ud835\udc28\ud835\udc1a\ud835\udc2d\ud835\udc32-\ud835\udc12\ud835\udc28\ud835\udc2e\ud835\udc1a\ud835\udc26\ud835\udc22. \r\n<br><br>\r\nThe event is part of \ud835\udc11\ud835\udc04\ud835\udc15\ud835\udc1e\ud835\udc2b\ud835\udc2c\ud835\udc1e \ud835\udc0f\ud835\udc28\ud835\udc1e\ud835\udc2d\ud835\udc2b\ud835\udc32 \u2013 \ud835\udc0e\ud835\udc14\ud835\udc13 \ud835\udc0b\ud835\udc0e\ud835\udc14\ud835\udc03 \ud835\udc0b\ud835\udc22\ud835\udc1b\ud835\udc1e\ud835\udc2b\ud835\udc2d\ud835\udc32, a project that was launched in 2023 as part of the Timi\u0219oara 2023 - European Capital of Culture Program, traveled to Re\u0219i\u021ba, Timi\u0219oara, with the Banat Semering, on the Anina-Oravi\u021ba Railway, the oldest mountain railway on the current territory of Romania, and returns to V\u0103liug, in Cara\u0219.\r\n<br><br>\r\nThe project is part of the national cultural program \"Timisoara - European Capital of Culture in 2023\" and is funded by the Legacy Timisoara 2023 program, run by the Timisoara City Council Project Centre, with funds allocated from the state budget, through the Ministry of Culture. \r\n<\/p>\t\t<\/div>\n\n\t\t\t\t\t\t<\/div>\n\t\t\t\t<\/div>\n\t\t\t\t\t<\/div>\n\t\t<\/div>\n\t\t\t\t\t<\/div>\n\t\t<\/section>\n\t\t\t\t<div class=\"elementor-element elementor-element-51404769 elementor-widget-divider--view-line elementor-widget elementor-widget-divider\" data-id=\"51404769\" data-element_type=\"widget\" data-widget_type=\"divider.default\">\n\t\t\t\t<div class=\"elementor-widget-container\">\n\t\t\t\t\t\t\t<div class=\"elementor-divider\">\n\t\t\t<span class=\"elementor-divider-separator\">\n\t\t\t\t\t\t<\/span>\n\t\t<\/div>\n\t\t\t\t\t\t<\/div>\n\t\t\t\t<\/div>\n\t\t\t\t<section class=\"elementor-section elementor-inner-section elementor-element elementor-element-2ae387b7 elementor-section-boxed elementor-section-height-default elementor-section-height-default\" data-id=\"2ae387b7\" data-element_type=\"section\" id=\"asculta\">\n\t\t\t\t\t\t<div class=\"elementor-container elementor-column-gap-default\">\n\t\t\t\t\t<div class=\"elementor-column elementor-col-100 elementor-inner-column elementor-element elementor-element-43191593\" data-id=\"43191593\" data-element_type=\"column\">\n\t\t\t<div class=\"elementor-widget-wrap elementor-element-populated\">\n\t\t\t\t\t\t<div class=\"elementor-element elementor-element-6fe2c78d elementor-widget elementor-widget-video\" data-id=\"6fe2c78d\" data-element_type=\"widget\" data-settings=\"{&quot;youtube_url&quot;:&quot;https:\\\/\\\/www.youtube.com\\\/watch?v=dVND1EijWuo&amp;pp=ygUSUG9ldHJ5IEphenogU3VpdGUg&quot;,&quot;yt_privacy&quot;:&quot;yes&quot;,&quot;lazy_load&quot;:&quot;yes&quot;,&quot;video_type&quot;:&quot;youtube&quot;,&quot;controls&quot;:&quot;yes&quot;}\" data-widget_type=\"video.default\">\n\t\t\t\t<div class=\"elementor-widget-container\">\n\t\t\t\t\t\t\t<div class=\"elementor-wrapper elementor-open-inline\">\n\t\t\t<div class=\"elementor-video\"><\/div>\t\t<\/div>\n\t\t\t\t\t\t<\/div>\n\t\t\t\t<\/div>\n\t\t\t\t\t<\/div>\n\t\t<\/div>\n\t\t\t\t\t<\/div>\n\t\t<\/section>\n\t\t\t\t\t<\/div>\n\t\t<\/div>\n\t\t\t\t\t<\/div>\n\t\t<\/section>\n\t\t\t\t<\/div>","protected":false},"excerpt":{"rendered":"<p>Listen<\/p>","protected":false},"author":3,"featured_media":9796,"parent":7857,"menu_order":0,"comment_status":"closed","ping_status":"closed","template":"","meta":{"footnotes":""},"class_list":["post-9795","page","type-page","status-publish","has-post-thumbnail","hentry"],"_links":{"self":[{"href":"https:\/\/garana-jazz.ro\/en\/wp-json\/wp\/v2\/pages\/9795","targetHints":{"allow":["GET"]}}],"collection":[{"href":"https:\/\/garana-jazz.ro\/en\/wp-json\/wp\/v2\/pages"}],"about":[{"href":"https:\/\/garana-jazz.ro\/en\/wp-json\/wp\/v2\/types\/page"}],"author":[{"embeddable":true,"href":"https:\/\/garana-jazz.ro\/en\/wp-json\/wp\/v2\/users\/3"}],"replies":[{"embeddable":true,"href":"https:\/\/garana-jazz.ro\/en\/wp-json\/wp\/v2\/comments?post=9795"}],"version-history":[{"count":7,"href":"https:\/\/garana-jazz.ro\/en\/wp-json\/wp\/v2\/pages\/9795\/revisions"}],"predecessor-version":[{"id":9806,"href":"https:\/\/garana-jazz.ro\/en\/wp-json\/wp\/v2\/pages\/9795\/revisions\/9806"}],"up":[{"embeddable":true,"href":"https:\/\/garana-jazz.ro\/en\/wp-json\/wp\/v2\/pages\/7857"}],"wp:featuredmedia":[{"embeddable":true,"href":"https:\/\/garana-jazz.ro\/en\/wp-json\/wp\/v2\/media\/9796"}],"wp:attachment":[{"href":"https:\/\/garana-jazz.ro\/en\/wp-json\/wp\/v2\/media?parent=9795"}],"curies":[{"name":"wp","href":"https:\/\/api.w.org\/{rel}","templated":true}]}}